{"id":14502,"date":"2024-12-12T15:02:40","date_gmt":"2024-12-12T15:02:40","guid":{"rendered":"https:\/\/pararepublique.com\/?post_type=product&#038;p=14502"},"modified":"2024-12-12T15:16:12","modified_gmt":"2024-12-12T15:16:12","slug":"chicco-gel-de-bain-nat-sensation-200ml","status":"publish","type":"product","link":"https:\/\/pararepublique.com\/index.php\/product\/chicco-gel-de-bain-nat-sensation-200ml\/","title":{"rendered":"CHICCO GEL DE BAIN NAT SENSATION 200ML"},"content":{"rendered":"<div class=\"sc-1uodfit-0 kuyGQf\">\n<div id=\"pd-description-text\" class=\"sc-1eu1dd2-2 gSzeI\" data-testid=\"pd-description-text\">\n<p>La peau des enfants est bien plus sensible et d\u00e9licate que celle des adultes. Il est donc n\u00e9cessaire de lui accorder un soin particulier d\u00e8s le nettoyage. Le produit ChiccoNatural SensationBaby laisse la peau fragile de votre b\u00e9b\u00e9 parfaitement propre sans l\u2019ass\u00e9cher. Il \u00e9limine les impuret\u00e9s du visage et de l\u2019ensemble du corps sans perturber la barri\u00e8re protectrice de la peau. Offrez \u00e0 votre b\u00e9b\u00e9 les meilleurs soins et une sensation de confort absolu lors de sa toilette.<\/p>\n<p><strong>Le produit :<\/strong><\/p>\n<ul>\n<li>laisse une peau douce et hydrat\u00e9e<\/li>\n<li>supprime d\u00e9licatement toutes les impuret\u00e9s<\/li>\n<li>ne pique pas les yeux<\/li>\n<li>n\u2019alt\u00e8re pas la fonction protectrice naturelle de la peau<\/li>\n<li>lave aussi d\u00e9licatement les cheveux de l\u2019enfant<\/li>\n<li>adapt\u00e9 pour un usage quotidien<\/li>\n<li>enveloppe les cheveux d\u2019un agr\u00e9able parfum<\/li>\n<li>facilite le coiffage des cheveux fins<\/li>\n<\/ul>\n<p><strong>Mode d\u2019emploi :<\/strong><br \/>\nAppliquez sur la peau humide et lavez d\u00e9licatement. Rincez ensuite. Appliquez sur les cheveux, faites mousser et rincez abondamment.<\/p>\n<\/div>\n<\/div>\n","protected":false},"excerpt":{"rendered":"<p>La peau des enfants est bien plus sensible et d\u00e9licate que celle des adultes. Il est donc n\u00e9cessaire de lui accorder un soin particulier d\u00e8s le nettoyage. Le produit ChiccoNatural SensationBaby laisse la peau fragile de votre b\u00e9b\u00e9 parfaitement propre sans l\u2019ass\u00e9cher.<\/p>\n","protected":false},"featured_media":14503,"comment_status":"open","ping_status":"closed","template":"","meta":{"inline_featured_image":false,"_monsterinsights_skip_tracking":false,"_monsterinsights_sitenote_active":false,"_monsterinsights_sitenote_note":"","_monsterinsights_sitenote_category":0,"_joinchat":[]},"product_cat":[151],"product_tag":[],"class_list":{"0":"post-14502","1":"product","2":"type-product","3":"status-publish","4":"has-post-thumbnail","6":"product_cat-chicco","8":"first","9":"instock","10":"shipping-taxable","11":"purchasable","12":"product-type-simple","13":"add-to-wishlist-after_add_to_cart"},"aioseo_notices":[],"_links":{"self":[{"href":"https:\/\/pararepublique.com\/index.php\/wp-json\/wp\/v2\/product\/14502","targetHints":{"allow":["GET"]}}],"collection":[{"href":"https:\/\/pararepublique.com\/index.php\/wp-json\/wp\/v2\/product"}],"about":[{"href":"https:\/\/pararepublique.com\/index.php\/wp-json\/wp\/v2\/types\/product"}],"replies":[{"embeddable":true,"href":"https:\/\/pararepublique.com\/index.php\/wp-json\/wp\/v2\/comments?post=14502"}],"version-history":[{"count":1,"href":"https:\/\/pararepublique.com\/index.php\/wp-json\/wp\/v2\/product\/14502\/revisions"}],"predecessor-version":[{"id":14504,"href":"https:\/\/pararepublique.com\/index.php\/wp-json\/wp\/v2\/product\/14502\/revisions\/14504"}],"wp:featuredmedia":[{"embeddable":true,"href":"https:\/\/pararepublique.com\/index.php\/wp-json\/wp\/v2\/media\/14503"}],"wp:attachment":[{"href":"https:\/\/pararepublique.com\/index.php\/wp-json\/wp\/v2\/media?parent=14502"}],"wp:term":[{"taxonomy":"product_cat","embeddable":true,"href":"https:\/\/pararepublique.com\/index.php\/wp-json\/wp\/v2\/product_cat?post=14502"},{"taxonomy":"product_tag","embeddable":true,"href":"https:\/\/pararepublique.com\/index.php\/wp-json\/wp\/v2\/product_tag?post=14502"}],"curies":[{"name":"wp","href":"https:\/\/api.w.org\/{rel}","templated":true}]}}