{"id":14505,"date":"2024-12-12T15:05:28","date_gmt":"2024-12-12T15:05:28","guid":{"rendered":"https:\/\/pararepublique.com\/?post_type=product&#038;p=14505"},"modified":"2024-12-12T15:05:29","modified_gmt":"2024-12-12T15:05:29","slug":"chicco-huile-de-massage-bb-200ml","status":"publish","type":"product","link":"https:\/\/pararepublique.com\/index.php\/product\/chicco-huile-de-massage-bb-200ml\/","title":{"rendered":"CHICCO HUILE DE MASSAGE BB 200ML"},"content":{"rendered":"<div id=\"tab-description\" class=\"woocommerce-Tabs-panel woocommerce-Tabs-panel--description panel entry-content active\" role=\"tabpanel\" aria-labelledby=\"tab-title-description\">\n<p><strong>Baby Moments<\/strong> est une gamme compl\u00e8te de produits pour les soins journaliers de la peau sensible de b\u00e9b\u00e9. Compos\u00e9e de produits hypoallerg\u00e9niques et test\u00e9s dermatologiquement, elle offre une composition sans danger adapt\u00e9e d\u00e8s la naissance pour les peaux sensibles des b\u00e9b\u00e9s. Tous les produits sont formul\u00e9s sans parab\u00e8nes.<\/p>\n<h3>Caract\u00e9ristiques<\/h3>\n<ul>\n<li><strong>Huile de Massage :<\/strong> Nourrit intens\u00e9ment la peau et la rend douce au toucher.<\/li>\n<li><strong>Recommand\u00e9e pour :<\/strong> Aide \u00e0 \u00e9liminer les cro\u00fbtes de lait.<\/li>\n<li>P\u00e9n\u00e8tre rapidement et n\u2019obstrue pas les pores.<\/li>\n<li>Doux pour la peau avec un pH neutre.<\/li>\n<li>Formule sans parab\u00e8ne, sans alcool et sans colorant.<\/li>\n<li>Convient aux peaux sensibles d\u00e8s la naissance.<\/li>\n<\/ul>\n<h3>Mode d\u2019emploi<\/h3>\n<p>Appliquer d\u00e9licatement l\u2019huile de massage sur la peau propre et s\u00e8che de b\u00e9b\u00e9, en effectuant de l\u00e9gers mouvements circulaires jusqu\u2019\u00e0 absorption compl\u00e8te.<\/p>\n<h3>Test\u00e9 dermatologiquement<\/h3>\n<p>Produit hypoallerg\u00e9nique, test\u00e9 sous contr\u00f4le dermatologique et adapt\u00e9 pour les peaux sensibles des nouveau-n\u00e9s<\/p>\n<\/div>\n","protected":false},"excerpt":{"rendered":"<p>L\u2019huile de massage au son de riz, nourrit la peau et la rend douce. En outre, l\u2019huile est recommand\u00e9e pour \u00e9liminer les cro\u00fbtes de lait. P\u00e9n\u00e8tre rapidement. Doux pour la peau au pH neutre, sans parab\u00e8ne, sans alcool, sans colorant.<\/p>\n","protected":false},"featured_media":14506,"comment_status":"open","ping_status":"closed","template":"","meta":{"inline_featured_image":false,"_monsterinsights_skip_tracking":false,"_monsterinsights_sitenote_active":false,"_monsterinsights_sitenote_note":"","_monsterinsights_sitenote_category":0,"_joinchat":[]},"product_cat":[151],"product_tag":[],"class_list":{"0":"post-14505","1":"product","2":"type-product","3":"status-publish","4":"has-post-thumbnail","6":"product_cat-chicco","8":"first","9":"instock","10":"shipping-taxable","11":"purchasable","12":"product-type-simple","13":"add-to-wishlist-after_add_to_cart"},"aioseo_notices":[],"_links":{"self":[{"href":"https:\/\/pararepublique.com\/index.php\/wp-json\/wp\/v2\/product\/14505","targetHints":{"allow":["GET"]}}],"collection":[{"href":"https:\/\/pararepublique.com\/index.php\/wp-json\/wp\/v2\/product"}],"about":[{"href":"https:\/\/pararepublique.com\/index.php\/wp-json\/wp\/v2\/types\/product"}],"replies":[{"embeddable":true,"href":"https:\/\/pararepublique.com\/index.php\/wp-json\/wp\/v2\/comments?post=14505"}],"version-history":[{"count":2,"href":"https:\/\/pararepublique.com\/index.php\/wp-json\/wp\/v2\/product\/14505\/revisions"}],"predecessor-version":[{"id":14508,"href":"https:\/\/pararepublique.com\/index.php\/wp-json\/wp\/v2\/product\/14505\/revisions\/14508"}],"wp:featuredmedia":[{"embeddable":true,"href":"https:\/\/pararepublique.com\/index.php\/wp-json\/wp\/v2\/media\/14506"}],"wp:attachment":[{"href":"https:\/\/pararepublique.com\/index.php\/wp-json\/wp\/v2\/media?parent=14505"}],"wp:term":[{"taxonomy":"product_cat","embeddable":true,"href":"https:\/\/pararepublique.com\/index.php\/wp-json\/wp\/v2\/product_cat?post=14505"},{"taxonomy":"product_tag","embeddable":true,"href":"https:\/\/pararepublique.com\/index.php\/wp-json\/wp\/v2\/product_tag?post=14505"}],"curies":[{"name":"wp","href":"https:\/\/api.w.org\/{rel}","templated":true}]}}