{"id":14515,"date":"2024-12-13T11:03:46","date_gmt":"2024-12-13T11:03:46","guid":{"rendered":"https:\/\/pararepublique.com\/?post_type=product&#038;p=14515"},"modified":"2024-12-13T11:03:47","modified_gmt":"2024-12-13T11:03:47","slug":"chicco-lait-de-corps-bb-500ml","status":"publish","type":"product","link":"https:\/\/pararepublique.com\/index.php\/product\/chicco-lait-de-corps-bb-500ml\/","title":{"rendered":"CHICCO LAIT DE CORPS BB  500ML"},"content":{"rendered":"<div id=\"tab-description\" class=\"c-product__tabs-panel  woocommerce-Tabs-panel woocommerce-Tabs-panel--description panel entry-content wc-tab  current visible\" role=\"tabpanel\" aria-labelledby=\"tab-title-description\">\n<p>Sa texture l\u00e9g\u00e8re et non grasse p\u00e9n\u00e8tre rapidement, laissant la peau de b\u00e9b\u00e9 douce, lisse et d\u00e9licatement parfum\u00e9e. Id\u00e9al pour une utilisation quotidienne, ce lait est con\u00e7u pour respecter l\u2019\u00e9quilibre naturel de la peau fragile des nourrissons.<\/p>\n<h3>Conseils d\u2019utilisation<\/h3>\n<ul>\n<li><strong>Application<\/strong> : Appliquez le <strong>Lait de Corps Chicco<\/strong> sur la peau propre et s\u00e8che de b\u00e9b\u00e9, en massant d\u00e9licatement pour une absorption optimale.<\/li>\n<li><strong>Fr\u00e9quence<\/strong> : Utilisez quotidiennement pour maintenir la peau de b\u00e9b\u00e9 hydrat\u00e9e, douce et prot\u00e9g\u00e9e.<\/li>\n<\/ul>\n<h3>Ingr\u00e9dients<\/h3>\n<p>Aloe vera, vitamine E, agents hydratants.<\/p>\n<p>Le <strong>Lait de Corps Chicco 500 ml 0M+<\/strong> est parfait pour les parents cherchant \u00e0 offrir \u00e0 leur b\u00e9b\u00e9 un soin hydratant doux, nourrissant et adapt\u00e9 \u00e0 la peau fragile des nourrissons d\u00e8s les premiers jours.<\/p>\n<\/div>\n","protected":false},"excerpt":{"rendered":"<p>Le <strong>Lait de Corps Chicco 500 ml 0M+<\/strong> est un soin hydratant et nourrissant sp\u00e9cialement formul\u00e9 pour la peau d\u00e9licate des nourrissons, d\u00e8s la naissance. Enrichi en ingr\u00e9dients doux tels que l\u2019aloe vera et la vitamine E, ce lait de corps hydrate en profondeur et prot\u00e8ge la peau de b\u00e9b\u00e9 contre la s\u00e9cheresse, tout en lui apportant une sensation de douceur.<\/p>\n","protected":false},"featured_media":14516,"comment_status":"open","ping_status":"closed","template":"","meta":{"inline_featured_image":false,"_monsterinsights_skip_tracking":false,"_monsterinsights_sitenote_active":false,"_monsterinsights_sitenote_note":"","_monsterinsights_sitenote_category":0,"_joinchat":[]},"product_cat":[151],"product_tag":[],"class_list":{"0":"post-14515","1":"product","2":"type-product","3":"status-publish","4":"has-post-thumbnail","6":"product_cat-chicco","8":"first","9":"instock","10":"shipping-taxable","11":"purchasable","12":"product-type-simple","13":"add-to-wishlist-after_add_to_cart"},"aioseo_notices":[],"_links":{"self":[{"href":"https:\/\/pararepublique.com\/index.php\/wp-json\/wp\/v2\/product\/14515","targetHints":{"allow":["GET"]}}],"collection":[{"href":"https:\/\/pararepublique.com\/index.php\/wp-json\/wp\/v2\/product"}],"about":[{"href":"https:\/\/pararepublique.com\/index.php\/wp-json\/wp\/v2\/types\/product"}],"replies":[{"embeddable":true,"href":"https:\/\/pararepublique.com\/index.php\/wp-json\/wp\/v2\/comments?post=14515"}],"version-history":[{"count":2,"href":"https:\/\/pararepublique.com\/index.php\/wp-json\/wp\/v2\/product\/14515\/revisions"}],"predecessor-version":[{"id":14518,"href":"https:\/\/pararepublique.com\/index.php\/wp-json\/wp\/v2\/product\/14515\/revisions\/14518"}],"wp:featuredmedia":[{"embeddable":true,"href":"https:\/\/pararepublique.com\/index.php\/wp-json\/wp\/v2\/media\/14516"}],"wp:attachment":[{"href":"https:\/\/pararepublique.com\/index.php\/wp-json\/wp\/v2\/media?parent=14515"}],"wp:term":[{"taxonomy":"product_cat","embeddable":true,"href":"https:\/\/pararepublique.com\/index.php\/wp-json\/wp\/v2\/product_cat?post=14515"},{"taxonomy":"product_tag","embeddable":true,"href":"https:\/\/pararepublique.com\/index.php\/wp-json\/wp\/v2\/product_tag?post=14515"}],"curies":[{"name":"wp","href":"https:\/\/api.w.org\/{rel}","templated":true}]}}