{"id":14519,"date":"2024-12-13T11:06:42","date_gmt":"2024-12-13T11:06:42","guid":{"rendered":"https:\/\/pararepublique.com\/?post_type=product&#038;p=14519"},"modified":"2024-12-13T11:06:42","modified_gmt":"2024-12-13T11:06:42","slug":"chicco-lingette-baby-moments-b-72","status":"publish","type":"product","link":"https:\/\/pararepublique.com\/index.php\/product\/chicco-lingette-baby-moments-b-72\/","title":{"rendered":"CHICCO LINGETTE BABY MOMENTS B\/72"},"content":{"rendered":"","protected":false},"excerpt":{"rendered":"<p>Les lingettes nettoyantes Chicco permettent de laver la peau douce de b\u00e9b\u00e9, pendant le change mais \u00e9galement pour le visage et les mains. C&rsquo;est un produit hypoallerg\u00e9nique et test\u00e9 dermatologiquement qui vise \u00e0 apaiser et rafraichir la peau de nouveau n\u00e9.<\/p>\n","protected":false},"featured_media":14520,"comment_status":"open","ping_status":"closed","template":"","meta":{"inline_featured_image":false,"_monsterinsights_skip_tracking":false,"_monsterinsights_sitenote_active":false,"_monsterinsights_sitenote_note":"","_monsterinsights_sitenote_category":0,"_joinchat":[]},"product_cat":[151],"product_tag":[],"class_list":{"0":"post-14519","1":"product","2":"type-product","3":"status-publish","4":"has-post-thumbnail","6":"product_cat-chicco","8":"first","9":"instock","10":"shipping-taxable","11":"purchasable","12":"product-type-simple","13":"add-to-wishlist-after_add_to_cart"},"aioseo_notices":[],"_links":{"self":[{"href":"https:\/\/pararepublique.com\/index.php\/wp-json\/wp\/v2\/product\/14519","targetHints":{"allow":["GET"]}}],"collection":[{"href":"https:\/\/pararepublique.com\/index.php\/wp-json\/wp\/v2\/product"}],"about":[{"href":"https:\/\/pararepublique.com\/index.php\/wp-json\/wp\/v2\/types\/product"}],"replies":[{"embeddable":true,"href":"https:\/\/pararepublique.com\/index.php\/wp-json\/wp\/v2\/comments?post=14519"}],"version-history":[{"count":2,"href":"https:\/\/pararepublique.com\/index.php\/wp-json\/wp\/v2\/product\/14519\/revisions"}],"predecessor-version":[{"id":14522,"href":"https:\/\/pararepublique.com\/index.php\/wp-json\/wp\/v2\/product\/14519\/revisions\/14522"}],"wp:featuredmedia":[{"embeddable":true,"href":"https:\/\/pararepublique.com\/index.php\/wp-json\/wp\/v2\/media\/14520"}],"wp:attachment":[{"href":"https:\/\/pararepublique.com\/index.php\/wp-json\/wp\/v2\/media?parent=14519"}],"wp:term":[{"taxonomy":"product_cat","embeddable":true,"href":"https:\/\/pararepublique.com\/index.php\/wp-json\/wp\/v2\/product_cat?post=14519"},{"taxonomy":"product_tag","embeddable":true,"href":"https:\/\/pararepublique.com\/index.php\/wp-json\/wp\/v2\/product_tag?post=14519"}],"curies":[{"name":"wp","href":"https:\/\/api.w.org\/{rel}","templated":true}]}}