{"id":14523,"date":"2024-12-13T11:09:20","date_gmt":"2024-12-13T11:09:20","guid":{"rendered":"https:\/\/pararepublique.com\/?post_type=product&#038;p=14523"},"modified":"2024-12-13T11:09:20","modified_gmt":"2024-12-13T11:09:20","slug":"chicco-micro-biberon-en-verre-sil-60ml","status":"publish","type":"product","link":"https:\/\/pararepublique.com\/index.php\/product\/chicco-micro-biberon-en-verre-sil-60ml\/","title":{"rendered":"CHICCO MICRO BIBERON EN VERRE SIL 60ML"},"content":{"rendered":"<p>Chicco Micro Biberon Biberon 60ml Le Micro Biberon permet d&rsquo;offrir \u00e0 b\u00e9b\u00e9 de petites quantit\u00e9s de liquide de mani\u00e8re pratique. Le flacon gradu\u00e9 de 60 ml est id\u00e9al pour doser de petites quantit\u00e9s de camomille, de lait ou de tisane. Avec t\u00e9tine en silicone.<\/p>\n<p>Aide le b\u00e9b\u00e9 \u00e0 tenir le b\u00e9b\u00e9 facilement.<\/p>\n","protected":false},"excerpt":{"rendered":"<p>Le Micro Biberon Chicco 60 ml vous permettra de donner \u00e0 b\u00e9b\u00e9 de petites quantit\u00e9s de liquide<\/p>\n<p>Pour tisanes, lait, eau<\/p>\n<p>max. 60 ml<\/p>\n","protected":false},"featured_media":14524,"comment_status":"open","ping_status":"closed","template":"","meta":{"inline_featured_image":false,"_monsterinsights_skip_tracking":false,"_monsterinsights_sitenote_active":false,"_monsterinsights_sitenote_note":"","_monsterinsights_sitenote_category":0,"_joinchat":[]},"product_cat":[151],"product_tag":[],"class_list":{"0":"post-14523","1":"product","2":"type-product","3":"status-publish","4":"has-post-thumbnail","6":"product_cat-chicco","8":"first","9":"instock","10":"shipping-taxable","11":"purchasable","12":"product-type-simple","13":"add-to-wishlist-after_add_to_cart"},"aioseo_notices":[],"_links":{"self":[{"href":"https:\/\/pararepublique.com\/index.php\/wp-json\/wp\/v2\/product\/14523","targetHints":{"allow":["GET"]}}],"collection":[{"href":"https:\/\/pararepublique.com\/index.php\/wp-json\/wp\/v2\/product"}],"about":[{"href":"https:\/\/pararepublique.com\/index.php\/wp-json\/wp\/v2\/types\/product"}],"replies":[{"embeddable":true,"href":"https:\/\/pararepublique.com\/index.php\/wp-json\/wp\/v2\/comments?post=14523"}],"version-history":[{"count":2,"href":"https:\/\/pararepublique.com\/index.php\/wp-json\/wp\/v2\/product\/14523\/revisions"}],"predecessor-version":[{"id":14526,"href":"https:\/\/pararepublique.com\/index.php\/wp-json\/wp\/v2\/product\/14523\/revisions\/14526"}],"wp:featuredmedia":[{"embeddable":true,"href":"https:\/\/pararepublique.com\/index.php\/wp-json\/wp\/v2\/media\/14524"}],"wp:attachment":[{"href":"https:\/\/pararepublique.com\/index.php\/wp-json\/wp\/v2\/media?parent=14523"}],"wp:term":[{"taxonomy":"product_cat","embeddable":true,"href":"https:\/\/pararepublique.com\/index.php\/wp-json\/wp\/v2\/product_cat?post=14523"},{"taxonomy":"product_tag","embeddable":true,"href":"https:\/\/pararepublique.com\/index.php\/wp-json\/wp\/v2\/product_tag?post=14523"}],"curies":[{"name":"wp","href":"https:\/\/api.w.org\/{rel}","templated":true}]}}