{"id":14539,"date":"2024-12-13T11:23:45","date_gmt":"2024-12-13T11:23:45","guid":{"rendered":"https:\/\/pararepublique.com\/?post_type=product&#038;p=14539"},"modified":"2024-12-13T11:23:45","modified_gmt":"2024-12-13T11:23:45","slug":"chicco-natural-bady-lotion-500ml","status":"publish","type":"product","link":"https:\/\/pararepublique.com\/index.php\/product\/chicco-natural-bady-lotion-500ml\/","title":{"rendered":"CHICCO NATURAL BADY LOTION 500ML"},"content":{"rendered":"<p>Formul\u00e9e avec des ingr\u00e9dients naturels comme le beurre de karit\u00e9 et l&rsquo;huile d&rsquo;amande douce, cette lotion l\u00e9g\u00e8re absorbe rapidement, fournissant une hydratation durable sans laisser de r\u00e9sidus gras. Sa formule hypoallerg\u00e9nique est exempte de parab\u00e8nes, d&rsquo;alcool et de teintures, ce qui le rend s\u00fbr pour une utilisation quotidienne sur la peau sensible. Parfait pour le bain, le flottaison de Baby Moments Chicco aide \u00e0 prot\u00e9ger et \u00e0 nourrir la peau de votre petit, ce qui la rend soyeuse lisse et doucement parfum\u00e9e avec un parfum doux et adapt\u00e9 aux b\u00e9b\u00e9s. Id\u00e9ale pour les nouveau-n\u00e9s et les jeunes enfants, cette lotion offre l&rsquo;\u00e9quilibre parfait entre les soins et le confort pour la peau de votre b\u00e9b\u00e9.<\/p>\n","protected":false},"excerpt":{"rendered":"<p><strong>Chicco Baby Moments Baby Lotion<\/strong> est une lotion douce et apaisante con\u00e7ue pour garder la peau d\u00e9licate de votre b\u00e9b\u00e9 douce et hydrat\u00e9e.<\/p>\n","protected":false},"featured_media":14540,"comment_status":"open","ping_status":"closed","template":"","meta":{"inline_featured_image":false,"_monsterinsights_skip_tracking":false,"_monsterinsights_sitenote_active":false,"_monsterinsights_sitenote_note":"","_monsterinsights_sitenote_category":0,"_joinchat":[]},"product_cat":[151],"product_tag":[],"class_list":{"0":"post-14539","1":"product","2":"type-product","3":"status-publish","4":"has-post-thumbnail","6":"product_cat-chicco","8":"first","9":"instock","10":"shipping-taxable","11":"purchasable","12":"product-type-simple","13":"add-to-wishlist-after_add_to_cart"},"aioseo_notices":[],"_links":{"self":[{"href":"https:\/\/pararepublique.com\/index.php\/wp-json\/wp\/v2\/product\/14539","targetHints":{"allow":["GET"]}}],"collection":[{"href":"https:\/\/pararepublique.com\/index.php\/wp-json\/wp\/v2\/product"}],"about":[{"href":"https:\/\/pararepublique.com\/index.php\/wp-json\/wp\/v2\/types\/product"}],"replies":[{"embeddable":true,"href":"https:\/\/pararepublique.com\/index.php\/wp-json\/wp\/v2\/comments?post=14539"}],"version-history":[{"count":1,"href":"https:\/\/pararepublique.com\/index.php\/wp-json\/wp\/v2\/product\/14539\/revisions"}],"predecessor-version":[{"id":14541,"href":"https:\/\/pararepublique.com\/index.php\/wp-json\/wp\/v2\/product\/14539\/revisions\/14541"}],"wp:featuredmedia":[{"embeddable":true,"href":"https:\/\/pararepublique.com\/index.php\/wp-json\/wp\/v2\/media\/14540"}],"wp:attachment":[{"href":"https:\/\/pararepublique.com\/index.php\/wp-json\/wp\/v2\/media?parent=14539"}],"wp:term":[{"taxonomy":"product_cat","embeddable":true,"href":"https:\/\/pararepublique.com\/index.php\/wp-json\/wp\/v2\/product_cat?post=14539"},{"taxonomy":"product_tag","embeddable":true,"href":"https:\/\/pararepublique.com\/index.php\/wp-json\/wp\/v2\/product_tag?post=14539"}],"curies":[{"name":"wp","href":"https:\/\/api.w.org\/{rel}","templated":true}]}}