{"id":14542,"date":"2024-12-13T11:26:43","date_gmt":"2024-12-13T11:26:43","guid":{"rendered":"https:\/\/pararepublique.com\/?post_type=product&#038;p=14542"},"modified":"2024-12-13T11:26:44","modified_gmt":"2024-12-13T11:26:44","slug":"chicco-natural-gel-de-bain-shpoing","status":"publish","type":"product","link":"https:\/\/pararepublique.com\/index.php\/product\/chicco-natural-gel-de-bain-shpoing\/","title":{"rendered":"CHICCO NATURAL GEL DE BAIN SHPOING"},"content":{"rendered":"<p>Seulement ce dont la peau a besoin. Shampooings sans larmes \u00e0 l&rsquo;alo\u00e8s et \u00e0 la camomille.<\/p>\n<p>Il nettoie la peau du b\u00e9b\u00e9, la laissant douce. Id\u00e9al pour les cheveux de b\u00e9b\u00e9 d\u00e9licats et d\u00e9licats, il les laisse doux, parfum\u00e9s et faciles \u00e0 coiffer.<\/p>\n<p>Il n&rsquo;irrite pas les yeux.<\/p>\n<p>Diluez dans l&rsquo;eau du bain.<\/p>\n<p>Rincer \u00e0 l&rsquo;eau ti\u00e8de \u00e0 la fin du bain.<\/p>\n<p>Pigments sans alcool. Sans savon.<\/p>\n<p>Id\u00e9al d\u00e8s les premiers jours.<\/p>\n","protected":false},"excerpt":{"rendered":"<p>Il nettoie la peau du b\u00e9b\u00e9, la laissant douce. Id\u00e9al pour les cheveux de b\u00e9b\u00e9 d\u00e9licats et d\u00e9licats, il les laisse doux, parfum\u00e9s et faciles \u00e0 coiffer.<\/p>\n","protected":false},"featured_media":14543,"comment_status":"open","ping_status":"closed","template":"","meta":{"inline_featured_image":false,"_monsterinsights_skip_tracking":false,"_monsterinsights_sitenote_active":false,"_monsterinsights_sitenote_note":"","_monsterinsights_sitenote_category":0,"_joinchat":[]},"product_cat":[151],"product_tag":[],"class_list":{"0":"post-14542","1":"product","2":"type-product","3":"status-publish","4":"has-post-thumbnail","6":"product_cat-chicco","8":"first","9":"instock","10":"shipping-taxable","11":"purchasable","12":"product-type-simple","13":"add-to-wishlist-after_add_to_cart"},"aioseo_notices":[],"_links":{"self":[{"href":"https:\/\/pararepublique.com\/index.php\/wp-json\/wp\/v2\/product\/14542","targetHints":{"allow":["GET"]}}],"collection":[{"href":"https:\/\/pararepublique.com\/index.php\/wp-json\/wp\/v2\/product"}],"about":[{"href":"https:\/\/pararepublique.com\/index.php\/wp-json\/wp\/v2\/types\/product"}],"replies":[{"embeddable":true,"href":"https:\/\/pararepublique.com\/index.php\/wp-json\/wp\/v2\/comments?post=14542"}],"version-history":[{"count":2,"href":"https:\/\/pararepublique.com\/index.php\/wp-json\/wp\/v2\/product\/14542\/revisions"}],"predecessor-version":[{"id":14545,"href":"https:\/\/pararepublique.com\/index.php\/wp-json\/wp\/v2\/product\/14542\/revisions\/14545"}],"wp:featuredmedia":[{"embeddable":true,"href":"https:\/\/pararepublique.com\/index.php\/wp-json\/wp\/v2\/media\/14543"}],"wp:attachment":[{"href":"https:\/\/pararepublique.com\/index.php\/wp-json\/wp\/v2\/media?parent=14542"}],"wp:term":[{"taxonomy":"product_cat","embeddable":true,"href":"https:\/\/pararepublique.com\/index.php\/wp-json\/wp\/v2\/product_cat?post=14542"},{"taxonomy":"product_tag","embeddable":true,"href":"https:\/\/pararepublique.com\/index.php\/wp-json\/wp\/v2\/product_tag?post=14542"}],"curies":[{"name":"wp","href":"https:\/\/api.w.org\/{rel}","templated":true}]}}