{"id":14549,"date":"2024-12-13T11:33:27","date_gmt":"2024-12-13T11:33:27","guid":{"rendered":"https:\/\/pararepublique.com\/?post_type=product&#038;p=14549"},"modified":"2024-12-13T11:33:27","modified_gmt":"2024-12-13T11:33:27","slug":"chicco-natural-oil-de-bain-200ml","status":"publish","type":"product","link":"https:\/\/pararepublique.com\/index.php\/product\/chicco-natural-oil-de-bain-200ml\/","title":{"rendered":"CHICCO NATURAL OIL DE BAIN 200ML"},"content":{"rendered":"<div id=\"tab-content\" class=\"tab-content\">\n<div id=\"description\" class=\"tab-pane fade in active revealOnScroll animated fadeInUp\" role=\"tabpanel\" data-animation=\"fadeInUp\">\n<div class=\"product-description\">\n<p>Huile de bain Chicco Natural Sensation 200 ml Huile \u00e0 l\u2019Aloe Vera, \u00e0 l\u2019huile d\u2019amande et \u00e0 l\u2019extrait de Calendula pour un nettoyage en douceur du b\u00e9b\u00e9 qui n\u2019alt\u00e8re pas le film hydrolipidique. Id\u00e9al pour les peaux tr\u00e8s s\u00e8ches.<\/p>\n<h2>Avantages de l\u2019utilisation de l\u2019huile de bain Chicco Natural sensation :<\/h2>\n<p>Id\u00e9al pour un usage quotidien d\u00e8s les premiers jours.<\/p>\n<p>Action extra d\u00e9licate.<\/p>\n<p>Il peut \u00eatre utilis\u00e9 sur les cheveux de votre b\u00e9b\u00e9 .<\/p>\n<p>Il poss\u00e8de des propri\u00e9t\u00e9s hydratantes et protectrices.<\/p>\n<p>Laissez la peau de votre b\u00e9b\u00e9 propre et douce avec l\u2019huile de bain Chicco Natural sensation 200 ml !<\/p>\n<p>Sans parab\u00e8nes<\/p>\n<h2>Composition :<\/h2>\n<p><em>Ingr\u00e9dients actifs et naturels<\/em><\/p>\n<p>Huile d\u2019Amande Douce : action apaisante.<\/p>\n<p>Vitamine E : action hydratante et protectrice.<\/p>\n<p>Extrait de calendula : action apaisante et adoucissante.<\/p>\n<h2>Mode d\u2019utilisation :<\/h2>\n<p>Diluer dans l\u2019eau du bain ou appliquer directement sur la peau \u00e0 l\u2019aide d\u2019un coton.<\/p>\n<h2>Conseils :<\/h2>\n<p>L\u2019aloe vera est particuli\u00e8rement connu pour son utilisation topique. Gr\u00e2ce au mucilage (gel) et \u00e0 la grande quantit\u00e9 d\u2019eau qu\u2019il contient, il procure un effet barri\u00e8re face \u00e0 la d\u00e9shydratation de la peau. On le retrouve notamment dans des soins pour peau grasse, peau sensible et dans des produits solaires comme les apr\u00e8s-soleil (aftersun), mais aussi dans certains dentifrices.<\/p>\n<p>Les produits cosm\u00e9tiques qui contiennent de l\u2019extrait d\u2019aloe vera ont donc des propri\u00e9t\u00e9s hydratantes, apaisantes et cicatrisantes sur la peau. De plus, ils apportent une sensation de fra\u00eecheur sur les peaux irrit\u00e9es. Cet ingr\u00e9dient est adapt\u00e9 \u00e0 tous les types de peaux.<\/p>\n<h2>Contenance :<\/h2>\n<p>200ml<\/p>\n<\/div>\n<\/div>\n<\/div>\n","protected":false},"excerpt":{"rendered":"<p>Huile de bain Chicco Natural Sensation 200 ml Huile \u00e0 l\u2019Aloe Vera, \u00e0 l\u2019huile d\u2019amande et \u00e0 l\u2019extrait de Calendula pour un nettoyage en douceur du b\u00e9b\u00e9 qui n\u2019alt\u00e8re pas le film hydrolipidique. Id\u00e9al pour les peaux tr\u00e8s s\u00e8ches.<\/p>\n","protected":false},"featured_media":14550,"comment_status":"open","ping_status":"closed","template":"","meta":{"inline_featured_image":false,"_monsterinsights_skip_tracking":false,"_monsterinsights_sitenote_active":false,"_monsterinsights_sitenote_note":"","_monsterinsights_sitenote_category":0,"_joinchat":[]},"product_cat":[151],"product_tag":[],"class_list":{"0":"post-14549","1":"product","2":"type-product","3":"status-publish","4":"has-post-thumbnail","6":"product_cat-chicco","8":"first","9":"instock","10":"shipping-taxable","11":"purchasable","12":"product-type-simple","13":"add-to-wishlist-after_add_to_cart"},"aioseo_notices":[],"_links":{"self":[{"href":"https:\/\/pararepublique.com\/index.php\/wp-json\/wp\/v2\/product\/14549","targetHints":{"allow":["GET"]}}],"collection":[{"href":"https:\/\/pararepublique.com\/index.php\/wp-json\/wp\/v2\/product"}],"about":[{"href":"https:\/\/pararepublique.com\/index.php\/wp-json\/wp\/v2\/types\/product"}],"replies":[{"embeddable":true,"href":"https:\/\/pararepublique.com\/index.php\/wp-json\/wp\/v2\/comments?post=14549"}],"version-history":[{"count":2,"href":"https:\/\/pararepublique.com\/index.php\/wp-json\/wp\/v2\/product\/14549\/revisions"}],"predecessor-version":[{"id":14552,"href":"https:\/\/pararepublique.com\/index.php\/wp-json\/wp\/v2\/product\/14549\/revisions\/14552"}],"wp:featuredmedia":[{"embeddable":true,"href":"https:\/\/pararepublique.com\/index.php\/wp-json\/wp\/v2\/media\/14550"}],"wp:attachment":[{"href":"https:\/\/pararepublique.com\/index.php\/wp-json\/wp\/v2\/media?parent=14549"}],"wp:term":[{"taxonomy":"product_cat","embeddable":true,"href":"https:\/\/pararepublique.com\/index.php\/wp-json\/wp\/v2\/product_cat?post=14549"},{"taxonomy":"product_tag","embeddable":true,"href":"https:\/\/pararepublique.com\/index.php\/wp-json\/wp\/v2\/product_tag?post=14549"}],"curies":[{"name":"wp","href":"https:\/\/api.w.org\/{rel}","templated":true}]}}