{"id":14558,"date":"2024-12-13T11:41:22","date_gmt":"2024-12-13T11:41:22","guid":{"rendered":"https:\/\/pararepublique.com\/?post_type=product&#038;p=14558"},"modified":"2024-12-13T11:41:22","modified_gmt":"2024-12-13T11:41:22","slug":"chicco-naturel-cream-face-50ml","status":"publish","type":"product","link":"https:\/\/pararepublique.com\/index.php\/product\/chicco-naturel-cream-face-50ml\/","title":{"rendered":"CHICCO NATUREL CREAM FACE 50ML"},"content":{"rendered":"<p>Il nourrit la peau en profondeur en la maintenant au bon degr\u00e9 d&rsquo;hydratation. Il prot\u00e8ge toute la journ\u00e9e (24h) des agents ext\u00e9rieurs (froid, vent, smog, changements de temp\u00e9rature) et des rougeurs de contact (r\u00e9sidus de lait, salive), en le laissant libre de respirer. Id\u00e9al \u00e9galement pour les peaux s\u00e8ches et sensibles. Laisse la peau douce et soyeuse d\u00e8s la premi\u00e8re utilisation. Texture cr\u00e9meuse agr\u00e9able \u00e0 appliquer, p\u00e9n\u00e8tre rapidement. Pas gras.<\/p>\n<p>Mode d&#8217;emploi : appliquer sur une peau propre et s\u00e8che en massant doucement jusqu&rsquo;\u00e0 absorption compl\u00e8te. Id\u00e9al pour un usage quotidien d\u00e8s les premiers jours.<\/p>\n","protected":false},"excerpt":{"rendered":"<p>Parfaite pour garder la peau de votre enfant hydrat\u00e9e et prot\u00e9g\u00e9e, cette cr\u00e8me pour le visage ajoute une touche de luxe aux routines quotidiennes.<br \/>\nSa formule douce garantit que m\u00eame les peaux les plus sensibles sont soign\u00e9es, favorisant un \u00e9clat sain.<br \/>\nUn incontournable pour les parents qui souhaitent nourrir la peau de leur enfant avec les meilleurs ingr\u00e9dients naturels disponibles.<\/p>\n","protected":false},"featured_media":14559,"comment_status":"open","ping_status":"closed","template":"","meta":{"inline_featured_image":false,"_monsterinsights_skip_tracking":false,"_monsterinsights_sitenote_active":false,"_monsterinsights_sitenote_note":"","_monsterinsights_sitenote_category":0,"_joinchat":[]},"product_cat":[151],"product_tag":[],"class_list":{"0":"post-14558","1":"product","2":"type-product","3":"status-publish","4":"has-post-thumbnail","6":"product_cat-chicco","8":"first","9":"instock","10":"shipping-taxable","11":"purchasable","12":"product-type-simple","13":"add-to-wishlist-after_add_to_cart"},"aioseo_notices":[],"_links":{"self":[{"href":"https:\/\/pararepublique.com\/index.php\/wp-json\/wp\/v2\/product\/14558","targetHints":{"allow":["GET"]}}],"collection":[{"href":"https:\/\/pararepublique.com\/index.php\/wp-json\/wp\/v2\/product"}],"about":[{"href":"https:\/\/pararepublique.com\/index.php\/wp-json\/wp\/v2\/types\/product"}],"replies":[{"embeddable":true,"href":"https:\/\/pararepublique.com\/index.php\/wp-json\/wp\/v2\/comments?post=14558"}],"version-history":[{"count":2,"href":"https:\/\/pararepublique.com\/index.php\/wp-json\/wp\/v2\/product\/14558\/revisions"}],"predecessor-version":[{"id":14561,"href":"https:\/\/pararepublique.com\/index.php\/wp-json\/wp\/v2\/product\/14558\/revisions\/14561"}],"wp:featuredmedia":[{"embeddable":true,"href":"https:\/\/pararepublique.com\/index.php\/wp-json\/wp\/v2\/media\/14559"}],"wp:attachment":[{"href":"https:\/\/pararepublique.com\/index.php\/wp-json\/wp\/v2\/media?parent=14558"}],"wp:term":[{"taxonomy":"product_cat","embeddable":true,"href":"https:\/\/pararepublique.com\/index.php\/wp-json\/wp\/v2\/product_cat?post=14558"},{"taxonomy":"product_tag","embeddable":true,"href":"https:\/\/pararepublique.com\/index.php\/wp-json\/wp\/v2\/product_tag?post=14558"}],"curies":[{"name":"wp","href":"https:\/\/api.w.org\/{rel}","templated":true}]}}