{"id":14562,"date":"2024-12-13T11:43:17","date_gmt":"2024-12-13T11:43:17","guid":{"rendered":"https:\/\/pararepublique.com\/?post_type=product&#038;p=14562"},"modified":"2024-12-13T11:43:17","modified_gmt":"2024-12-13T11:43:17","slug":"chicco-oil-massage-100ml","status":"publish","type":"product","link":"https:\/\/pararepublique.com\/index.php\/product\/chicco-oil-massage-100ml\/","title":{"rendered":"CHICCO OIL MASSAGE 100ML"},"content":{"rendered":"<p>Sans parabens, ph\u00e9noxy\u00e9thanol, alcool, huiles min\u00e9rales, colorants ou silicone. Id\u00e9al \u00e9galement pour les mamans car il am\u00e9liore l\u2019\u00e9lasticit\u00e9 de la peau. L&rsquo;effet est plus important lorsqu&rsquo;il est utilis\u00e9 apr\u00e8s un bain d&rsquo;huile Chicco Natural Sensation.<\/p>\n<p><strong>Avec de l&rsquo;huile d&rsquo;amande douce et de la vitamine E<\/strong> qui hydratent et apaisent.<\/p>\n<div class=\"product-description\">\n<ul>\n<li>Nourrissant pour les peaux s\u00e8ches.<\/li>\n<li>Nourrit la peau de b\u00e9b\u00e9, la laissant douce et parfum\u00e9e.<\/li>\n<li>Avec de l&rsquo;huile d&rsquo;amande douce et de la vitamine E.<\/li>\n<li>Sans parabens, ph\u00e9noxy\u00e9thanol, alcool, huiles min\u00e9rales, colorants ou silicone.<\/li>\n<li>Aussi pour la peau des mamans.<\/li>\n<\/ul>\n<\/div>\n","protected":false},"excerpt":{"rendered":"<div class=\"product-information\">\n<div id=\"product-description-short-3771\" class=\"product-description\">\n<p>Huile de massage CHICCO <strong>id\u00e9ale pour masser<\/strong> , transformant le moment de caresses et de soins en quelque chose de tr\u00e8s agr\u00e9able pour le b\u00e9b\u00e9.<\/p>\n<p><strong>Nourrit la peau de b\u00e9b\u00e9<\/strong> , la laissant douce et parfum\u00e9e.<\/p>\n<p>B\u00e9n\u00e9ficiez de notre exp\u00e9dition express et recevez votre commande en 24h. Chez farma2go, nous travaillons pour vous proposer les meilleures offres et promotions.<\/p>\n<\/div>\n<\/div>\n","protected":false},"featured_media":14563,"comment_status":"open","ping_status":"closed","template":"","meta":{"inline_featured_image":false,"_monsterinsights_skip_tracking":false,"_monsterinsights_sitenote_active":false,"_monsterinsights_sitenote_note":"","_monsterinsights_sitenote_category":0,"_joinchat":[]},"product_cat":[151],"product_tag":[],"class_list":{"0":"post-14562","1":"product","2":"type-product","3":"status-publish","4":"has-post-thumbnail","6":"product_cat-chicco","8":"first","9":"instock","10":"shipping-taxable","11":"purchasable","12":"product-type-simple","13":"add-to-wishlist-after_add_to_cart"},"aioseo_notices":[],"_links":{"self":[{"href":"https:\/\/pararepublique.com\/index.php\/wp-json\/wp\/v2\/product\/14562","targetHints":{"allow":["GET"]}}],"collection":[{"href":"https:\/\/pararepublique.com\/index.php\/wp-json\/wp\/v2\/product"}],"about":[{"href":"https:\/\/pararepublique.com\/index.php\/wp-json\/wp\/v2\/types\/product"}],"replies":[{"embeddable":true,"href":"https:\/\/pararepublique.com\/index.php\/wp-json\/wp\/v2\/comments?post=14562"}],"version-history":[{"count":2,"href":"https:\/\/pararepublique.com\/index.php\/wp-json\/wp\/v2\/product\/14562\/revisions"}],"predecessor-version":[{"id":14565,"href":"https:\/\/pararepublique.com\/index.php\/wp-json\/wp\/v2\/product\/14562\/revisions\/14565"}],"wp:featuredmedia":[{"embeddable":true,"href":"https:\/\/pararepublique.com\/index.php\/wp-json\/wp\/v2\/media\/14563"}],"wp:attachment":[{"href":"https:\/\/pararepublique.com\/index.php\/wp-json\/wp\/v2\/media?parent=14562"}],"wp:term":[{"taxonomy":"product_cat","embeddable":true,"href":"https:\/\/pararepublique.com\/index.php\/wp-json\/wp\/v2\/product_cat?post=14562"},{"taxonomy":"product_tag","embeddable":true,"href":"https:\/\/pararepublique.com\/index.php\/wp-json\/wp\/v2\/product_tag?post=14562"}],"curies":[{"name":"wp","href":"https:\/\/api.w.org\/{rel}","templated":true}]}}