{"id":14578,"date":"2024-12-13T12:31:03","date_gmt":"2024-12-13T12:31:03","guid":{"rendered":"https:\/\/pararepublique.com\/?post_type=product&#038;p=14578"},"modified":"2024-12-13T12:31:03","modified_gmt":"2024-12-13T12:31:03","slug":"chicco-shamp-bebe-200ml-om","status":"publish","type":"product","link":"https:\/\/pararepublique.com\/index.php\/product\/chicco-shamp-bebe-200ml-om\/","title":{"rendered":"CHICCO SHAMP BEBE 200ML OM+"},"content":{"rendered":"<p>Pr\u00e9sentation du shampoing CHICCO Baby Moment NO-TEARS 200 ML &#8211; Le shampoing incontournable pour les soins capillaires d\u00e9licats de votre b\u00e9b\u00e9. L&rsquo;heure du bain devrait \u00eatre une exp\u00e9rience d\u00e9licieuse pour votre tout-petit, et rien n&rsquo;am\u00e9liore cela plus que le shampoing CHICCO Baby Moment NO-TEARS. Avec son lait maternis\u00e9 sans larmes sp\u00e9cialement formul\u00e9, ce shampooing nettoie les cheveux de votre b\u00e9b\u00e9 en douceur sans irriter ses pr\u00e9cieux yeux. Notre shampooing CHICCO Baby Moment NO-TEARS est test\u00e9 dermatologiquement sur les peaux sensibles, ce qui en fait le choix parfait pour le cuir chevelu d\u00e9licat de votre tout-petit. Exempt de parab\u00e8nes, SLS ou SLES, de colorants, d&rsquo;alcool et de tout produit chimique agressif, soyez assur\u00e9 que ce shampoing est s\u00fbr et doux pour la peau sensible de votre b\u00e9b\u00e9. Enrichi d&rsquo;extraits naturels, dont le souci en pot, notre shampooing sans larmes non seulement nettoie mais hydrate et adoucit \u00e9galement les cheveux de votre b\u00e9b\u00e9, \u00e9vitant ainsi la formation d&rsquo;enchev\u00eatrements et de l\u00e9sions capillaires.<\/p>\n<p>L&rsquo;extrait de souci en pot nourrit et soigne le cuir chevelu et les cheveux de votre b\u00e9b\u00e9, les laissant naturellement brillants et agr\u00e9ablement parfum\u00e9s. CHICCO Baby Moment NO-TEARS Shampoo est \u00e9galement hypoallerg\u00e9nique, formul\u00e9 pour minimiser le risque d&rsquo;allergies cutan\u00e9es. Il est sp\u00e9cialement con\u00e7u pour les b\u00e9b\u00e9s \u00e0 la peau sensible, garantissant que leur routine de soins capillaires est apaisante et agr\u00e9able. Ce pack de 200 ml de shampooing CHICCO Baby Moment NO-TEARS est parfait pour une utilisation \u00e0 domicile ou en d\u00e9placement. Vous pouvez faire confiance \u00e0 la qualit\u00e9 et \u00e0 la s\u00e9curit\u00e9 des produits pour b\u00e9b\u00e9s CHICCO, car ils ont \u00e9t\u00e9 fabriqu\u00e9s avec la plus grande pr\u00e9cision et le plus grand soin. Offrez les meilleurs soins pour les cheveux de votre b\u00e9b\u00e9 avec le shampooing CHICCO Baby Moment NO-TEARS, le shampooing doux et sans larmes qui convient aux nouveau-n\u00e9s et aux b\u00e9b\u00e9s \u00e0 la peau sensible.<\/p>\n<p>Commandez maintenant et faites de l&rsquo;heure du bain une exp\u00e9rience d\u00e9licieuse et rafra\u00eechissante pour votre tout-petit.<\/p>\n","protected":false},"excerpt":{"rendered":"<p>hicco No-tears Shampoo est formul\u00e9 pour nourrir et nettoyer en profondeur le cuir chevelu et les cheveux du nouveau-n\u00e9 avec la plus grande s\u00e9curit\u00e9 et douceur sans irriter les yeux de b\u00e9b\u00e9.<\/p>\n","protected":false},"featured_media":14579,"comment_status":"open","ping_status":"closed","template":"","meta":{"inline_featured_image":false,"_monsterinsights_skip_tracking":false,"_monsterinsights_sitenote_active":false,"_monsterinsights_sitenote_note":"","_monsterinsights_sitenote_category":0,"_joinchat":[]},"product_cat":[151],"product_tag":[],"class_list":{"0":"post-14578","1":"product","2":"type-product","3":"status-publish","4":"has-post-thumbnail","6":"product_cat-chicco","8":"first","9":"instock","10":"shipping-taxable","11":"purchasable","12":"product-type-simple","13":"add-to-wishlist-after_add_to_cart"},"aioseo_notices":[],"_links":{"self":[{"href":"https:\/\/pararepublique.com\/index.php\/wp-json\/wp\/v2\/product\/14578","targetHints":{"allow":["GET"]}}],"collection":[{"href":"https:\/\/pararepublique.com\/index.php\/wp-json\/wp\/v2\/product"}],"about":[{"href":"https:\/\/pararepublique.com\/index.php\/wp-json\/wp\/v2\/types\/product"}],"replies":[{"embeddable":true,"href":"https:\/\/pararepublique.com\/index.php\/wp-json\/wp\/v2\/comments?post=14578"}],"version-history":[{"count":2,"href":"https:\/\/pararepublique.com\/index.php\/wp-json\/wp\/v2\/product\/14578\/revisions"}],"predecessor-version":[{"id":14581,"href":"https:\/\/pararepublique.com\/index.php\/wp-json\/wp\/v2\/product\/14578\/revisions\/14581"}],"wp:featuredmedia":[{"embeddable":true,"href":"https:\/\/pararepublique.com\/index.php\/wp-json\/wp\/v2\/media\/14579"}],"wp:attachment":[{"href":"https:\/\/pararepublique.com\/index.php\/wp-json\/wp\/v2\/media?parent=14578"}],"wp:term":[{"taxonomy":"product_cat","embeddable":true,"href":"https:\/\/pararepublique.com\/index.php\/wp-json\/wp\/v2\/product_cat?post=14578"},{"taxonomy":"product_tag","embeddable":true,"href":"https:\/\/pararepublique.com\/index.php\/wp-json\/wp\/v2\/product_tag?post=14578"}],"curies":[{"name":"wp","href":"https:\/\/api.w.org\/{rel}","templated":true}]}}