{"id":14582,"date":"2024-12-13T12:37:26","date_gmt":"2024-12-13T12:37:26","guid":{"rendered":"https:\/\/pararepublique.com\/?post_type=product&#038;p=14582"},"modified":"2024-12-13T12:37:27","modified_gmt":"2024-12-13T12:37:27","slug":"chicco-shampoig-500ml","status":"publish","type":"product","link":"https:\/\/pararepublique.com\/index.php\/product\/chicco-shampoig-500ml\/","title":{"rendered":"CHICCO SHAMPOIG 500ML"},"content":{"rendered":"<div class=\"row align-items-center\">\n<div class=\"col-12 \">\n<div id=\"my_text1\" class=\"toggle_text desp-bundle\">\n<ul>\n<li><strong>Cheveux hydrat\u00e9s hydratants et mous et sans angle: <\/strong>Le tout nouveau chicco Baby Moments No Tears Shampoo est l\u00e0 pour garder les cheveux et le cuir chevelu nourris et hydrat\u00e9s d\u00e8s sa premi\u00e8re utilisation. La nouvelle formule avanc\u00e9e apporte un double avantage \u00e0 la fois aux cheveux du b\u00e9b\u00e9 et au cuir chevelu en:\n<ul>\n<li><strong>Rendre les cheveux de b\u00e9b\u00e9 doux et lisses<\/strong><\/li>\n<li><strong>Pr\u00e9vention de la mise en pente des cheveux et de la s\u00e9cheresse du cuir chevelu<\/strong><\/li>\n<li><strong>Rendre les cheveux sains et brillants<\/strong><\/li>\n<\/ul>\n<\/li>\n<li><strong>Mieux: <\/strong>Fait avec la bont\u00e9 de <strong>Ingr\u00e9dients naturels<\/strong> qui ont une efficacit\u00e9 av\u00e9r\u00e9e \u00e9lev\u00e9e dans le cuir chevelu nourrissant les cheveux et le cuir chevelu.\n<ul>\n<li><strong>Bonnet\u00e9 de Calendula<\/strong> qui a d&rsquo;excellentes propri\u00e9t\u00e9s naturelles de conditionnement et d&rsquo;hydratation qui emp\u00eache les cheveux de l&rsquo;enchev\u00eatrement et la s\u00e9cheresse du cuir chevelu.<\/li>\n<li><strong>L\u2019acb\u00e9tologie de l\u2019hibiscus<\/strong> qui maintient le niveau de pH du cuir chevelu d\u00e9licat du b\u00e9b\u00e9 et favorise la croissance des cheveux.<\/li>\n<\/ul>\n<\/li>\n<li><strong>Formule avanc\u00e9e<\/strong> sous forme de <strong>ph\u00e9noxy\u00e9thanol:<\/strong> le ph\u00e9noxy\u00e9thanol est un conservateur couramment utilis\u00e9, dont l&rsquo;utilisation excessive est suspect\u00e9e \u00e0 l&rsquo;\u00e9chelle mondiale de provoquer une irritation de la peau et des allergies sur la peau sensible des b\u00e9b\u00e9s.<\/li>\n<li><strong>Formule de s\u00e9curit\u00e9 :<\/strong> \u00c9galement exempt de produits chimiques nocifs et de conservateurs comme les parab\u00e8nes, les tropolones, l&rsquo;huile min\u00e9rale, les SLS, les SLS, l&rsquo;alcool, les colorants, sans ajout d&rsquo;EDTA et de phtalates.<\/li>\n<li><strong>Ingr\u00e9dients d&rsquo;origine v\u00e9g\u00e9tarienne<\/strong><\/li>\n<li><strong>Aucune formule larmes<\/strong> qui n\u2019irrite pas les yeux du b\u00e9b\u00e9. Teste dermatologique sur la peau sensible des b\u00e9b\u00e9s.<\/li>\n<li><strong>Acqu\u00e9rir de la confiance et de l&rsquo;expertise mondiale du Centre de recherche Chicco. <\/strong>La nouvelle gamme de Chicco Baby Moments est formul\u00e9e pour r\u00e9pondre aux normes de s\u00e9curit\u00e9 et d&rsquo;efficacit\u00e9 les plus strictes du centre de recherche de Chicco, r\u00e9pondant ainsi aux exigences des parents du nouvel \u00e2ge.<\/li>\n<li><strong>Plus de 60 ans d&rsquo;exp\u00e9rience et de recherche mondiales en mati\u00e8re de soins aux b\u00e9b\u00e9s<\/strong><\/li>\n<li><strong>Parce que nous, comme les parents, croyons que les b\u00e9b\u00e9s m\u00e9ritent le meilleur.<\/strong> Nous mettons les parents en \u00e2ge de prendre au c\u0153ur les pr\u00e9occupations des parents et les soins aux b\u00e9b\u00e9s et nous nous effor\u00e7ons constamment de construire des produits de meilleure qualit\u00e9 et avanc\u00e9s pour les b\u00e9b\u00e9s. Nous faisons tout notre possible gr\u00e2ce \u00e0 nos connaissances scientifiques et \u00e0 notre exp\u00e9rience mondiale de plus de 60 ans pour fournir les soins id\u00e9aux aux b\u00e9b\u00e9s.<\/li>\n<li>Chicco est l&rsquo;une des plus grandes marques de soins aux b\u00e9b\u00e9s au monde. Fort d&rsquo;une exp\u00e9rience et d&rsquo;une expertise de plus de 60 ans, il offre une large gamme de produits pour b\u00e9b\u00e9s dans les cat\u00e9gories de soins infirmiers, articles de toilette pour b\u00e9b\u00e9s, jouets, voyages (pour roulettes et si\u00e8ges de s\u00e9curit\u00e9 automobile) et de mode.<\/li>\n<\/ul>\n<\/div>\n<\/div>\n<\/div>\n","protected":false},"excerpt":{"rendered":"<p>Nouvelle formule avanc\u00e9e. 0% Ph\u00e9noxoxy\u00e9thanol, parapluie et tropolone. Bont\u00e9 des ingr\u00e9dients naturels de l&rsquo;origine v\u00e9g\u00e9tarien. Pas de larmes, sans savon, formule hydratante et de conditionnement riche pour les cheveux doux et le cuir chevelu de b\u00e9b\u00e9.<\/p>\n<p class=\"text_green\">Age recommand\u00e9 : 0 mois<\/p>\n","protected":false},"featured_media":14583,"comment_status":"open","ping_status":"closed","template":"","meta":{"inline_featured_image":false,"_monsterinsights_skip_tracking":false,"_monsterinsights_sitenote_active":false,"_monsterinsights_sitenote_note":"","_monsterinsights_sitenote_category":0,"_joinchat":[]},"product_cat":[151],"product_tag":[],"class_list":{"0":"post-14582","1":"product","2":"type-product","3":"status-publish","4":"has-post-thumbnail","6":"product_cat-chicco","8":"first","9":"instock","10":"shipping-taxable","11":"purchasable","12":"product-type-simple","13":"add-to-wishlist-after_add_to_cart"},"aioseo_notices":[],"_links":{"self":[{"href":"https:\/\/pararepublique.com\/index.php\/wp-json\/wp\/v2\/product\/14582","targetHints":{"allow":["GET"]}}],"collection":[{"href":"https:\/\/pararepublique.com\/index.php\/wp-json\/wp\/v2\/product"}],"about":[{"href":"https:\/\/pararepublique.com\/index.php\/wp-json\/wp\/v2\/types\/product"}],"replies":[{"embeddable":true,"href":"https:\/\/pararepublique.com\/index.php\/wp-json\/wp\/v2\/comments?post=14582"}],"version-history":[{"count":2,"href":"https:\/\/pararepublique.com\/index.php\/wp-json\/wp\/v2\/product\/14582\/revisions"}],"predecessor-version":[{"id":14585,"href":"https:\/\/pararepublique.com\/index.php\/wp-json\/wp\/v2\/product\/14582\/revisions\/14585"}],"wp:featuredmedia":[{"embeddable":true,"href":"https:\/\/pararepublique.com\/index.php\/wp-json\/wp\/v2\/media\/14583"}],"wp:attachment":[{"href":"https:\/\/pararepublique.com\/index.php\/wp-json\/wp\/v2\/media?parent=14582"}],"wp:term":[{"taxonomy":"product_cat","embeddable":true,"href":"https:\/\/pararepublique.com\/index.php\/wp-json\/wp\/v2\/product_cat?post=14582"},{"taxonomy":"product_tag","embeddable":true,"href":"https:\/\/pararepublique.com\/index.php\/wp-json\/wp\/v2\/product_tag?post=14582"}],"curies":[{"name":"wp","href":"https:\/\/api.w.org\/{rel}","templated":true}]}}