{"id":14586,"date":"2024-12-13T12:46:33","date_gmt":"2024-12-13T12:46:33","guid":{"rendered":"https:\/\/pararepublique.com\/?post_type=product&#038;p=14586"},"modified":"2024-12-13T12:46:33","modified_gmt":"2024-12-13T12:46:33","slug":"chicco-spray-lait-solaire-ip-50","status":"publish","type":"product","link":"https:\/\/pararepublique.com\/index.php\/product\/chicco-spray-lait-solaire-ip-50\/","title":{"rendered":"CHICCO SPRAY LAIT SOLAIRE IP 50+"},"content":{"rendered":"<p>Le lait solaire 50+ de Chicco, avec une tr\u00e8s haute protection, est con\u00e7u pour prot\u00e9ger la peau d\u00e9licate des enfants, tout en la nourrissant et en la prot\u00e9geant contre tous les types de rayons solaires UVA et UVB. Sa formule ne contient ni parab\u00e8nes, ni ph\u00e9noxy\u00e9thanol, ni PEG, ni parfums. Elle est enrichie d&rsquo;ingr\u00e9dients actifs tels que la vitamine E et l&rsquo;extrait de Physalis, aux propri\u00e9t\u00e9s antioxydantes. Format spray pratique pour une application facile. Formule r\u00e9sistante \u00e0 l&rsquo;eau.<\/p>\n","protected":false},"excerpt":{"rendered":"<p>Le lait solaire 50+ de Chicco, avec une tr\u00e8s haute protection, est con\u00e7u pour prot\u00e9ger la peau d\u00e9licate des enfants, tout en la nourrissant et en la prot\u00e9geant contre tous les types de rayons solaires UVA et UVB.<\/p>\n","protected":false},"featured_media":14587,"comment_status":"open","ping_status":"closed","template":"","meta":{"inline_featured_image":false,"_monsterinsights_skip_tracking":false,"_monsterinsights_sitenote_active":false,"_monsterinsights_sitenote_note":"","_monsterinsights_sitenote_category":0,"_joinchat":[]},"product_cat":[151],"product_tag":[],"class_list":{"0":"post-14586","1":"product","2":"type-product","3":"status-publish","4":"has-post-thumbnail","6":"product_cat-chicco","8":"first","9":"instock","10":"shipping-taxable","11":"purchasable","12":"product-type-simple","13":"add-to-wishlist-after_add_to_cart"},"aioseo_notices":[],"_links":{"self":[{"href":"https:\/\/pararepublique.com\/index.php\/wp-json\/wp\/v2\/product\/14586","targetHints":{"allow":["GET"]}}],"collection":[{"href":"https:\/\/pararepublique.com\/index.php\/wp-json\/wp\/v2\/product"}],"about":[{"href":"https:\/\/pararepublique.com\/index.php\/wp-json\/wp\/v2\/types\/product"}],"replies":[{"embeddable":true,"href":"https:\/\/pararepublique.com\/index.php\/wp-json\/wp\/v2\/comments?post=14586"}],"version-history":[{"count":2,"href":"https:\/\/pararepublique.com\/index.php\/wp-json\/wp\/v2\/product\/14586\/revisions"}],"predecessor-version":[{"id":14589,"href":"https:\/\/pararepublique.com\/index.php\/wp-json\/wp\/v2\/product\/14586\/revisions\/14589"}],"wp:featuredmedia":[{"embeddable":true,"href":"https:\/\/pararepublique.com\/index.php\/wp-json\/wp\/v2\/media\/14587"}],"wp:attachment":[{"href":"https:\/\/pararepublique.com\/index.php\/wp-json\/wp\/v2\/media?parent=14586"}],"wp:term":[{"taxonomy":"product_cat","embeddable":true,"href":"https:\/\/pararepublique.com\/index.php\/wp-json\/wp\/v2\/product_cat?post=14586"},{"taxonomy":"product_tag","embeddable":true,"href":"https:\/\/pararepublique.com\/index.php\/wp-json\/wp\/v2\/product_tag?post=14586"}],"curies":[{"name":"wp","href":"https:\/\/api.w.org\/{rel}","templated":true}]}}