{"id":14590,"date":"2024-12-13T12:50:58","date_gmt":"2024-12-13T12:50:58","guid":{"rendered":"https:\/\/pararepublique.com\/?post_type=product&#038;p=14590"},"modified":"2024-12-13T12:50:59","modified_gmt":"2024-12-13T12:50:59","slug":"chicco-creme-solaire-75ml-om","status":"publish","type":"product","link":"https:\/\/pararepublique.com\/index.php\/product\/chicco-creme-solaire-75ml-om\/","title":{"rendered":"CHICCO CREME SOLAIRE 75ML OM+"},"content":{"rendered":"<div class=\"product__content__main__box__text__inner\">\n<div class=\"product__content__main__box__text__checker\">\n<p>CHICCO Cr\u00e8me solaire pour enfants SPF50+ 75ml, 0m+<\/p>\n<p>La cr\u00e8me solaire avec une tr\u00e8s haute protection SPF 50+ est sp\u00e9cialement d\u00e9velopp\u00e9e pour la peau sensible des enfants.<\/p>\n<p>Elle la prot\u00e8ge contre tous les types de rayons solaires : UVA, UVB et infrarouges (IR).<\/p>\n<p><strong>Caract\u00e9ristiques :<\/strong><\/p>\n<ul>\n<li>application facile sous forme de cr\u00e8me<\/li>\n<li>r\u00e9sistant \u00e0 l&rsquo;eau<\/li>\n<li>structure l\u00e9g\u00e8re et non grasse<\/li>\n<li>ne contient pas de filtres UV chimiques<\/li>\n<li>ne contient pas de colorants, d&rsquo;alcool, de parab\u00e8nes, de parfums<\/li>\n<li>hypoallerg\u00e9nique et r\u00e9sistant \u00e0 l&rsquo;eau<\/li>\n<li>cliniquement test\u00e9 sur peau sensible<\/li>\n<li>adapt\u00e9 aux enfants d\u00e8s 0 mois et aux adultes ayant la peau sensible<\/li>\n<li>volume : 75ml<\/li>\n<\/ul>\n<\/div>\n<\/div>\n","protected":false},"excerpt":{"rendered":"<p>La cr\u00e8me solaire avec une tr\u00e8s haute protection SPF 50+ est sp\u00e9cialement d\u00e9velopp\u00e9e pour la peau sensible des enfants. Elle la prot\u00e8ge contre tous les types de rayons solaires : UVA, UVB et infrarouges (IR).<\/p>\n","protected":false},"featured_media":14591,"comment_status":"open","ping_status":"closed","template":"","meta":{"inline_featured_image":false,"_monsterinsights_skip_tracking":false,"_monsterinsights_sitenote_active":false,"_monsterinsights_sitenote_note":"","_monsterinsights_sitenote_category":0,"_joinchat":[]},"product_cat":[151],"product_tag":[],"class_list":{"0":"post-14590","1":"product","2":"type-product","3":"status-publish","4":"has-post-thumbnail","6":"product_cat-chicco","8":"first","9":"instock","10":"shipping-taxable","11":"purchasable","12":"product-type-simple","13":"add-to-wishlist-after_add_to_cart"},"aioseo_notices":[],"_links":{"self":[{"href":"https:\/\/pararepublique.com\/index.php\/wp-json\/wp\/v2\/product\/14590","targetHints":{"allow":["GET"]}}],"collection":[{"href":"https:\/\/pararepublique.com\/index.php\/wp-json\/wp\/v2\/product"}],"about":[{"href":"https:\/\/pararepublique.com\/index.php\/wp-json\/wp\/v2\/types\/product"}],"replies":[{"embeddable":true,"href":"https:\/\/pararepublique.com\/index.php\/wp-json\/wp\/v2\/comments?post=14590"}],"version-history":[{"count":2,"href":"https:\/\/pararepublique.com\/index.php\/wp-json\/wp\/v2\/product\/14590\/revisions"}],"predecessor-version":[{"id":14593,"href":"https:\/\/pararepublique.com\/index.php\/wp-json\/wp\/v2\/product\/14590\/revisions\/14593"}],"wp:featuredmedia":[{"embeddable":true,"href":"https:\/\/pararepublique.com\/index.php\/wp-json\/wp\/v2\/media\/14591"}],"wp:attachment":[{"href":"https:\/\/pararepublique.com\/index.php\/wp-json\/wp\/v2\/media?parent=14590"}],"wp:term":[{"taxonomy":"product_cat","embeddable":true,"href":"https:\/\/pararepublique.com\/index.php\/wp-json\/wp\/v2\/product_cat?post=14590"},{"taxonomy":"product_tag","embeddable":true,"href":"https:\/\/pararepublique.com\/index.php\/wp-json\/wp\/v2\/product_tag?post=14590"}],"curies":[{"name":"wp","href":"https:\/\/api.w.org\/{rel}","templated":true}]}}