{"id":14594,"date":"2024-12-13T12:58:54","date_gmt":"2024-12-13T12:58:54","guid":{"rendered":"https:\/\/pararepublique.com\/?post_type=product&#038;p=14594"},"modified":"2024-12-13T12:58:55","modified_gmt":"2024-12-13T12:58:55","slug":"coffret-biberon-7pcs-stepgoupill","status":"publish","type":"product","link":"https:\/\/pararepublique.com\/index.php\/product\/coffret-biberon-7pcs-stepgoupill\/","title":{"rendered":"COFFRET BIBERON 7PCS STEP+GOUPILL"},"content":{"rendered":"<div class=\"description-block description-block--intro\">\n<h2 class=\"description-text\">Coffret Naissance Natural Start TOMMEE TIPPEE<\/h2>\n<p class=\"description-text\">Tommee Tippee vous simplifie la vie avec son Kit Naissance Natural Start pour \u00eatre parfaitement \u00e9quip\u00e9 pour accueillir votre tout petit !<\/p>\n<p>Id\u00e9al pour d\u00e9buter l&rsquo;allaitement sans stress, le Kit naissance Natural Start par Tommee Tippee contient les essentiels au repas de b\u00e9b\u00e9 : il est compos\u00e9 de 2 biberons 150ml, 2 biberons 260ml, 2 t\u00e9tines \u00e0 d\u00e9bit moyen, 2 sucettes 0\/6mois nuit et 1 goupillon pour biberon et t\u00e9tines !<\/p>\n<p>&nbsp;<\/p>\n<p>Le biberon Natural Start par Tommee Tippee a \u00e9t\u00e9 con\u00e7u pour offrir un maximum de confort \u00e0 votre b\u00e9b\u00e9 durant la t\u00e9t\u00e9e. Il facilite la transition entre l&rsquo;allaitement au sein et l&rsquo;alimentation au biberon, et inversement, gr\u00e2ce \u00e0 sa t\u00e9tine en silicone doux qui imite la forme et le mouvement naturel du sein maternel.<\/p>\n<p>La valve anti-colique int\u00e9gr\u00e9e contribue \u00e0 r\u00e9duire les coliques chez b\u00e9b\u00e9 en \u00e9vitant l&rsquo;ingestion d&rsquo;air pendant l&rsquo;alimentation. Cela permet \u00e0 votre b\u00e9b\u00e9 de se nourrir confortablement et de fa\u00e7on plus paisible.<\/p>\n<p>Le biberon est con\u00e7u avec une fonctionnalit\u00e9 d&rsquo;auto-st\u00e9rilisation rapide. Vous pouvez le st\u00e9riliser en seulement trois minutes au micro-ondes, ce qui facilite grandement son entretien et garantit une hygi\u00e8ne optimale.<\/p>\n<p>La prise en bouche naturelle encourag\u00e9e par la t\u00e9tine en silicone permet \u00e0 votre b\u00e9b\u00e9 de t\u00e9ter \u00e0 son propre rythme, favorisant une exp\u00e9rience d&rsquo;alimentation sereine. Le biberon est 100% \u00e9tanche avec son couvercle, m\u00eame lorsqu&rsquo;il est renvers\u00e9, ce qui \u00e9vite tout risque de fuite. Enfin, ce biberon est exempt de BPA, ce qui garantit la s\u00e9curit\u00e9 de votre b\u00e9b\u00e9.<\/p>\n<p>Profitez de ce biberon innovant et pratique pour une exp\u00e9rience d&rsquo;alimentation \u00e9quilibr\u00e9e et sereine pour vous et votre b\u00e9b\u00e9 !<\/p>\n<p>Ces biberons sont accompagn\u00e9s d\u2019un goupillon de nettoyage Tommee Tippee a \u00e9t\u00e9 sp\u00e9cialement con\u00e7ue en deux parties pour nettoyer les biberons et les t\u00e9tines. Sa brosse extra-large permet d&rsquo;atteindre les zones difficiles \u00e0 nettoyer tandis qu&rsquo;une autre plus petite a \u00e9t\u00e9 sp\u00e9cialement con\u00e7ue pour nettoyer les t\u00e9tines. Les poils de la brosse con\u00e7us en nylon longue dur\u00e9e et la poign\u00e9e antiglisse vous faciliteront le nettoyage du biberon de b\u00e9b\u00e9.<\/p>\n<p>Pensez \u00e0 glisser le Kit Naissance Tommee Tippee dans la liste de naissance pour pr\u00e9parer l&rsquo;arriv\u00e9e de b\u00e9b\u00e9 en toute s\u00e9r\u00e9nit\u00e9 !<\/p>\n<\/div>\n","protected":false},"excerpt":{"rendered":"<h3 class=\"memo_fps_produit_title\">Coffret Naissance Natural Start TOMMEE TIPPEE <span class=\"current-coloris\">&#8211; transparent<\/span><\/h3>\n","protected":false},"featured_media":14595,"comment_status":"open","ping_status":"closed","template":"","meta":{"inline_featured_image":false,"_monsterinsights_skip_tracking":false,"_monsterinsights_sitenote_active":false,"_monsterinsights_sitenote_note":"","_monsterinsights_sitenote_category":0,"_joinchat":[]},"product_cat":[151],"product_tag":[],"class_list":{"0":"post-14594","1":"product","2":"type-product","3":"status-publish","4":"has-post-thumbnail","6":"product_cat-chicco","8":"first","9":"instock","10":"shipping-taxable","11":"purchasable","12":"product-type-simple","13":"add-to-wishlist-after_add_to_cart"},"aioseo_notices":[],"_links":{"self":[{"href":"https:\/\/pararepublique.com\/index.php\/wp-json\/wp\/v2\/product\/14594","targetHints":{"allow":["GET"]}}],"collection":[{"href":"https:\/\/pararepublique.com\/index.php\/wp-json\/wp\/v2\/product"}],"about":[{"href":"https:\/\/pararepublique.com\/index.php\/wp-json\/wp\/v2\/types\/product"}],"replies":[{"embeddable":true,"href":"https:\/\/pararepublique.com\/index.php\/wp-json\/wp\/v2\/comments?post=14594"}],"version-history":[{"count":1,"href":"https:\/\/pararepublique.com\/index.php\/wp-json\/wp\/v2\/product\/14594\/revisions"}],"predecessor-version":[{"id":14596,"href":"https:\/\/pararepublique.com\/index.php\/wp-json\/wp\/v2\/product\/14594\/revisions\/14596"}],"wp:featuredmedia":[{"embeddable":true,"href":"https:\/\/pararepublique.com\/index.php\/wp-json\/wp\/v2\/media\/14595"}],"wp:attachment":[{"href":"https:\/\/pararepublique.com\/index.php\/wp-json\/wp\/v2\/media?parent=14594"}],"wp:term":[{"taxonomy":"product_cat","embeddable":true,"href":"https:\/\/pararepublique.com\/index.php\/wp-json\/wp\/v2\/product_cat?post=14594"},{"taxonomy":"product_tag","embeddable":true,"href":"https:\/\/pararepublique.com\/index.php\/wp-json\/wp\/v2\/product_tag?post=14594"}],"curies":[{"name":"wp","href":"https:\/\/api.w.org\/{rel}","templated":true}]}}