{"id":14606,"date":"2024-12-13T13:18:59","date_gmt":"2024-12-13T13:18:59","guid":{"rendered":"https:\/\/pararepublique.com\/?post_type=product&#038;p=14606"},"modified":"2024-12-13T13:18:59","modified_gmt":"2024-12-13T13:18:59","slug":"chicco-detergent-serviette-b-15","status":"publish","type":"product","link":"https:\/\/pararepublique.com\/index.php\/product\/chicco-detergent-serviette-b-15\/","title":{"rendered":"CHICCO DETERGENT SERVIETTE B\/15"},"content":{"rendered":"<div class=\"product__content__main__box__text__inner\">\n<div class=\"product__content__main__box__text__checker\">\n<p>D\u00e9tergent pour b\u00e9b\u00e9 Chicco Sensitive, 1,5l<\/p>\n<p>Le d\u00e9tergent Chicco est sp\u00e9cialement con\u00e7u pour nettoyer les v\u00eatements pour enfants.<\/p>\n<p>\u2022 Gr\u00e2ce \u00e0 sa composition, il \u00e9limine efficacement les taches et les odeurs et maintient les v\u00eatements propres et d\u00e9licatement parfum\u00e9s.<br \/>\n\u2022 Efficace pour le lavage \u00e0 la main et en machine &#8211; \u00e0 basse et haute temp\u00e9rature sans r\u00e9sidus<br \/>\n\u2022 Composition concentr\u00e9e, jusqu&rsquo;\u00e0 27 lavages dans une bouteille.<br \/>\n\u2022 Hypoallerg\u00e9nique<br \/>\n\u2022 Ne contient pas de colorants<br \/>\n\u2022 Test\u00e9 dermatologiquement sur les peaux sensibles<\/p>\n<p>Nombre standard de lavages : 27<br \/>\nVolume : 1,5L<\/p>\n<\/div>\n<\/div>\n","protected":false},"excerpt":{"rendered":"<p>Le d\u00e9tergent Chicco est sp\u00e9cialement con\u00e7u pour nettoyer les v\u00eatements pour enfants. Gr\u00e2ce \u00e0 sa composition, il \u00e9limine efficacement les taches et les odeurs et maintient les v\u00eatements propres et d\u00e9licatement parfum\u00e9s.<\/p>\n","protected":false},"featured_media":14607,"comment_status":"open","ping_status":"closed","template":"","meta":{"inline_featured_image":false,"_monsterinsights_skip_tracking":false,"_monsterinsights_sitenote_active":false,"_monsterinsights_sitenote_note":"","_monsterinsights_sitenote_category":0,"_joinchat":[]},"product_cat":[151],"product_tag":[],"class_list":{"0":"post-14606","1":"product","2":"type-product","3":"status-publish","4":"has-post-thumbnail","6":"product_cat-chicco","8":"first","9":"instock","10":"shipping-taxable","11":"purchasable","12":"product-type-simple","13":"add-to-wishlist-after_add_to_cart"},"aioseo_notices":[],"_links":{"self":[{"href":"https:\/\/pararepublique.com\/index.php\/wp-json\/wp\/v2\/product\/14606","targetHints":{"allow":["GET"]}}],"collection":[{"href":"https:\/\/pararepublique.com\/index.php\/wp-json\/wp\/v2\/product"}],"about":[{"href":"https:\/\/pararepublique.com\/index.php\/wp-json\/wp\/v2\/types\/product"}],"replies":[{"embeddable":true,"href":"https:\/\/pararepublique.com\/index.php\/wp-json\/wp\/v2\/comments?post=14606"}],"version-history":[{"count":1,"href":"https:\/\/pararepublique.com\/index.php\/wp-json\/wp\/v2\/product\/14606\/revisions"}],"predecessor-version":[{"id":14608,"href":"https:\/\/pararepublique.com\/index.php\/wp-json\/wp\/v2\/product\/14606\/revisions\/14608"}],"wp:featuredmedia":[{"embeddable":true,"href":"https:\/\/pararepublique.com\/index.php\/wp-json\/wp\/v2\/media\/14607"}],"wp:attachment":[{"href":"https:\/\/pararepublique.com\/index.php\/wp-json\/wp\/v2\/media?parent=14606"}],"wp:term":[{"taxonomy":"product_cat","embeddable":true,"href":"https:\/\/pararepublique.com\/index.php\/wp-json\/wp\/v2\/product_cat?post=14606"},{"taxonomy":"product_tag","embeddable":true,"href":"https:\/\/pararepublique.com\/index.php\/wp-json\/wp\/v2\/product_tag?post=14606"}],"curies":[{"name":"wp","href":"https:\/\/api.w.org\/{rel}","templated":true}]}}