{"id":14609,"date":"2024-12-13T13:21:27","date_gmt":"2024-12-13T13:21:27","guid":{"rendered":"https:\/\/pararepublique.com\/?post_type=product&#038;p=14609"},"modified":"2024-12-13T13:21:27","modified_gmt":"2024-12-13T13:21:27","slug":"chicco-goupillon","status":"publish","type":"product","link":"https:\/\/pararepublique.com\/index.php\/product\/chicco-goupillon\/","title":{"rendered":"CHICCO GOUPILLON"},"content":{"rendered":"<p>La brosse pratique pour bouteilles avec poils en silicone vous permet de nettoyer tous les types de bouteilles et accessoires des lignes Chicco.<\/p>\n<p>La duret\u00e9 diff\u00e9rente des poils permet d&rsquo;\u00e9liminer les r\u00e9sidus alimentaires, m\u00eame dans les zones les plus difficiles d&rsquo;acc\u00e8s de la bouteille, en respectant la surface de l&rsquo;int\u00e9rieur de la bouteille. Le manche contient une brosse sp\u00e9cifique pour le nettoyage des t\u00e9tines, ce qui limite les risques de lac\u00e9rations.<\/p>\n<p>Il peut \u00eatre facilement rang\u00e9 apr\u00e8s utilisation, en le suspendant dans la cuisine, \u00e0 l&rsquo;aide du crochet sur la poign\u00e9e.<\/p>\n","protected":false},"excerpt":{"rendered":"<p>La brosse pratique pour bouteilles avec poils en silicone vous permet de nettoyer tous les types de bouteilles et accessoires des lignes Chicco.<\/p>\n","protected":false},"featured_media":14610,"comment_status":"open","ping_status":"closed","template":"","meta":{"inline_featured_image":false,"_monsterinsights_skip_tracking":false,"_monsterinsights_sitenote_active":false,"_monsterinsights_sitenote_note":"","_monsterinsights_sitenote_category":0,"_joinchat":[]},"product_cat":[151],"product_tag":[],"class_list":{"0":"post-14609","1":"product","2":"type-product","3":"status-publish","4":"has-post-thumbnail","6":"product_cat-chicco","8":"first","9":"instock","10":"shipping-taxable","11":"purchasable","12":"product-type-simple","13":"add-to-wishlist-after_add_to_cart"},"aioseo_notices":[],"_links":{"self":[{"href":"https:\/\/pararepublique.com\/index.php\/wp-json\/wp\/v2\/product\/14609","targetHints":{"allow":["GET"]}}],"collection":[{"href":"https:\/\/pararepublique.com\/index.php\/wp-json\/wp\/v2\/product"}],"about":[{"href":"https:\/\/pararepublique.com\/index.php\/wp-json\/wp\/v2\/types\/product"}],"replies":[{"embeddable":true,"href":"https:\/\/pararepublique.com\/index.php\/wp-json\/wp\/v2\/comments?post=14609"}],"version-history":[{"count":2,"href":"https:\/\/pararepublique.com\/index.php\/wp-json\/wp\/v2\/product\/14609\/revisions"}],"predecessor-version":[{"id":14612,"href":"https:\/\/pararepublique.com\/index.php\/wp-json\/wp\/v2\/product\/14609\/revisions\/14612"}],"wp:featuredmedia":[{"embeddable":true,"href":"https:\/\/pararepublique.com\/index.php\/wp-json\/wp\/v2\/media\/14610"}],"wp:attachment":[{"href":"https:\/\/pararepublique.com\/index.php\/wp-json\/wp\/v2\/media?parent=14609"}],"wp:term":[{"taxonomy":"product_cat","embeddable":true,"href":"https:\/\/pararepublique.com\/index.php\/wp-json\/wp\/v2\/product_cat?post=14609"},{"taxonomy":"product_tag","embeddable":true,"href":"https:\/\/pararepublique.com\/index.php\/wp-json\/wp\/v2\/product_tag?post=14609"}],"curies":[{"name":"wp","href":"https:\/\/api.w.org\/{rel}","templated":true}]}}