{"id":14621,"date":"2024-12-13T15:29:04","date_gmt":"2024-12-13T15:29:04","guid":{"rendered":"https:\/\/pararepublique.com\/?post_type=product&#038;p=14621"},"modified":"2024-12-13T15:29:04","modified_gmt":"2024-12-13T15:29:04","slug":"chicco-indicateur-temperature","status":"publish","type":"product","link":"https:\/\/pararepublique.com\/index.php\/product\/chicco-indicateur-temperature\/","title":{"rendered":"CHICCO INDICATEUR TEMPERATURE"},"content":{"rendered":"<p>Id\u00e9al aussi bien pour contr\u00f4ler la temp\u00e9rature de l&rsquo;eau du bain de b\u00e9b\u00e9 que pour mettre dans sa chambre pour mesurer la temp\u00e9rature ambiante !<\/p>\n","protected":false},"excerpt":{"rendered":"<p>Aide \u00e0 mesurer la temp\u00e9rature du bain de votre enfant ainsi que la temp\u00e9rature ambiante des pi\u00e8ces dans lesquelles il se trouve<\/p>\n","protected":false},"featured_media":14622,"comment_status":"open","ping_status":"closed","template":"","meta":{"inline_featured_image":false,"_monsterinsights_skip_tracking":false,"_monsterinsights_sitenote_active":false,"_monsterinsights_sitenote_note":"","_monsterinsights_sitenote_category":0,"_joinchat":[]},"product_cat":[151],"product_tag":[],"class_list":{"0":"post-14621","1":"product","2":"type-product","3":"status-publish","4":"has-post-thumbnail","6":"product_cat-chicco","8":"first","9":"instock","10":"shipping-taxable","11":"purchasable","12":"product-type-simple","13":"add-to-wishlist-after_add_to_cart"},"aioseo_notices":[],"_links":{"self":[{"href":"https:\/\/pararepublique.com\/index.php\/wp-json\/wp\/v2\/product\/14621","targetHints":{"allow":["GET"]}}],"collection":[{"href":"https:\/\/pararepublique.com\/index.php\/wp-json\/wp\/v2\/product"}],"about":[{"href":"https:\/\/pararepublique.com\/index.php\/wp-json\/wp\/v2\/types\/product"}],"replies":[{"embeddable":true,"href":"https:\/\/pararepublique.com\/index.php\/wp-json\/wp\/v2\/comments?post=14621"}],"version-history":[{"count":1,"href":"https:\/\/pararepublique.com\/index.php\/wp-json\/wp\/v2\/product\/14621\/revisions"}],"predecessor-version":[{"id":14623,"href":"https:\/\/pararepublique.com\/index.php\/wp-json\/wp\/v2\/product\/14621\/revisions\/14623"}],"wp:featuredmedia":[{"embeddable":true,"href":"https:\/\/pararepublique.com\/index.php\/wp-json\/wp\/v2\/media\/14622"}],"wp:attachment":[{"href":"https:\/\/pararepublique.com\/index.php\/wp-json\/wp\/v2\/media?parent=14621"}],"wp:term":[{"taxonomy":"product_cat","embeddable":true,"href":"https:\/\/pararepublique.com\/index.php\/wp-json\/wp\/v2\/product_cat?post=14621"},{"taxonomy":"product_tag","embeddable":true,"href":"https:\/\/pararepublique.com\/index.php\/wp-json\/wp\/v2\/product_tag?post=14621"}],"curies":[{"name":"wp","href":"https:\/\/api.w.org\/{rel}","templated":true}]}}