{"id":14624,"date":"2024-12-13T15:34:51","date_gmt":"2024-12-13T15:34:51","guid":{"rendered":"https:\/\/pararepublique.com\/?post_type=product&#038;p=14624"},"modified":"2024-12-13T15:34:51","modified_gmt":"2024-12-13T15:34:51","slug":"chicco-lingette-seins-omb-20","status":"publish","type":"product","link":"https:\/\/pararepublique.com\/index.php\/product\/chicco-lingette-seins-omb-20\/","title":{"rendered":"CHICCO LINGETTE SEINS OM+B\/20"},"content":{"rendered":"<div id=\"productDescription_feature_div\" class=\"celwidget\" data-feature-name=\"productDescription\" data-csa-c-type=\"widget\" data-csa-c-content-id=\"productDescription\" data-csa-c-slot-id=\"productDescription_feature_div\" data-csa-c-asin=\"\" data-csa-c-is-in-initial-active-row=\"false\" data-csa-c-id=\"v9lr9o-y8vzm0-692qel-sxl4fn\" data-cel-widget=\"productDescription_feature_div\">\n<div>\n<div id=\"productDescription_feature_div\" class=\"a-row feature\" data-feature-name=\"productDescription\" data-template-name=\"productDescription\" data-cel-widget=\"productDescription_feature_div\">\n<div id=\"productDescription\" class=\"a-section a-spacing-small\">\n<p>Lingettes nettoyantes Berry Wipe pour l&rsquo;hygi\u00e8ne des seins. Inodore et sans go\u00fbt pour les prot\u00e9ines naturelles. Pour allaiter en toute s\u00e9curit\u00e9. Les lingettes Allattasicura d\u00e9tergents gr\u00e2ce \u00e0 la formule enrichie en prot\u00e9ines de bl\u00e9 et au lait, respectent la peau hydrolipidique protectrice naturelle. Inodore et sans go\u00fbt, ils ne contiennent pas de tensioactifs, de parfums, d&rsquo;alcool ou de colorants. Peut \u00eatre utilis\u00e9 avant et apr\u00e8s l&rsquo;alimentation. Il n&rsquo;est pas n\u00e9cessaire de rincer le sein. Test\u00e9 dermatologiquement et microbiologiquement. Ingr\u00e9dients : Aqua (eau\/Eau), paraffinum Liquidum (huile min\u00e9rale\/huile), Steareth -10, Triticum Vulgate (Hydrolyzed Wheat Protein \/ Prot\u00e9ines de Bl\u00e9 Hydrolis\u00e9es), Butyris Lac (lait sec non gras \/ Lait en poudre sans mati\u00e8re), PEG- 5 st\u00e9arate de glyc\u00e9ryle, st\u00e9arate d&rsquo;\u00e9thylhexyle. Arate, Imidaza olidinyl ur\u00e9e, ph\u00e9noxy\u00e9thanol, EDTA disodique, BHA, m\u00e9thylparaben, \u00e9thylparaben, propylparaben, butylparaben. Contenu : 20 pi\u00e8ces<\/p>\n<\/div>\n<\/div>\n<\/div>\n<\/div>\n","protected":false},"excerpt":{"rendered":"<p>Lingettes nettoyantes Berry Wipe pour l&rsquo;hygi\u00e8ne des seins. Inodore et sans go\u00fbt pour les prot\u00e9ines naturelles.<\/p>\n","protected":false},"featured_media":14625,"comment_status":"open","ping_status":"closed","template":"","meta":{"inline_featured_image":false,"_monsterinsights_skip_tracking":false,"_monsterinsights_sitenote_active":false,"_monsterinsights_sitenote_note":"","_monsterinsights_sitenote_category":0,"_joinchat":[]},"product_cat":[151],"product_tag":[],"class_list":{"0":"post-14624","1":"product","2":"type-product","3":"status-publish","4":"has-post-thumbnail","6":"product_cat-chicco","8":"first","9":"instock","10":"shipping-taxable","11":"purchasable","12":"product-type-simple","13":"add-to-wishlist-after_add_to_cart"},"aioseo_notices":[],"_links":{"self":[{"href":"https:\/\/pararepublique.com\/index.php\/wp-json\/wp\/v2\/product\/14624","targetHints":{"allow":["GET"]}}],"collection":[{"href":"https:\/\/pararepublique.com\/index.php\/wp-json\/wp\/v2\/product"}],"about":[{"href":"https:\/\/pararepublique.com\/index.php\/wp-json\/wp\/v2\/types\/product"}],"replies":[{"embeddable":true,"href":"https:\/\/pararepublique.com\/index.php\/wp-json\/wp\/v2\/comments?post=14624"}],"version-history":[{"count":1,"href":"https:\/\/pararepublique.com\/index.php\/wp-json\/wp\/v2\/product\/14624\/revisions"}],"predecessor-version":[{"id":14626,"href":"https:\/\/pararepublique.com\/index.php\/wp-json\/wp\/v2\/product\/14624\/revisions\/14626"}],"wp:featuredmedia":[{"embeddable":true,"href":"https:\/\/pararepublique.com\/index.php\/wp-json\/wp\/v2\/media\/14625"}],"wp:attachment":[{"href":"https:\/\/pararepublique.com\/index.php\/wp-json\/wp\/v2\/media?parent=14624"}],"wp:term":[{"taxonomy":"product_cat","embeddable":true,"href":"https:\/\/pararepublique.com\/index.php\/wp-json\/wp\/v2\/product_cat?post=14624"},{"taxonomy":"product_tag","embeddable":true,"href":"https:\/\/pararepublique.com\/index.php\/wp-json\/wp\/v2\/product_tag?post=14624"}],"curies":[{"name":"wp","href":"https:\/\/api.w.org\/{rel}","templated":true}]}}