{"id":14642,"date":"2024-12-13T15:52:13","date_gmt":"2024-12-13T15:52:13","guid":{"rendered":"https:\/\/pararepublique.com\/?post_type=product&#038;p=14642"},"modified":"2024-12-13T15:52:13","modified_gmt":"2024-12-13T15:52:13","slug":"chicco-mamadonna-de-soutien","status":"publish","type":"product","link":"https:\/\/pararepublique.com\/index.php\/product\/chicco-mamadonna-de-soutien\/","title":{"rendered":"CHICCO MAMADONNA DE SOUTIEN"},"content":{"rendered":"<div id=\"tab-description\" class=\"entry-content woocommerce-Tabs-panel woocommerce-Tabs-panel--description wd-active panel wc-tab\" role=\"tabpanel\" aria-labelledby=\"tab-title-description\" data-accordion-index=\"description\">\n<div class=\"wc-tab-inner wd-entry-content\">\n<div class=\"info-block col-xs-12 margin-bottom-10 padding-top-20\">\n<div class=\"h2-text\">\n<h2 class=\"gravidanza\">Le soutien-gorge d&rsquo;allaitement en coton est le sous-v\u00eatement gr\u00e2ce auquel la m\u00e8re obtiendra un maximum de confort pendant la phase d&rsquo;allaitement.<\/h2>\n<\/div>\n<\/div>\n<div class=\"row description\">\n<div class=\"col-xs-12\">\n<div class=\"intro\">\n<div class=\"row description\">\n<div class=\"col-xs-12 hidden-xs hidden-sm\">\n<p>Confortable gr\u00e2ce aux bretelles larges et r\u00e9glables qui r\u00e9duisent la pression sur le dos.<\/p>\n<p>Maintien maximal gr\u00e2ce aux bandes de maintien lat\u00e9rales \u00e9lev\u00e9es.<\/p>\n<p>Des bonnets pratiques qui s&rsquo;ouvrent d&rsquo;une seule main, ce qui rend l&rsquo;allaitement extr\u00eamement facile.<\/p>\n<p>Fermeture r\u00e9glable par 4 crochets.<\/p>\n<p>Disponible en blanc<\/p>\n<\/div>\n<\/div>\n<\/div>\n<\/div>\n<\/div>\n<\/div>\n<\/div>\n","protected":false},"excerpt":{"rendered":"<p>Confortable gr\u00e2ce aux bretelles larges et r\u00e9glables qui r\u00e9duisent la pression sur le dos.<\/p>\n","protected":false},"featured_media":14643,"comment_status":"open","ping_status":"closed","template":"","meta":{"inline_featured_image":false,"_monsterinsights_skip_tracking":false,"_monsterinsights_sitenote_active":false,"_monsterinsights_sitenote_note":"","_monsterinsights_sitenote_category":0,"_joinchat":[]},"product_cat":[151],"product_tag":[],"class_list":{"0":"post-14642","1":"product","2":"type-product","3":"status-publish","4":"has-post-thumbnail","6":"product_cat-chicco","8":"first","9":"instock","10":"shipping-taxable","11":"purchasable","12":"product-type-simple","13":"add-to-wishlist-after_add_to_cart"},"aioseo_notices":[],"_links":{"self":[{"href":"https:\/\/pararepublique.com\/index.php\/wp-json\/wp\/v2\/product\/14642","targetHints":{"allow":["GET"]}}],"collection":[{"href":"https:\/\/pararepublique.com\/index.php\/wp-json\/wp\/v2\/product"}],"about":[{"href":"https:\/\/pararepublique.com\/index.php\/wp-json\/wp\/v2\/types\/product"}],"replies":[{"embeddable":true,"href":"https:\/\/pararepublique.com\/index.php\/wp-json\/wp\/v2\/comments?post=14642"}],"version-history":[{"count":1,"href":"https:\/\/pararepublique.com\/index.php\/wp-json\/wp\/v2\/product\/14642\/revisions"}],"predecessor-version":[{"id":14644,"href":"https:\/\/pararepublique.com\/index.php\/wp-json\/wp\/v2\/product\/14642\/revisions\/14644"}],"wp:featuredmedia":[{"embeddable":true,"href":"https:\/\/pararepublique.com\/index.php\/wp-json\/wp\/v2\/media\/14643"}],"wp:attachment":[{"href":"https:\/\/pararepublique.com\/index.php\/wp-json\/wp\/v2\/media?parent=14642"}],"wp:term":[{"taxonomy":"product_cat","embeddable":true,"href":"https:\/\/pararepublique.com\/index.php\/wp-json\/wp\/v2\/product_cat?post=14642"},{"taxonomy":"product_tag","embeddable":true,"href":"https:\/\/pararepublique.com\/index.php\/wp-json\/wp\/v2\/product_tag?post=14642"}],"curies":[{"name":"wp","href":"https:\/\/api.w.org\/{rel}","templated":true}]}}