{"id":14645,"date":"2024-12-13T15:57:27","date_gmt":"2024-12-13T15:57:27","guid":{"rendered":"https:\/\/pararepublique.com\/?post_type=product&#038;p=14645"},"modified":"2024-12-13T15:57:27","modified_gmt":"2024-12-13T15:57:27","slug":"chicco-mordillo-lot-de-2-t-2m","status":"publish","type":"product","link":"https:\/\/pararepublique.com\/index.php\/product\/chicco-mordillo-lot-de-2-t-2m\/","title":{"rendered":"CHICCO MORDILLO LOT DE 2 T 2M+"},"content":{"rendered":"<p>Le Mordillo Super Soft Iguana Chicco 2m est l&rsquo;alli\u00e9 parfait pour votre b\u00e9b\u00e9 au stade de la dentication. Con\u00e7ue avec une jolie couleur d&rsquo;iguane rose, cette morsure est attrayante et fonctionnelle. Son mat\u00e9riau super-doux en silicone est s\u00fbr pour votre petit, car il est exempt de BPA, assurant son bien-\u00eatre. Avec une forme amusante d&rsquo;iguane, cette morsure non seulement soulage l&rsquo;inconfort de la dentition, mais stimule \u00e9galement les sens de votre b\u00e9b\u00e9 et encourage le d\u00e9veloppement de son moteur. Recommand\u00e9 pour les b\u00e9b\u00e9s \u00e0 partir de 2 mois, cette piq\u00fbre est facile \u00e0 saisir et \u00e0 m\u00e2cher. Chaque r\u00e9cipient contient une unit\u00e9 de cette morsure, ce qui le rend id\u00e9al pour le porter dans le sac du b\u00e9b\u00e9 ou avoir \u00e0 la maison \u00e0 la main. Avec Chicco, le confort et le plaisir de votre b\u00e9b\u00e9 sont garantis.<\/p>\n","protected":false},"excerpt":{"rendered":"<ul>\n<li class=\"ui-pdp-features__item\">L&rsquo;\u00e2ge minimum recommand\u00e9 est de 2 mois.<\/li>\n<li class=\"ui-pdp-features__item\">L&rsquo;\u00e2ge maximal recommand\u00e9 est de 4 mois.<\/li>\n<\/ul>\n","protected":false},"featured_media":14646,"comment_status":"open","ping_status":"closed","template":"","meta":{"inline_featured_image":false,"_monsterinsights_skip_tracking":false,"_monsterinsights_sitenote_active":false,"_monsterinsights_sitenote_note":"","_monsterinsights_sitenote_category":0,"_joinchat":[]},"product_cat":[151],"product_tag":[],"class_list":{"0":"post-14645","1":"product","2":"type-product","3":"status-publish","4":"has-post-thumbnail","6":"product_cat-chicco","8":"first","9":"instock","10":"shipping-taxable","11":"purchasable","12":"product-type-simple","13":"add-to-wishlist-after_add_to_cart"},"aioseo_notices":[],"_links":{"self":[{"href":"https:\/\/pararepublique.com\/index.php\/wp-json\/wp\/v2\/product\/14645","targetHints":{"allow":["GET"]}}],"collection":[{"href":"https:\/\/pararepublique.com\/index.php\/wp-json\/wp\/v2\/product"}],"about":[{"href":"https:\/\/pararepublique.com\/index.php\/wp-json\/wp\/v2\/types\/product"}],"replies":[{"embeddable":true,"href":"https:\/\/pararepublique.com\/index.php\/wp-json\/wp\/v2\/comments?post=14645"}],"version-history":[{"count":1,"href":"https:\/\/pararepublique.com\/index.php\/wp-json\/wp\/v2\/product\/14645\/revisions"}],"predecessor-version":[{"id":14647,"href":"https:\/\/pararepublique.com\/index.php\/wp-json\/wp\/v2\/product\/14645\/revisions\/14647"}],"wp:featuredmedia":[{"embeddable":true,"href":"https:\/\/pararepublique.com\/index.php\/wp-json\/wp\/v2\/media\/14646"}],"wp:attachment":[{"href":"https:\/\/pararepublique.com\/index.php\/wp-json\/wp\/v2\/media?parent=14645"}],"wp:term":[{"taxonomy":"product_cat","embeddable":true,"href":"https:\/\/pararepublique.com\/index.php\/wp-json\/wp\/v2\/product_cat?post=14645"},{"taxonomy":"product_tag","embeddable":true,"href":"https:\/\/pararepublique.com\/index.php\/wp-json\/wp\/v2\/product_tag?post=14645"}],"curies":[{"name":"wp","href":"https:\/\/api.w.org\/{rel}","templated":true}]}}