{"id":14648,"date":"2024-12-13T16:00:42","date_gmt":"2024-12-13T16:00:42","guid":{"rendered":"https:\/\/pararepublique.com\/?post_type=product&#038;p=14648"},"modified":"2024-12-13T16:00:42","modified_gmt":"2024-12-13T16:00:42","slug":"chicco-mouche-bebe-om","status":"publish","type":"product","link":"https:\/\/pararepublique.com\/index.php\/product\/chicco-mouche-bebe-om\/","title":{"rendered":"CHICCO MOUCHE BEBE OM+"},"content":{"rendered":"<p>Le nettoyage nasal est particuli\u00e8rement important pour les jeunes enfants qui ne sont pas encore capables de se moucher seuls. Comme un petit nez rend l&rsquo;allaitement difficile et emp\u00eache le b\u00e9b\u00e9 de dormir paisiblement, il est bon de garder le nez propre et libre.<\/p>\n<p>L\u2019aspirateur nasal Chicco est dot\u00e9 d\u2019un embout souple pour les narines fragiles de b\u00e9b\u00e9.<\/p>\n<p>Il s\u2019adapte parfaitement \u00e0 un nourrisson, d\u00e8s la naissance.<\/p>\n<p>Cette poire se lave et se st\u00e9rilise facilement.<\/p>\n<p>Contenu: ! Trousse, 1 Mouche B\u00e9b\u00e9 et 3 Embouts Jetables.<\/p>\n","protected":false},"excerpt":{"rendered":"<p>Le mouche b\u00e9b\u00e9 \u00e0 poire Chicco poss\u00e8de une forme ergonomique pour une utilisation facilit\u00e9e.<\/p>\n<p>L\u2019embout est amovible. Les diff\u00e9rentes parties peuvent \u00eatre lav\u00e9es facilement pour une hygi\u00e8ne irr\u00e9prochable.<\/p>\n","protected":false},"featured_media":14649,"comment_status":"open","ping_status":"closed","template":"","meta":{"inline_featured_image":false,"_monsterinsights_skip_tracking":false,"_monsterinsights_sitenote_active":false,"_monsterinsights_sitenote_note":"","_monsterinsights_sitenote_category":0,"_joinchat":[]},"product_cat":[151],"product_tag":[],"class_list":{"0":"post-14648","1":"product","2":"type-product","3":"status-publish","4":"has-post-thumbnail","6":"product_cat-chicco","8":"first","9":"instock","10":"shipping-taxable","11":"purchasable","12":"product-type-simple","13":"add-to-wishlist-after_add_to_cart"},"aioseo_notices":[],"_links":{"self":[{"href":"https:\/\/pararepublique.com\/index.php\/wp-json\/wp\/v2\/product\/14648","targetHints":{"allow":["GET"]}}],"collection":[{"href":"https:\/\/pararepublique.com\/index.php\/wp-json\/wp\/v2\/product"}],"about":[{"href":"https:\/\/pararepublique.com\/index.php\/wp-json\/wp\/v2\/types\/product"}],"replies":[{"embeddable":true,"href":"https:\/\/pararepublique.com\/index.php\/wp-json\/wp\/v2\/comments?post=14648"}],"version-history":[{"count":2,"href":"https:\/\/pararepublique.com\/index.php\/wp-json\/wp\/v2\/product\/14648\/revisions"}],"predecessor-version":[{"id":14651,"href":"https:\/\/pararepublique.com\/index.php\/wp-json\/wp\/v2\/product\/14648\/revisions\/14651"}],"wp:featuredmedia":[{"embeddable":true,"href":"https:\/\/pararepublique.com\/index.php\/wp-json\/wp\/v2\/media\/14649"}],"wp:attachment":[{"href":"https:\/\/pararepublique.com\/index.php\/wp-json\/wp\/v2\/media?parent=14648"}],"wp:term":[{"taxonomy":"product_cat","embeddable":true,"href":"https:\/\/pararepublique.com\/index.php\/wp-json\/wp\/v2\/product_cat?post=14648"},{"taxonomy":"product_tag","embeddable":true,"href":"https:\/\/pararepublique.com\/index.php\/wp-json\/wp\/v2\/product_tag?post=14648"}],"curies":[{"name":"wp","href":"https:\/\/api.w.org\/{rel}","templated":true}]}}