{"id":14655,"date":"2024-12-13T16:09:06","date_gmt":"2024-12-13T16:09:06","guid":{"rendered":"https:\/\/pararepublique.com\/?post_type=product&#038;p=14655"},"modified":"2024-12-13T16:09:06","modified_gmt":"2024-12-13T16:09:06","slug":"chicco-pate-dent-banane-6m50ml","status":"publish","type":"product","link":"https:\/\/pararepublique.com\/index.php\/product\/chicco-pate-dent-banane-6m50ml\/","title":{"rendered":"CHICCO PATE DENT BANANE 6M+50ML"},"content":{"rendered":"<div id=\"tab-content\" class=\"tab-content custom_tab_content\">\n<div id=\"description\" class=\"tab-pane fade show active\" role=\"tabpanel\">\n<div class=\"product-description\">\n<p><b>Chicco Dentifrice<\/b> est recommand\u00e9 aux tout-petits \u00e0 partir de 6 mois.<\/p>\n<p><strong>Caract\u00e9ristiques:<\/strong><\/p>\n<ul>\n<li>Avec du Xylitol, un ingr\u00e9dient qui aide \u00e0 \u00e9liminer la plaque bact\u00e9rienne, pr\u00e9venant les caries, tout en aidant \u00e0 remin\u00e9raliser l&rsquo;\u00e9mail, pour des dents plus fortes et plus saines.<\/li>\n<li>Formule \u00e0 faible pouvoir abrasif, pour ne pas endommager les premi\u00e8res dents.<\/li>\n<li>L&rsquo;absence de fluor le rend particuli\u00e8rement adapt\u00e9 aux enfants de moins de 3 ans.<\/li>\n<li>La saveur Pomme-Banane est id\u00e9ale pour les tout-petits en phase de sevrage.<\/li>\n<\/ul>\n<\/div>\n<\/div>\n<\/div>\n","protected":false},"excerpt":{"rendered":"<p>Des soins d&rsquo;hygi\u00e8ne bucco-dentaire pour prendre soin des dents de votre b\u00e9b\u00e9.<\/p>\n","protected":false},"featured_media":14656,"comment_status":"open","ping_status":"closed","template":"","meta":{"inline_featured_image":false,"_monsterinsights_skip_tracking":false,"_monsterinsights_sitenote_active":false,"_monsterinsights_sitenote_note":"","_monsterinsights_sitenote_category":0,"_joinchat":[]},"product_cat":[151],"product_tag":[],"class_list":{"0":"post-14655","1":"product","2":"type-product","3":"status-publish","4":"has-post-thumbnail","6":"product_cat-chicco","8":"first","9":"instock","10":"shipping-taxable","11":"purchasable","12":"product-type-simple","13":"add-to-wishlist-after_add_to_cart"},"aioseo_notices":[],"_links":{"self":[{"href":"https:\/\/pararepublique.com\/index.php\/wp-json\/wp\/v2\/product\/14655","targetHints":{"allow":["GET"]}}],"collection":[{"href":"https:\/\/pararepublique.com\/index.php\/wp-json\/wp\/v2\/product"}],"about":[{"href":"https:\/\/pararepublique.com\/index.php\/wp-json\/wp\/v2\/types\/product"}],"replies":[{"embeddable":true,"href":"https:\/\/pararepublique.com\/index.php\/wp-json\/wp\/v2\/comments?post=14655"}],"version-history":[{"count":2,"href":"https:\/\/pararepublique.com\/index.php\/wp-json\/wp\/v2\/product\/14655\/revisions"}],"predecessor-version":[{"id":14658,"href":"https:\/\/pararepublique.com\/index.php\/wp-json\/wp\/v2\/product\/14655\/revisions\/14658"}],"wp:featuredmedia":[{"embeddable":true,"href":"https:\/\/pararepublique.com\/index.php\/wp-json\/wp\/v2\/media\/14656"}],"wp:attachment":[{"href":"https:\/\/pararepublique.com\/index.php\/wp-json\/wp\/v2\/media?parent=14655"}],"wp:term":[{"taxonomy":"product_cat","embeddable":true,"href":"https:\/\/pararepublique.com\/index.php\/wp-json\/wp\/v2\/product_cat?post=14655"},{"taxonomy":"product_tag","embeddable":true,"href":"https:\/\/pararepublique.com\/index.php\/wp-json\/wp\/v2\/product_tag?post=14655"}],"curies":[{"name":"wp","href":"https:\/\/api.w.org\/{rel}","templated":true}]}}