{"id":14659,"date":"2024-12-13T16:11:17","date_gmt":"2024-12-13T16:11:17","guid":{"rendered":"https:\/\/pararepublique.com\/?post_type=product&#038;p=14659"},"modified":"2024-12-13T16:11:17","modified_gmt":"2024-12-13T16:11:17","slug":"chicco-pot-bebe-18m","status":"publish","type":"product","link":"https:\/\/pararepublique.com\/index.php\/product\/chicco-pot-bebe-18m\/","title":{"rendered":"CHICCO POT BEBE 18M+"},"content":{"rendered":"<p>Chicco Hygi\u00e8ne Pot Anatomique +18m est un pot ergonomique et confortable pour les enfants.<\/p>\n<p>Id\u00e9al pour accompagner les enfants lors de leur passage des couches aux toilettes. Sa structure est stable, avec un design ergonomique et un petit dossier haut pour am\u00e9liorer le confort et la posture de l&rsquo;enfant. Avec une protection contre les \u00e9claboussures pour \u00e9viter les d\u00e9versements. Facile \u00e0 nettoyer et \u00e0 transporter gr\u00e2ce \u00e0 sa poign\u00e9e pratique.<\/p>\n<p>&#8211; Haut support arri\u00e8re de s\u00e9curit\u00e9 pour un bon maintien et une assise confortable<\/p>\n<p>&#8211; Rebord anti-\u00e9claboussures sur le devant<\/p>\n<p>&#8211; Structure stable<\/p>\n<p>&#8211; Facile \u00e0 nettoyer et \u00e0 transporter gr\u00e2ce \u00e0 la poign\u00e9e<\/p>\n","protected":false},"excerpt":{"rendered":"<p>Le petit pot id\u00e9al pour accompagner votre enfant dans l&rsquo;apprentissage de la propret\u00e9 ! Coloris al\u00e9atoire<\/p>\n","protected":false},"featured_media":14660,"comment_status":"open","ping_status":"closed","template":"","meta":{"inline_featured_image":false,"_monsterinsights_skip_tracking":false,"_monsterinsights_sitenote_active":false,"_monsterinsights_sitenote_note":"","_monsterinsights_sitenote_category":0,"_joinchat":[]},"product_cat":[151],"product_tag":[],"class_list":{"0":"post-14659","1":"product","2":"type-product","3":"status-publish","4":"has-post-thumbnail","6":"product_cat-chicco","8":"first","9":"instock","10":"shipping-taxable","11":"purchasable","12":"product-type-simple","13":"add-to-wishlist-after_add_to_cart"},"aioseo_notices":[],"_links":{"self":[{"href":"https:\/\/pararepublique.com\/index.php\/wp-json\/wp\/v2\/product\/14659","targetHints":{"allow":["GET"]}}],"collection":[{"href":"https:\/\/pararepublique.com\/index.php\/wp-json\/wp\/v2\/product"}],"about":[{"href":"https:\/\/pararepublique.com\/index.php\/wp-json\/wp\/v2\/types\/product"}],"replies":[{"embeddable":true,"href":"https:\/\/pararepublique.com\/index.php\/wp-json\/wp\/v2\/comments?post=14659"}],"version-history":[{"count":1,"href":"https:\/\/pararepublique.com\/index.php\/wp-json\/wp\/v2\/product\/14659\/revisions"}],"predecessor-version":[{"id":14661,"href":"https:\/\/pararepublique.com\/index.php\/wp-json\/wp\/v2\/product\/14659\/revisions\/14661"}],"wp:featuredmedia":[{"embeddable":true,"href":"https:\/\/pararepublique.com\/index.php\/wp-json\/wp\/v2\/media\/14660"}],"wp:attachment":[{"href":"https:\/\/pararepublique.com\/index.php\/wp-json\/wp\/v2\/media?parent=14659"}],"wp:term":[{"taxonomy":"product_cat","embeddable":true,"href":"https:\/\/pararepublique.com\/index.php\/wp-json\/wp\/v2\/product_cat?post=14659"},{"taxonomy":"product_tag","embeddable":true,"href":"https:\/\/pararepublique.com\/index.php\/wp-json\/wp\/v2\/product_tag?post=14659"}],"curies":[{"name":"wp","href":"https:\/\/api.w.org\/{rel}","templated":true}]}}