{"id":14663,"date":"2024-12-16T10:39:15","date_gmt":"2024-12-16T10:39:15","guid":{"rendered":"https:\/\/pararepublique.com\/?post_type=product&#038;p=14663"},"modified":"2024-12-16T10:39:15","modified_gmt":"2024-12-16T10:39:15","slug":"parfum-just-cavailli-eau-de-toilette-75ml","status":"publish","type":"product","link":"https:\/\/pararepublique.com\/index.php\/product\/parfum-just-cavailli-eau-de-toilette-75ml\/","title":{"rendered":"PARFUM JUST CAVAILLI EAU DE TOILETTE 75ML"},"content":{"rendered":"<p>Just Cavalli for Her a \u00e9t\u00e9 lanc\u00e9 par Roberto Cavalli en f\u00e9vrier 2013, en collaboration avec la maison de parfum Coty. Ce parfum floral et sexy s&rsquo;ouvre sur des notes de n\u00e9roli et le c\u0153ur est form\u00e9 de fleurs de tiar\u00e9 de Tahiti. La base est constitu\u00e9e de bois de rose, ce qui conf\u00e8re \u00e0 ce parfum un caract\u00e8re chaleureux. La bouteille est recouverte d&rsquo;or et l&#8217;emballage est d\u00e9cor\u00e9 d&rsquo;un motif de serpent passionnant.<\/p>\n","protected":false},"excerpt":{"rendered":"<p>Parfum tres feminin de caract\u00e8re, Une odeur envo\u00fbtante sans \u00eatre trop sucr\u00e9e, elle a une tr\u00e8s bonne tenue, l\u00e9g\u00e8re parfaite pour les soir\u00e9es estivale. J&rsquo;adore et l&rsquo;essayer c&rsquo;est l&rsquo;adopter<\/p>\n","protected":false},"featured_media":14664,"comment_status":"open","ping_status":"closed","template":"","meta":{"inline_featured_image":false,"_monsterinsights_skip_tracking":false,"_monsterinsights_sitenote_active":false,"_monsterinsights_sitenote_note":"","_monsterinsights_sitenote_category":0,"_joinchat":[]},"product_cat":[106],"product_tag":[],"class_list":{"0":"post-14663","1":"product","2":"type-product","3":"status-publish","4":"has-post-thumbnail","6":"product_cat-parfumerie","8":"first","9":"instock","10":"shipping-taxable","11":"purchasable","12":"product-type-simple","13":"add-to-wishlist-after_add_to_cart"},"aioseo_notices":[],"_links":{"self":[{"href":"https:\/\/pararepublique.com\/index.php\/wp-json\/wp\/v2\/product\/14663","targetHints":{"allow":["GET"]}}],"collection":[{"href":"https:\/\/pararepublique.com\/index.php\/wp-json\/wp\/v2\/product"}],"about":[{"href":"https:\/\/pararepublique.com\/index.php\/wp-json\/wp\/v2\/types\/product"}],"replies":[{"embeddable":true,"href":"https:\/\/pararepublique.com\/index.php\/wp-json\/wp\/v2\/comments?post=14663"}],"version-history":[{"count":2,"href":"https:\/\/pararepublique.com\/index.php\/wp-json\/wp\/v2\/product\/14663\/revisions"}],"predecessor-version":[{"id":14666,"href":"https:\/\/pararepublique.com\/index.php\/wp-json\/wp\/v2\/product\/14663\/revisions\/14666"}],"wp:featuredmedia":[{"embeddable":true,"href":"https:\/\/pararepublique.com\/index.php\/wp-json\/wp\/v2\/media\/14664"}],"wp:attachment":[{"href":"https:\/\/pararepublique.com\/index.php\/wp-json\/wp\/v2\/media?parent=14663"}],"wp:term":[{"taxonomy":"product_cat","embeddable":true,"href":"https:\/\/pararepublique.com\/index.php\/wp-json\/wp\/v2\/product_cat?post=14663"},{"taxonomy":"product_tag","embeddable":true,"href":"https:\/\/pararepublique.com\/index.php\/wp-json\/wp\/v2\/product_tag?post=14663"}],"curies":[{"name":"wp","href":"https:\/\/api.w.org\/{rel}","templated":true}]}}