{"id":14674,"date":"2024-12-16T10:54:07","date_gmt":"2024-12-16T10:54:07","guid":{"rendered":"https:\/\/pararepublique.com\/?post_type=product&#038;p=14674"},"modified":"2024-12-16T10:54:07","modified_gmt":"2024-12-16T10:54:07","slug":"parfum-kenzo-flowerby","status":"publish","type":"product","link":"https:\/\/pararepublique.com\/index.php\/product\/parfum-kenzo-flowerby\/","title":{"rendered":"PARFUM KENZO FLOWERBY"},"content":{"rendered":"<p>Flower Ikebana, un parfum floral bois\u00e9 pour femme, est compos\u00e9 comme un ikebana, inspir\u00e9 de l\u2019art japonais de l\u2019arrangement floral, avec un \u00e9quilibre soutenu par trois notes :<br \/>\nNote de t\u00eate: The Sobacha<br \/>\nNote de c\u0153ur: Fleur de Sakura &amp; Absolue de Tub\u00e9reuse d\u2019Inde<br \/>\nNote de fond: Essence de Bois de Santal d\u2019Australie, Essence de Bois de C\u00e8dre, Essence de Bois de V\u00e9tiver.<br \/>\nCes mati\u00e8res premi\u00e8res extraordinaires cr\u00e9ent une Eau de Parfum compos\u00e9e \u00e0 90% d\u2019ingr\u00e9dients d\u2019origine naturelle .<\/p>\n<p>Le coffret s\u2019inspire du kak\u00e9mono japonais et la fleur japonaise par excellence s\u2019\u00e9l\u00e8ve le long du verre du flacon: le sakura.<\/p>\n<p><strong>Contenance:40ml<\/strong><\/p>\n","protected":false},"excerpt":{"rendered":"<p>FLOWER IKEBANA BY KENZO rend hommage \u00e0 l\u2019amour de Kenzo Takada pour les fleurs et pour l\u2019art de vivre.<br \/>\nUne Eau de Parfum pour femme \u00e0 la crois\u00e9e de deux esth\u00e9tiques : la composition florale et la cr\u00e9ation olfactive. Une cr\u00e9ation florale bois\u00e9e sign\u00e9e Alexandra Monet et Alberto Morillas, FLOWER IKEBANA repose sur une harmonie minimaliste au raffinement absolu, telles les compositions florales japonaises auxquelles elle emprunte son nom d\u2019Ikebana. Le Th\u00e9 Sobacha, une infusion de sarrasin aux accents torr\u00e9fi\u00e9s, se m\u00eale \u00e0 la d\u00e9licate fleur de cerisier, de renouveau et d\u2019impermanence \u2013 une invitation \u00e0 profiter pleinement de chaque instant que la vie peut offrir. L\u2019absolue de Tub\u00e9reuse d\u2019Inde, envo\u00fbtante, vient sublimer cet accord floral au c\u0153ur du parfum, avant de se m\u00ealer \u00e0 la chaleur pr\u00e9cieuse de l\u2019essence de bois de Santal d\u2019Australie.<\/p>\n","protected":false},"featured_media":14675,"comment_status":"open","ping_status":"closed","template":"","meta":{"inline_featured_image":false,"_monsterinsights_skip_tracking":false,"_monsterinsights_sitenote_active":false,"_monsterinsights_sitenote_note":"","_monsterinsights_sitenote_category":0,"_joinchat":[]},"product_cat":[106],"product_tag":[],"class_list":{"0":"post-14674","1":"product","2":"type-product","3":"status-publish","4":"has-post-thumbnail","6":"product_cat-parfumerie","8":"first","9":"instock","10":"shipping-taxable","11":"purchasable","12":"product-type-simple","13":"add-to-wishlist-after_add_to_cart"},"aioseo_notices":[],"_links":{"self":[{"href":"https:\/\/pararepublique.com\/index.php\/wp-json\/wp\/v2\/product\/14674","targetHints":{"allow":["GET"]}}],"collection":[{"href":"https:\/\/pararepublique.com\/index.php\/wp-json\/wp\/v2\/product"}],"about":[{"href":"https:\/\/pararepublique.com\/index.php\/wp-json\/wp\/v2\/types\/product"}],"replies":[{"embeddable":true,"href":"https:\/\/pararepublique.com\/index.php\/wp-json\/wp\/v2\/comments?post=14674"}],"version-history":[{"count":1,"href":"https:\/\/pararepublique.com\/index.php\/wp-json\/wp\/v2\/product\/14674\/revisions"}],"predecessor-version":[{"id":14676,"href":"https:\/\/pararepublique.com\/index.php\/wp-json\/wp\/v2\/product\/14674\/revisions\/14676"}],"wp:featuredmedia":[{"embeddable":true,"href":"https:\/\/pararepublique.com\/index.php\/wp-json\/wp\/v2\/media\/14675"}],"wp:attachment":[{"href":"https:\/\/pararepublique.com\/index.php\/wp-json\/wp\/v2\/media?parent=14674"}],"wp:term":[{"taxonomy":"product_cat","embeddable":true,"href":"https:\/\/pararepublique.com\/index.php\/wp-json\/wp\/v2\/product_cat?post=14674"},{"taxonomy":"product_tag","embeddable":true,"href":"https:\/\/pararepublique.com\/index.php\/wp-json\/wp\/v2\/product_tag?post=14674"}],"curies":[{"name":"wp","href":"https:\/\/api.w.org\/{rel}","templated":true}]}}