{"id":14678,"date":"2024-12-18T11:36:50","date_gmt":"2024-12-18T11:36:50","guid":{"rendered":"https:\/\/pararepublique.com\/?post_type=product&#038;p=14678"},"modified":"2024-12-18T11:36:51","modified_gmt":"2024-12-18T11:36:51","slug":"parfum-kenzo-eau-de-parf-kenzo","status":"publish","type":"product","link":"https:\/\/pararepublique.com\/index.php\/product\/parfum-kenzo-eau-de-parf-kenzo\/","title":{"rendered":"PARFUM KENZO EAU DE PARF KENZO"},"content":{"rendered":"<div id=\"tab-description\" class=\"woocommerce-Tabs-panel woocommerce-Tabs-panel--description panel entry-content active\" role=\"tabpanel\" aria-labelledby=\"tab-title-description\">\n<p>Impr\u00e9visible, le coquelicot pousse l\u00e0 o\u00f9 on l\u2019attend pas : l\u2019\u00e9closion de la fleur rouge embl\u00e9matique r\u00e9enchante les villes. Il se d\u00e9ploie, majestueux, sur les colonnes de verre du flacon.<\/p>\n<p>Pour KENZO, le ma\u00eetre-parfumeur Alberto Morillas invente le parfum de cette fleur inodore : FLOWER BY KENZO Eau de Parfum. Envelopp\u00e9es de Muscs Blancs et de Vanille, Baies Roses et Rose Damascena signent toute la sensualit\u00e9 de ce parfum pour femme devenu un embl\u00e8me de la parfumerie.<\/p>\n<p>Famille olfactive :<br \/>\nNote de t\u00eate: Baies Roses<br \/>\nNote de coeur: Rose Damascena<br \/>\nNote de fond: Vanille Muscs Blancs<\/p>\n<p>Un sillage floral poudr\u00e9 tout au long de la journ\u00e9e.<\/p>\n<\/div>\n<div id=\"tab-ywtm-paiements-livraison\" class=\"woocommerce-Tabs-panel woocommerce-Tabs-panel--ywtm-paiements-livraison panel entry-content\" role=\"tabpanel\" aria-labelledby=\"tab-title-ywtm-paiements-livraison\"><\/div>\n","protected":false},"excerpt":{"rendered":"<p>LA MODERNIT\u00c9 VIBRANTE ET A\u00c9RIENNE SELON KENZO<br \/>\nFLOWER BY KENZO est une eau de parfum qui repr\u00e9sente les \u00e9motions de la vie urbaine contemporaine, fragiles et fortes \u00e0 la fois. C\u2019est une fragrance polyfac\u00e9tique qui exprime l\u2019\u00e8re de la modernit\u00e9 et le style urbain avec un regard pur, po\u00e9tique et intemporel.<br \/>\n<strong>Contenance 30ml<\/strong><\/p>\n","protected":false},"featured_media":14679,"comment_status":"open","ping_status":"closed","template":"","meta":{"inline_featured_image":false,"_monsterinsights_skip_tracking":false,"_monsterinsights_sitenote_active":false,"_monsterinsights_sitenote_note":"","_monsterinsights_sitenote_category":0,"_joinchat":[]},"product_cat":[106],"product_tag":[],"class_list":{"0":"post-14678","1":"product","2":"type-product","3":"status-publish","4":"has-post-thumbnail","6":"product_cat-parfumerie","8":"first","9":"instock","10":"shipping-taxable","11":"purchasable","12":"product-type-simple","13":"add-to-wishlist-after_add_to_cart"},"aioseo_notices":[],"_links":{"self":[{"href":"https:\/\/pararepublique.com\/index.php\/wp-json\/wp\/v2\/product\/14678","targetHints":{"allow":["GET"]}}],"collection":[{"href":"https:\/\/pararepublique.com\/index.php\/wp-json\/wp\/v2\/product"}],"about":[{"href":"https:\/\/pararepublique.com\/index.php\/wp-json\/wp\/v2\/types\/product"}],"replies":[{"embeddable":true,"href":"https:\/\/pararepublique.com\/index.php\/wp-json\/wp\/v2\/comments?post=14678"}],"version-history":[{"count":1,"href":"https:\/\/pararepublique.com\/index.php\/wp-json\/wp\/v2\/product\/14678\/revisions"}],"predecessor-version":[{"id":14680,"href":"https:\/\/pararepublique.com\/index.php\/wp-json\/wp\/v2\/product\/14678\/revisions\/14680"}],"wp:featuredmedia":[{"embeddable":true,"href":"https:\/\/pararepublique.com\/index.php\/wp-json\/wp\/v2\/media\/14679"}],"wp:attachment":[{"href":"https:\/\/pararepublique.com\/index.php\/wp-json\/wp\/v2\/media?parent=14678"}],"wp:term":[{"taxonomy":"product_cat","embeddable":true,"href":"https:\/\/pararepublique.com\/index.php\/wp-json\/wp\/v2\/product_cat?post=14678"},{"taxonomy":"product_tag","embeddable":true,"href":"https:\/\/pararepublique.com\/index.php\/wp-json\/wp\/v2\/product_tag?post=14678"}],"curies":[{"name":"wp","href":"https:\/\/api.w.org\/{rel}","templated":true}]}}