{"id":14681,"date":"2024-12-18T11:42:44","date_gmt":"2024-12-18T11:42:44","guid":{"rendered":"https:\/\/pararepublique.com\/?post_type=product&#038;p=14681"},"modified":"2024-12-18T11:42:44","modified_gmt":"2024-12-18T11:42:44","slug":"parfum-kenzo-summer-flowerby","status":"publish","type":"product","link":"https:\/\/pararepublique.com\/index.php\/product\/parfum-kenzo-summer-flowerby\/","title":{"rendered":"PARFUM KENZO SUMMER FLOWERBY"},"content":{"rendered":"","protected":false},"excerpt":{"rendered":"<p><b>Flower by Kenzo Summer 2011<\/b> de <b>Kenzo<\/b> est un parfum Floral fruit\u00e9 pour femme. <b>Flower by Kenzo Summer 2011<\/b> a \u00e9t\u00e9 lanc\u00e9 en 2011. Le nez derri\u00e8re ce parfum est Alberto Morillas. Les notes de t\u00eate sont Litchi, Mandarine et Gingembre; les notes de coeur sont Violette et Freesia; la note de fond est Musc.<\/p>\n","protected":false},"featured_media":14682,"comment_status":"open","ping_status":"closed","template":"","meta":{"inline_featured_image":false,"_monsterinsights_skip_tracking":false,"_monsterinsights_sitenote_active":false,"_monsterinsights_sitenote_note":"","_monsterinsights_sitenote_category":0,"_joinchat":[]},"product_cat":[106],"product_tag":[],"class_list":{"0":"post-14681","1":"product","2":"type-product","3":"status-publish","4":"has-post-thumbnail","6":"product_cat-parfumerie","8":"first","9":"instock","10":"shipping-taxable","11":"purchasable","12":"product-type-simple","13":"add-to-wishlist-after_add_to_cart"},"aioseo_notices":[],"_links":{"self":[{"href":"https:\/\/pararepublique.com\/index.php\/wp-json\/wp\/v2\/product\/14681","targetHints":{"allow":["GET"]}}],"collection":[{"href":"https:\/\/pararepublique.com\/index.php\/wp-json\/wp\/v2\/product"}],"about":[{"href":"https:\/\/pararepublique.com\/index.php\/wp-json\/wp\/v2\/types\/product"}],"replies":[{"embeddable":true,"href":"https:\/\/pararepublique.com\/index.php\/wp-json\/wp\/v2\/comments?post=14681"}],"version-history":[{"count":2,"href":"https:\/\/pararepublique.com\/index.php\/wp-json\/wp\/v2\/product\/14681\/revisions"}],"predecessor-version":[{"id":14684,"href":"https:\/\/pararepublique.com\/index.php\/wp-json\/wp\/v2\/product\/14681\/revisions\/14684"}],"wp:featuredmedia":[{"embeddable":true,"href":"https:\/\/pararepublique.com\/index.php\/wp-json\/wp\/v2\/media\/14682"}],"wp:attachment":[{"href":"https:\/\/pararepublique.com\/index.php\/wp-json\/wp\/v2\/media?parent=14681"}],"wp:term":[{"taxonomy":"product_cat","embeddable":true,"href":"https:\/\/pararepublique.com\/index.php\/wp-json\/wp\/v2\/product_cat?post=14681"},{"taxonomy":"product_tag","embeddable":true,"href":"https:\/\/pararepublique.com\/index.php\/wp-json\/wp\/v2\/product_tag?post=14681"}],"curies":[{"name":"wp","href":"https:\/\/api.w.org\/{rel}","templated":true}]}}