{"id":14685,"date":"2024-12-18T11:47:59","date_gmt":"2024-12-18T11:47:59","guid":{"rendered":"https:\/\/pararepublique.com\/?post_type=product&#038;p=14685"},"modified":"2024-12-18T11:48:00","modified_gmt":"2024-12-18T11:48:00","slug":"parfum-lair-du-temps-nina-ricci-50ml","status":"publish","type":"product","link":"https:\/\/pararepublique.com\/index.php\/product\/parfum-lair-du-temps-nina-ricci-50ml\/","title":{"rendered":"PARFUM L\u2019AIR DU TEMPS NINA RICCI 50ML"},"content":{"rendered":"<p>Cr\u00e9\u00e9 en 1948, <a title=\"L'Air du Temps de Nina Ricci\" href=\"https:\/\/www.ninaricci.com\/fr-fr\/fragrance\/lair-du-temps\"><strong>L\u2019Air du Temps de Nina Ricci<\/strong><\/a> est une ode \u00e0 la paix, \u00e0 l\u2019amour et \u00e0 la libert\u00e9, des valeurs incarn\u00e9es par les deux colombes enlac\u00e9es, perch\u00e9es sur le bouchon du flacon de parfum iconique.<\/p>\n<p>Tout premier floral \u00e9pic\u00e9 de l\u2019histoire du parfum, cette fragrance intemporelle est devenue une v\u00e9ritable ic\u00f4ne olfactive.<\/p>\n<p>La puret\u00e9 et la splendeur de la fragrance L&rsquo;Air du Temps sont mises en valeur dans un flacon torsad\u00e9 aux courbes d\u00e9licates.<\/p>\n<p>Symboles de paix et d&rsquo;amour, deux colombes sont tendrement entrelac\u00e9es au sommet du capot.<\/p>\n<p>Cette cr\u00e9ation embl\u00e9matique a \u00e9t\u00e9 \u00e9lue \u00ab Flacon de parfum du si\u00e8cle \u00bb en 2000, un hommage appropri\u00e9 pour cette \u0153uvre intemporelle.<\/p>\n","protected":false},"excerpt":{"rendered":"<p>Compos\u00e9 dans l\u2019atmosph\u00e8re joyeuse de l\u2019apr\u00e8s-guerre, ce parfum frais m\u00ealant le jasmin, la rose et l&rsquo;\u0153illet rend hommage \u00e0 l\u2019essence de la f\u00e9minit\u00e9 avec un optimisme pur.<\/p>\n","protected":false},"featured_media":14686,"comment_status":"open","ping_status":"closed","template":"","meta":{"inline_featured_image":false,"_monsterinsights_skip_tracking":false,"_monsterinsights_sitenote_active":false,"_monsterinsights_sitenote_note":"","_monsterinsights_sitenote_category":0,"_joinchat":[]},"product_cat":[106],"product_tag":[],"class_list":{"0":"post-14685","1":"product","2":"type-product","3":"status-publish","4":"has-post-thumbnail","6":"product_cat-parfumerie","8":"first","9":"instock","10":"shipping-taxable","11":"purchasable","12":"product-type-simple","13":"add-to-wishlist-after_add_to_cart"},"aioseo_notices":[],"_links":{"self":[{"href":"https:\/\/pararepublique.com\/index.php\/wp-json\/wp\/v2\/product\/14685","targetHints":{"allow":["GET"]}}],"collection":[{"href":"https:\/\/pararepublique.com\/index.php\/wp-json\/wp\/v2\/product"}],"about":[{"href":"https:\/\/pararepublique.com\/index.php\/wp-json\/wp\/v2\/types\/product"}],"replies":[{"embeddable":true,"href":"https:\/\/pararepublique.com\/index.php\/wp-json\/wp\/v2\/comments?post=14685"}],"version-history":[{"count":1,"href":"https:\/\/pararepublique.com\/index.php\/wp-json\/wp\/v2\/product\/14685\/revisions"}],"predecessor-version":[{"id":14687,"href":"https:\/\/pararepublique.com\/index.php\/wp-json\/wp\/v2\/product\/14685\/revisions\/14687"}],"wp:featuredmedia":[{"embeddable":true,"href":"https:\/\/pararepublique.com\/index.php\/wp-json\/wp\/v2\/media\/14686"}],"wp:attachment":[{"href":"https:\/\/pararepublique.com\/index.php\/wp-json\/wp\/v2\/media?parent=14685"}],"wp:term":[{"taxonomy":"product_cat","embeddable":true,"href":"https:\/\/pararepublique.com\/index.php\/wp-json\/wp\/v2\/product_cat?post=14685"},{"taxonomy":"product_tag","embeddable":true,"href":"https:\/\/pararepublique.com\/index.php\/wp-json\/wp\/v2\/product_tag?post=14685"}],"curies":[{"name":"wp","href":"https:\/\/api.w.org\/{rel}","templated":true}]}}