{"id":14688,"date":"2024-12-18T11:54:41","date_gmt":"2024-12-18T11:54:41","guid":{"rendered":"https:\/\/pararepublique.com\/?post_type=product&#038;p=14688"},"modified":"2024-12-18T11:54:42","modified_gmt":"2024-12-18T11:54:42","slug":"parfum-lancome-dazur-75ml","status":"publish","type":"product","link":"https:\/\/pararepublique.com\/index.php\/product\/parfum-lancome-dazur-75ml\/","title":{"rendered":"PARFUM L\u2019ANCOME D\u2019AZUR 75ml"},"content":{"rendered":"<div class=\"electro-description clearfix\">\n<p>Laissez le <strong>Parfum Femme 100% original Lanco\u0302me EDT O D\u2019azur (75 ml)<\/strong> vous surprendre et booster votre fe\u0301minite\u0301 avec ce <strong>parfum fe\u0301minin<\/strong> exclusif au parfum unique et personnel. De\u0301couvrez les <strong>produits Lanco\u0302me 100% originaux<\/strong> !<\/p>\n<ul>\n<li>Type : EDT (Eau de Toilette)<\/li>\n<li>Capacite\u0301 : 75 ml<\/li>\n<li>Sexe : Femme<\/li>\n<li>Nom du parfum : O D\u2019azur<\/li>\n<\/ul>\n<\/div>\n","protected":false},"excerpt":{"rendered":"<p>Parfum Femme Lanco\u0302me EDT O D\u2019azur (75 ml). D\u00e9sormais disponible \u00e0 Dakar \u2013 S\u00e9n\u00e9gal \u00e0 un prix extraordinaire qui d\u00e9fie toute attente. \u00c9levez votre style de vie, red\u00e9finissez vos normes et plongez dans un monde de qualit\u00e9 sup\u00e9rieure \u2026<\/p>\n","protected":false},"featured_media":14689,"comment_status":"open","ping_status":"closed","template":"","meta":{"inline_featured_image":false,"_monsterinsights_skip_tracking":false,"_monsterinsights_sitenote_active":false,"_monsterinsights_sitenote_note":"","_monsterinsights_sitenote_category":0,"_joinchat":[]},"product_cat":[106],"product_tag":[],"class_list":{"0":"post-14688","1":"product","2":"type-product","3":"status-publish","4":"has-post-thumbnail","6":"product_cat-parfumerie","8":"first","9":"instock","10":"shipping-taxable","11":"purchasable","12":"product-type-simple","13":"add-to-wishlist-after_add_to_cart"},"aioseo_notices":[],"_links":{"self":[{"href":"https:\/\/pararepublique.com\/index.php\/wp-json\/wp\/v2\/product\/14688","targetHints":{"allow":["GET"]}}],"collection":[{"href":"https:\/\/pararepublique.com\/index.php\/wp-json\/wp\/v2\/product"}],"about":[{"href":"https:\/\/pararepublique.com\/index.php\/wp-json\/wp\/v2\/types\/product"}],"replies":[{"embeddable":true,"href":"https:\/\/pararepublique.com\/index.php\/wp-json\/wp\/v2\/comments?post=14688"}],"version-history":[{"count":1,"href":"https:\/\/pararepublique.com\/index.php\/wp-json\/wp\/v2\/product\/14688\/revisions"}],"predecessor-version":[{"id":14690,"href":"https:\/\/pararepublique.com\/index.php\/wp-json\/wp\/v2\/product\/14688\/revisions\/14690"}],"wp:featuredmedia":[{"embeddable":true,"href":"https:\/\/pararepublique.com\/index.php\/wp-json\/wp\/v2\/media\/14689"}],"wp:attachment":[{"href":"https:\/\/pararepublique.com\/index.php\/wp-json\/wp\/v2\/media?parent=14688"}],"wp:term":[{"taxonomy":"product_cat","embeddable":true,"href":"https:\/\/pararepublique.com\/index.php\/wp-json\/wp\/v2\/product_cat?post=14688"},{"taxonomy":"product_tag","embeddable":true,"href":"https:\/\/pararepublique.com\/index.php\/wp-json\/wp\/v2\/product_tag?post=14688"}],"curies":[{"name":"wp","href":"https:\/\/api.w.org\/{rel}","templated":true}]}}