{"id":14691,"date":"2024-12-18T11:59:03","date_gmt":"2024-12-18T11:59:03","guid":{"rendered":"https:\/\/pararepublique.com\/?post_type=product&#038;p=14691"},"modified":"2024-12-18T11:59:26","modified_gmt":"2024-12-18T11:59:26","slug":"14691","status":"publish","type":"product","link":"https:\/\/pararepublique.com\/index.php\/product\/14691\/","title":{"rendered":"PARFUM INSTANT MAGIC 50ML"},"content":{"rendered":"<p><b>L&rsquo;instant Magic Eau de Parfum<\/b> de <b>Guerlain<\/b> est un parfum Bois\u00e9 Floral Musqu\u00e9 pour femme. <b>L&rsquo;instant Magic Eau de Parfum<\/b> a \u00e9t\u00e9 lanc\u00e9 en 2021. L&rsquo;instant Magic Eau de Parfum a \u00e9t\u00e9 cr\u00e9\u00e9 par Randa Hammami et Sylvaine Delacourte. La note de t\u00eate est Bergamote; les notes de coeur sont Musc blanc et Rose; les notes de fond sont Amandier, F\u00e8ve de tonka, Bois de santal et C\u00e8dre.<\/p>\n","protected":false},"excerpt":{"rendered":"<p>La note de t\u00eate est Bergamote; les notes de coeur sont Musc blanc et Rose; les notes de fond sont Amandier, F\u00e8ve de tonka, Bois de santal et C\u00e8dre.<\/p>\n","protected":false},"featured_media":14692,"comment_status":"open","ping_status":"closed","template":"","meta":{"inline_featured_image":false,"_monsterinsights_skip_tracking":false,"_monsterinsights_sitenote_active":false,"_monsterinsights_sitenote_note":"","_monsterinsights_sitenote_category":0,"_joinchat":[]},"product_cat":[106],"product_tag":[],"class_list":{"0":"post-14691","1":"product","2":"type-product","3":"status-publish","4":"has-post-thumbnail","6":"product_cat-parfumerie","8":"first","9":"instock","10":"shipping-taxable","11":"purchasable","12":"product-type-simple","13":"add-to-wishlist-after_add_to_cart"},"aioseo_notices":[],"_links":{"self":[{"href":"https:\/\/pararepublique.com\/index.php\/wp-json\/wp\/v2\/product\/14691","targetHints":{"allow":["GET"]}}],"collection":[{"href":"https:\/\/pararepublique.com\/index.php\/wp-json\/wp\/v2\/product"}],"about":[{"href":"https:\/\/pararepublique.com\/index.php\/wp-json\/wp\/v2\/types\/product"}],"replies":[{"embeddable":true,"href":"https:\/\/pararepublique.com\/index.php\/wp-json\/wp\/v2\/comments?post=14691"}],"version-history":[{"count":2,"href":"https:\/\/pararepublique.com\/index.php\/wp-json\/wp\/v2\/product\/14691\/revisions"}],"predecessor-version":[{"id":14694,"href":"https:\/\/pararepublique.com\/index.php\/wp-json\/wp\/v2\/product\/14691\/revisions\/14694"}],"wp:featuredmedia":[{"embeddable":true,"href":"https:\/\/pararepublique.com\/index.php\/wp-json\/wp\/v2\/media\/14692"}],"wp:attachment":[{"href":"https:\/\/pararepublique.com\/index.php\/wp-json\/wp\/v2\/media?parent=14691"}],"wp:term":[{"taxonomy":"product_cat","embeddable":true,"href":"https:\/\/pararepublique.com\/index.php\/wp-json\/wp\/v2\/product_cat?post=14691"},{"taxonomy":"product_tag","embeddable":true,"href":"https:\/\/pararepublique.com\/index.php\/wp-json\/wp\/v2\/product_tag?post=14691"}],"curies":[{"name":"wp","href":"https:\/\/api.w.org\/{rel}","templated":true}]}}