{"id":14695,"date":"2024-12-18T12:03:35","date_gmt":"2024-12-18T12:03:35","guid":{"rendered":"https:\/\/pararepublique.com\/?post_type=product&#038;p=14695"},"modified":"2024-12-18T12:03:35","modified_gmt":"2024-12-18T12:03:35","slug":"parfum-linterdit-givenchy-80ml","status":"publish","type":"product","link":"https:\/\/pararepublique.com\/index.php\/product\/parfum-linterdit-givenchy-80ml\/","title":{"rendered":"PARFUM L\u2019INTERDIT GIVENCHY 80ML"},"content":{"rendered":"<p>L\u2019Interdit de Givenchy est encore consid\u00e9r\u00e9 comme l\u2019un des accords parfum\u00e9s les plus c\u00e9l\u00e8bres du si\u00e8cle dernier. Il se destine \u00e0 une femme raffin\u00e9e et romantique, dot\u00e9e d\u2019une rare sinc\u00e9rit\u00e9 et d\u2019un charme naturel. Si sa composition a aujourd\u2019hui \u00e9t\u00e9 m\u00e9tamorphos\u00e9e, sa philosophie, en revanche, est rest\u00e9e la m\u00eame. L\u2019Interdit de Givenchy est un hommage \u00e0 la f\u00e9minit\u00e9 audacieuse. Sorte de talisman lib\u00e9rateur, il invite chaque femme qui le porte \u00e0 ressentir le grand frisson. Pr\u00e9sent\u00e9 dans un flacon \u00e9quilibr\u00e9, simple et raffin\u00e9, il nous d\u00e9voile d\u00e9sormais un jus floral blanc jouant sur les contrastes. Sa f\u00e9minit\u00e9 lumineuse s\u2019oppose ainsi \u00e0 l\u2019obscurit\u00e9 brute de saveurs plus bois\u00e9es. L\u2019Interdit de Givenchy d\u00e9bute par une association rayonnante de fleur d\u2019oranger et de jasmin sambac. Son c\u0153ur, quant \u00e0 lui, est occup\u00e9 par la note miell\u00e9e et chaleureuse de la tub\u00e9reuse. Enfin, L\u2019Interdit de Givenchy s\u2019ach\u00e8ve par un trio de patchouli, de v\u00e9tiver et d\u2019ambroxan.<\/p>\n<p>&nbsp;<\/p>\n","protected":false},"excerpt":{"rendered":"<p>L\u2019Interdit est un talisman lib\u00e9rateur. Une invitation \u00e0 franchir ses propres limites, d\u00e9passer les conventions et assumer, avec \u00e9l\u00e9gance, sa singularit\u00e9.<\/p>\n<p>Floral Ald\u00e9hyd\u00e9<\/p>\n<p>T\u00eate : Ald\u00e9hydes, Rose Bulgare<br \/>\nCoeur : Jasmin, Poivre Rose<br \/>\nFond : Iris, F\u00e8ve Tonka<\/p>\n","protected":false},"featured_media":14696,"comment_status":"open","ping_status":"closed","template":"","meta":{"inline_featured_image":false,"_monsterinsights_skip_tracking":false,"_monsterinsights_sitenote_active":false,"_monsterinsights_sitenote_note":"","_monsterinsights_sitenote_category":0,"_joinchat":[]},"product_cat":[106],"product_tag":[],"class_list":{"0":"post-14695","1":"product","2":"type-product","3":"status-publish","4":"has-post-thumbnail","6":"product_cat-parfumerie","8":"first","9":"instock","10":"shipping-taxable","11":"purchasable","12":"product-type-simple","13":"add-to-wishlist-after_add_to_cart"},"aioseo_notices":[],"_links":{"self":[{"href":"https:\/\/pararepublique.com\/index.php\/wp-json\/wp\/v2\/product\/14695","targetHints":{"allow":["GET"]}}],"collection":[{"href":"https:\/\/pararepublique.com\/index.php\/wp-json\/wp\/v2\/product"}],"about":[{"href":"https:\/\/pararepublique.com\/index.php\/wp-json\/wp\/v2\/types\/product"}],"replies":[{"embeddable":true,"href":"https:\/\/pararepublique.com\/index.php\/wp-json\/wp\/v2\/comments?post=14695"}],"version-history":[{"count":1,"href":"https:\/\/pararepublique.com\/index.php\/wp-json\/wp\/v2\/product\/14695\/revisions"}],"predecessor-version":[{"id":14697,"href":"https:\/\/pararepublique.com\/index.php\/wp-json\/wp\/v2\/product\/14695\/revisions\/14697"}],"wp:featuredmedia":[{"embeddable":true,"href":"https:\/\/pararepublique.com\/index.php\/wp-json\/wp\/v2\/media\/14696"}],"wp:attachment":[{"href":"https:\/\/pararepublique.com\/index.php\/wp-json\/wp\/v2\/media?parent=14695"}],"wp:term":[{"taxonomy":"product_cat","embeddable":true,"href":"https:\/\/pararepublique.com\/index.php\/wp-json\/wp\/v2\/product_cat?post=14695"},{"taxonomy":"product_tag","embeddable":true,"href":"https:\/\/pararepublique.com\/index.php\/wp-json\/wp\/v2\/product_tag?post=14695"}],"curies":[{"name":"wp","href":"https:\/\/api.w.org\/{rel}","templated":true}]}}