{"id":14698,"date":"2024-12-18T12:08:10","date_gmt":"2024-12-18T12:08:10","guid":{"rendered":"https:\/\/pararepublique.com\/?post_type=product&#038;p=14698"},"modified":"2024-12-18T12:15:47","modified_gmt":"2024-12-18T12:15:47","slug":"parfum-la-petite-robe-noir-couture-100ml","status":"publish","type":"product","link":"https:\/\/pararepublique.com\/index.php\/product\/parfum-la-petite-robe-noir-couture-100ml\/","title":{"rendered":"PARFUM LA PETITE ROBE NOIR COUTURE 100ML"},"content":{"rendered":"<p>La Petite Robe Noire Couture de Guerlain est un parfum Chypr\u00e9 Fruit\u00e9 pour femme. La Petite Robe Noire Couture a \u00e9t\u00e9 lanc\u00e9 en 2014. Le nez derri\u00e8re ce parfum est Thierry Wasser. Les notes de t\u00eate sont Framboise et Bergamote; la note de coeur est Rose; les notes de fond sont Patchouli, F\u00e8ve de tonka, V\u00e9tiver et Mousse.<\/p>\n","protected":false},"excerpt":{"rendered":"<p>La Petite Robe Noire Couture de Guerlain est un parfum Chypr\u00e9 Fruit\u00e9 pour femme. La Petite Robe Noire Couture a \u00e9t\u00e9 lanc\u00e9 en 2014.<\/p>\n","protected":false},"featured_media":14705,"comment_status":"open","ping_status":"closed","template":"","meta":{"inline_featured_image":false,"_monsterinsights_skip_tracking":false,"_monsterinsights_sitenote_active":false,"_monsterinsights_sitenote_note":"","_monsterinsights_sitenote_category":0,"_joinchat":[]},"product_cat":[106],"product_tag":[],"class_list":{"0":"post-14698","1":"product","2":"type-product","3":"status-publish","4":"has-post-thumbnail","6":"product_cat-parfumerie","8":"first","9":"instock","10":"shipping-taxable","11":"purchasable","12":"product-type-simple","13":"add-to-wishlist-after_add_to_cart"},"aioseo_notices":[],"_links":{"self":[{"href":"https:\/\/pararepublique.com\/index.php\/wp-json\/wp\/v2\/product\/14698","targetHints":{"allow":["GET"]}}],"collection":[{"href":"https:\/\/pararepublique.com\/index.php\/wp-json\/wp\/v2\/product"}],"about":[{"href":"https:\/\/pararepublique.com\/index.php\/wp-json\/wp\/v2\/types\/product"}],"replies":[{"embeddable":true,"href":"https:\/\/pararepublique.com\/index.php\/wp-json\/wp\/v2\/comments?post=14698"}],"version-history":[{"count":1,"href":"https:\/\/pararepublique.com\/index.php\/wp-json\/wp\/v2\/product\/14698\/revisions"}],"predecessor-version":[{"id":14700,"href":"https:\/\/pararepublique.com\/index.php\/wp-json\/wp\/v2\/product\/14698\/revisions\/14700"}],"wp:featuredmedia":[{"embeddable":true,"href":"https:\/\/pararepublique.com\/index.php\/wp-json\/wp\/v2\/media\/14705"}],"wp:attachment":[{"href":"https:\/\/pararepublique.com\/index.php\/wp-json\/wp\/v2\/media?parent=14698"}],"wp:term":[{"taxonomy":"product_cat","embeddable":true,"href":"https:\/\/pararepublique.com\/index.php\/wp-json\/wp\/v2\/product_cat?post=14698"},{"taxonomy":"product_tag","embeddable":true,"href":"https:\/\/pararepublique.com\/index.php\/wp-json\/wp\/v2\/product_tag?post=14698"}],"curies":[{"name":"wp","href":"https:\/\/api.w.org\/{rel}","templated":true}]}}