{"id":14706,"date":"2024-12-18T12:24:09","date_gmt":"2024-12-18T12:24:09","guid":{"rendered":"https:\/\/pararepublique.com\/?post_type=product&#038;p=14706"},"modified":"2024-12-18T12:24:10","modified_gmt":"2024-12-18T12:24:10","slug":"parfum-la-petite-robe-noir-couture-50ml","status":"publish","type":"product","link":"https:\/\/pararepublique.com\/index.php\/product\/parfum-la-petite-robe-noir-couture-50ml\/","title":{"rendered":"PARFUM LA PETITE ROBE NOIR COUTURE 50ML"},"content":{"rendered":"<p>Sentez-vous glamour et chic en vous parant de <strong>La Petite Robe Noire Couture<\/strong>. Une fragrance \u00e9l\u00e9gante mais espi\u00e8gle pour la femme moderne, ce parfum ne manquera pas de faire tourner les t\u00eates. Lanc\u00e9 en 2014, les cr\u00e9ateurs de Guerlain ont \u00e9labor\u00e9 une senteur douce, fruit\u00e9e et l\u00e9g\u00e8rement bois\u00e9e en associant des notes de t\u00eate de bergamote et de framboise \u00e0 un fond de rose, patchouli et v\u00e9tiver.<\/p>\n","protected":false},"excerpt":{"rendered":"<p>Sentez-vous glamour et chic en vous parant de <strong>La Petite Robe Noire Couture<\/strong>. Une fragrance \u00e9l\u00e9gante mais espi\u00e8gle pour la femme moderne, ce parfum ne manquera pas de faire tourner les t\u00eates.<\/p>\n","protected":false},"featured_media":14707,"comment_status":"open","ping_status":"closed","template":"","meta":{"inline_featured_image":false,"_monsterinsights_skip_tracking":false,"_monsterinsights_sitenote_active":false,"_monsterinsights_sitenote_note":"","_monsterinsights_sitenote_category":0,"_joinchat":[]},"product_cat":[106],"product_tag":[],"class_list":{"0":"post-14706","1":"product","2":"type-product","3":"status-publish","4":"has-post-thumbnail","6":"product_cat-parfumerie","8":"first","9":"instock","10":"shipping-taxable","11":"purchasable","12":"product-type-simple","13":"add-to-wishlist-after_add_to_cart"},"aioseo_notices":[],"_links":{"self":[{"href":"https:\/\/pararepublique.com\/index.php\/wp-json\/wp\/v2\/product\/14706","targetHints":{"allow":["GET"]}}],"collection":[{"href":"https:\/\/pararepublique.com\/index.php\/wp-json\/wp\/v2\/product"}],"about":[{"href":"https:\/\/pararepublique.com\/index.php\/wp-json\/wp\/v2\/types\/product"}],"replies":[{"embeddable":true,"href":"https:\/\/pararepublique.com\/index.php\/wp-json\/wp\/v2\/comments?post=14706"}],"version-history":[{"count":2,"href":"https:\/\/pararepublique.com\/index.php\/wp-json\/wp\/v2\/product\/14706\/revisions"}],"predecessor-version":[{"id":14709,"href":"https:\/\/pararepublique.com\/index.php\/wp-json\/wp\/v2\/product\/14706\/revisions\/14709"}],"wp:featuredmedia":[{"embeddable":true,"href":"https:\/\/pararepublique.com\/index.php\/wp-json\/wp\/v2\/media\/14707"}],"wp:attachment":[{"href":"https:\/\/pararepublique.com\/index.php\/wp-json\/wp\/v2\/media?parent=14706"}],"wp:term":[{"taxonomy":"product_cat","embeddable":true,"href":"https:\/\/pararepublique.com\/index.php\/wp-json\/wp\/v2\/product_cat?post=14706"},{"taxonomy":"product_tag","embeddable":true,"href":"https:\/\/pararepublique.com\/index.php\/wp-json\/wp\/v2\/product_tag?post=14706"}],"curies":[{"name":"wp","href":"https:\/\/api.w.org\/{rel}","templated":true}]}}