{"id":14715,"date":"2024-12-18T12:33:40","date_gmt":"2024-12-18T12:33:40","guid":{"rendered":"https:\/\/pararepublique.com\/?post_type=product&#038;p=14715"},"modified":"2024-12-18T12:33:40","modified_gmt":"2024-12-18T12:33:40","slug":"parfum-la-vie-est-belle-intense","status":"publish","type":"product","link":"https:\/\/pararepublique.com\/index.php\/product\/parfum-la-vie-est-belle-intense\/","title":{"rendered":"PARFUM LA VIE EST BELLE INTENSE"},"content":{"rendered":"<p>Le Bonheur n\u2019attend pas. Aujourd\u2019hui, ici, maintenant, chaque instant de notre vie rec\u00e8le un bonheur qui ne demande qu\u2019\u00e0 \u00eatre cueilli.<br \/>\nLa Vie Est Belle Intens\u00e9ment vous invite \u00e0 saisir le moment pr\u00e9sent. Le bonheur est intense, fort, puissant et pourtant fugace. Transformez n\u2019importe quel moment ordinaire en intensit\u00e9 incandescente !<\/p>\n<div id=\"tab-description\" class=\"entry-content woocommerce-Tabs-panel woocommerce-Tabs-panel--description wd-active panel wc-tab\" role=\"tabpanel\" aria-labelledby=\"tab-title-description\" data-accordion-index=\"description\">\n<div class=\"wc-tab-inner wd-entry-content\">\n<p><strong>Composition du parfum<\/strong><br \/>\nVos sens seront tout d\u2019abord touch\u00e9s par les notes douces et fra\u00eeches de la bergamote relev\u00e9e d\u2019une pinc\u00e9e de poivre rose, le tout envelopp\u00e9 d\u2019un souffle juteux de framboises. Quelques instants plus tard, la senteur enivrante du jasmin intervient, encore compl\u00e9t\u00e9e de la fleur d\u2019oranger. Les derni\u00e8res notes chaleureuses sont celles du patchouli terreux et de l\u2019iris, accompagn\u00e9es de la senteur douce et sensuelle du benjoin et de la vanille.<\/p>\n<p>Famille olfactive :<br \/>\nNotes de t\u00eate : Bergamote, Poivre rose, Accord de framboise<br \/>\nNotes de coeur: Jasmin Sambac, Absolus de Fleur d\u2019oranger, Accord Heliotrope<br \/>\nNotes de fond: Essence de coeur de Patchouli, R\u00e9sine de benjoin, Gousse de vanille<\/p>\n<\/div>\n<\/div>\n","protected":false},"excerpt":{"rendered":"<p>Eau de parfum LANC\u00d4ME LA VIE EST BELLE INTENSEMENT 100ml<br \/>\nAu c\u0153ur de cette Eau de Parfum, l\u2019embl\u00e9matique Iris s\u2019associe aux notes sensuelles de la gousse de Vanille pour composer un duo g\u00e9n\u00e9reux et rac\u00e9. Un halo textur\u00e9 qui fait vibrer le sillage iconique de Lanc\u00f4me avec une intensit\u00e9 in\u00e9dite. La Vie est Belle Intens\u00e9ment s\u2019ouvre sur une envol\u00e9e de Poivre Rose et d\u2019un accord Framboise. Un premier accord sublim\u00e9 par le duo d\u2019Iris et de Vanille rouge, qui r\u00e9v\u00e8le au fil des heures une force d\u2019attraction irr\u00e9sistible<\/p>\n","protected":false},"featured_media":14716,"comment_status":"open","ping_status":"closed","template":"","meta":{"inline_featured_image":false,"_monsterinsights_skip_tracking":false,"_monsterinsights_sitenote_active":false,"_monsterinsights_sitenote_note":"","_monsterinsights_sitenote_category":0,"_joinchat":[]},"product_cat":[106],"product_tag":[],"class_list":{"0":"post-14715","1":"product","2":"type-product","3":"status-publish","4":"has-post-thumbnail","6":"product_cat-parfumerie","8":"first","9":"instock","10":"shipping-taxable","11":"purchasable","12":"product-type-simple","13":"add-to-wishlist-after_add_to_cart"},"aioseo_notices":[],"_links":{"self":[{"href":"https:\/\/pararepublique.com\/index.php\/wp-json\/wp\/v2\/product\/14715","targetHints":{"allow":["GET"]}}],"collection":[{"href":"https:\/\/pararepublique.com\/index.php\/wp-json\/wp\/v2\/product"}],"about":[{"href":"https:\/\/pararepublique.com\/index.php\/wp-json\/wp\/v2\/types\/product"}],"replies":[{"embeddable":true,"href":"https:\/\/pararepublique.com\/index.php\/wp-json\/wp\/v2\/comments?post=14715"}],"version-history":[{"count":1,"href":"https:\/\/pararepublique.com\/index.php\/wp-json\/wp\/v2\/product\/14715\/revisions"}],"predecessor-version":[{"id":14717,"href":"https:\/\/pararepublique.com\/index.php\/wp-json\/wp\/v2\/product\/14715\/revisions\/14717"}],"wp:featuredmedia":[{"embeddable":true,"href":"https:\/\/pararepublique.com\/index.php\/wp-json\/wp\/v2\/media\/14716"}],"wp:attachment":[{"href":"https:\/\/pararepublique.com\/index.php\/wp-json\/wp\/v2\/media?parent=14715"}],"wp:term":[{"taxonomy":"product_cat","embeddable":true,"href":"https:\/\/pararepublique.com\/index.php\/wp-json\/wp\/v2\/product_cat?post=14715"},{"taxonomy":"product_tag","embeddable":true,"href":"https:\/\/pararepublique.com\/index.php\/wp-json\/wp\/v2\/product_tag?post=14715"}],"curies":[{"name":"wp","href":"https:\/\/api.w.org\/{rel}","templated":true}]}}