{"id":14718,"date":"2024-12-18T12:52:19","date_gmt":"2024-12-18T12:52:19","guid":{"rendered":"https:\/\/pararepublique.com\/?post_type=product&#038;p=14718"},"modified":"2024-12-18T12:52:19","modified_gmt":"2024-12-18T12:52:19","slug":"parfum-lady-gaga","status":"publish","type":"product","link":"https:\/\/pararepublique.com\/index.php\/product\/parfum-lady-gaga\/","title":{"rendered":"PARFUM LADY GAGA"},"content":{"rendered":"<p><span class=\"text-16 md:text-18 font-light markdown\">L\u00e0 o\u00f9 il y avait de la lumi\u00e8re, elle a demand\u00e9 de l&rsquo;obscurit\u00e9. Inspir\u00e9e par la phrase de l&rsquo;artiste : \u00ab\u00a0Si vous n&rsquo;avez pas d&rsquo;ombres, vous n&rsquo;\u00eates pas dans la lumi\u00e8re\u00a0\u00bb. Le fluide noir enferme une m\u00e9tamorphose olfactive dans une obscurit\u00e9 luxueuse. Noir comme l&rsquo;\u00e2me de la gloire, mais invisible une fois dans l&rsquo;air, le premier parfum du genre, du noir \u00e0 la transparence, est une innovation dans la technologie des fluides.<\/span><\/p>\n","protected":false},"excerpt":{"rendered":"<p>Faites une d\u00e9claration avec Lady Gaga Fame Black Fluid, un parfum captivant avec des notes de miel, d&rsquo;abricot et d&rsquo;orchid\u00e9e tigre<\/p>\n","protected":false},"featured_media":14719,"comment_status":"open","ping_status":"closed","template":"","meta":{"inline_featured_image":false,"_monsterinsights_skip_tracking":false,"_monsterinsights_sitenote_active":false,"_monsterinsights_sitenote_note":"","_monsterinsights_sitenote_category":0,"_joinchat":[]},"product_cat":[106],"product_tag":[],"class_list":{"0":"post-14718","1":"product","2":"type-product","3":"status-publish","4":"has-post-thumbnail","6":"product_cat-parfumerie","8":"first","9":"instock","10":"shipping-taxable","11":"purchasable","12":"product-type-simple","13":"add-to-wishlist-after_add_to_cart"},"aioseo_notices":[],"_links":{"self":[{"href":"https:\/\/pararepublique.com\/index.php\/wp-json\/wp\/v2\/product\/14718","targetHints":{"allow":["GET"]}}],"collection":[{"href":"https:\/\/pararepublique.com\/index.php\/wp-json\/wp\/v2\/product"}],"about":[{"href":"https:\/\/pararepublique.com\/index.php\/wp-json\/wp\/v2\/types\/product"}],"replies":[{"embeddable":true,"href":"https:\/\/pararepublique.com\/index.php\/wp-json\/wp\/v2\/comments?post=14718"}],"version-history":[{"count":1,"href":"https:\/\/pararepublique.com\/index.php\/wp-json\/wp\/v2\/product\/14718\/revisions"}],"predecessor-version":[{"id":14720,"href":"https:\/\/pararepublique.com\/index.php\/wp-json\/wp\/v2\/product\/14718\/revisions\/14720"}],"wp:featuredmedia":[{"embeddable":true,"href":"https:\/\/pararepublique.com\/index.php\/wp-json\/wp\/v2\/media\/14719"}],"wp:attachment":[{"href":"https:\/\/pararepublique.com\/index.php\/wp-json\/wp\/v2\/media?parent=14718"}],"wp:term":[{"taxonomy":"product_cat","embeddable":true,"href":"https:\/\/pararepublique.com\/index.php\/wp-json\/wp\/v2\/product_cat?post=14718"},{"taxonomy":"product_tag","embeddable":true,"href":"https:\/\/pararepublique.com\/index.php\/wp-json\/wp\/v2\/product_tag?post=14718"}],"curies":[{"name":"wp","href":"https:\/\/api.w.org\/{rel}","templated":true}]}}