{"id":14721,"date":"2024-12-18T12:55:31","date_gmt":"2024-12-18T12:55:31","guid":{"rendered":"https:\/\/pararepublique.com\/?post_type=product&#038;p=14721"},"modified":"2024-12-18T12:55:31","modified_gmt":"2024-12-18T12:55:31","slug":"parfum-lady-million-golde-80ml","status":"publish","type":"product","link":"https:\/\/pararepublique.com\/index.php\/product\/parfum-lady-million-golde-80ml\/","title":{"rendered":"PARFUM LADY MILLION GOLDE 80ML"},"content":{"rendered":"<h3>Paco Rabanne Lady Million Eau My Gold Pour Femme Eau de Toilette<\/h3>\n<p>Le nouveau Lady Million Eau My Gold est un parfum frais et p\u00e9tillant qui captivera les femmes qui souhaitent se sentir sp\u00e9ciales et f\u00e9minines. Cette composition estivale est le r\u00e9sultat d&rsquo;inspirations d&rsquo;humeur festive et de plaisirs un peu plus simples de la vie. Avec ses notes de t\u00eate de mangue, n\u00e9roli, bergamote, mandarine et pamplemousse ; son c\u0153ur de feuille de violette, de fleur d&rsquo;oranger et de musc doux ; son fond riche en ambre, c\u00e8dre et bois de santal, elle est con\u00e7ue pour celles qui veulent exprimer leur concept de luxe de mani\u00e8re tr\u00e8s \u00e9vidente.<\/p>\n","protected":false},"excerpt":{"rendered":"<p>Paco Rabanne Lady Million Eau My Gold For Women Eau de Toilette est un parfum floral fruit\u00e9 lanc\u00e9 en 2014. Les notes dominantes sont la mangue et la fleur d&rsquo;oranger. Nous recommandons de porter ce parfum dans la journ\u00e9e pendant la saison printani\u00e8re.<\/p>\n","protected":false},"featured_media":14722,"comment_status":"open","ping_status":"closed","template":"","meta":{"inline_featured_image":false,"_monsterinsights_skip_tracking":false,"_monsterinsights_sitenote_active":false,"_monsterinsights_sitenote_note":"","_monsterinsights_sitenote_category":0,"_joinchat":[]},"product_cat":[106],"product_tag":[],"class_list":{"0":"post-14721","1":"product","2":"type-product","3":"status-publish","4":"has-post-thumbnail","6":"product_cat-parfumerie","8":"first","9":"instock","10":"shipping-taxable","11":"purchasable","12":"product-type-simple","13":"add-to-wishlist-after_add_to_cart"},"aioseo_notices":[],"_links":{"self":[{"href":"https:\/\/pararepublique.com\/index.php\/wp-json\/wp\/v2\/product\/14721","targetHints":{"allow":["GET"]}}],"collection":[{"href":"https:\/\/pararepublique.com\/index.php\/wp-json\/wp\/v2\/product"}],"about":[{"href":"https:\/\/pararepublique.com\/index.php\/wp-json\/wp\/v2\/types\/product"}],"replies":[{"embeddable":true,"href":"https:\/\/pararepublique.com\/index.php\/wp-json\/wp\/v2\/comments?post=14721"}],"version-history":[{"count":2,"href":"https:\/\/pararepublique.com\/index.php\/wp-json\/wp\/v2\/product\/14721\/revisions"}],"predecessor-version":[{"id":14724,"href":"https:\/\/pararepublique.com\/index.php\/wp-json\/wp\/v2\/product\/14721\/revisions\/14724"}],"wp:featuredmedia":[{"embeddable":true,"href":"https:\/\/pararepublique.com\/index.php\/wp-json\/wp\/v2\/media\/14722"}],"wp:attachment":[{"href":"https:\/\/pararepublique.com\/index.php\/wp-json\/wp\/v2\/media?parent=14721"}],"wp:term":[{"taxonomy":"product_cat","embeddable":true,"href":"https:\/\/pararepublique.com\/index.php\/wp-json\/wp\/v2\/product_cat?post=14721"},{"taxonomy":"product_tag","embeddable":true,"href":"https:\/\/pararepublique.com\/index.php\/wp-json\/wp\/v2\/product_tag?post=14721"}],"curies":[{"name":"wp","href":"https:\/\/api.w.org\/{rel}","templated":true}]}}