{"id":14725,"date":"2024-12-18T13:00:46","date_gmt":"2024-12-18T13:00:46","guid":{"rendered":"https:\/\/pararepublique.com\/?post_type=product&#038;p=14725"},"modified":"2024-12-18T13:00:46","modified_gmt":"2024-12-18T13:00:46","slug":"parfum-lady-million-paco-rabane-femme","status":"publish","type":"product","link":"https:\/\/pararepublique.com\/index.php\/product\/parfum-lady-million-paco-rabane-femme\/","title":{"rendered":"PARFUM LADY MILLION PACO RABANE FEMME"},"content":{"rendered":"<p>Lady Million est une Eau de Parfum sign\u00e9 Paco Rabanne pour les femmes.<\/p>\n<p>Jouer avec le feu et n&rsquo;ob\u00e9ir \u00e0 personne. Sauf \u00e0 ses fantasmes. Eblouir, l&rsquo;air de rien. Et provoquer la chance. Lady Million a le go\u00fbt du vertige. Belle effront\u00e9e. Et des projecteurs&#8230; Golden girl. Des fleurs fra\u00eeches (mais) charnelles sur un patchouli sexy. D\u00e9sarmant !<\/p>\n<p>Nectar de fleurs blanches sur patchouli sexy. Charnel, addictif.<\/p>\n<p>D\u00e9couvrez sans plus tarder le bestseller f\u00e9minin de la marque Paco Rabanne chez Sephora.<br \/>\nT\u00eate scintillante et flamboyante : n\u00e9roli, bigarade avec un nuage de framboise.<br \/>\nC\u0153ur opulent et charnel : absolu de fleur d&rsquo;oranger, absolu de jasmin sambac.<br \/>\nFond obs\u00e9dant et sensuel : patchouli et miel.<\/p>\n","protected":false},"excerpt":{"rendered":"<p>Jouer avec le feu est permis ! Laissez-vous tenter par cet appel courageux qui vous est lanc\u00e9 par l\u2019eau de parfum pour femmes Paco Rabanne Lady Million. Cette fragrance s\u00e9duisante, sensuelle et hautement addictive incite toutes les jeunes filles un peu insolentes \u00e0 n\u2019\u00e9couter que leur fantaisie.<\/p>\n","protected":false},"featured_media":14726,"comment_status":"open","ping_status":"closed","template":"","meta":{"inline_featured_image":false,"_monsterinsights_skip_tracking":false,"_monsterinsights_sitenote_active":false,"_monsterinsights_sitenote_note":"","_monsterinsights_sitenote_category":0,"_joinchat":[]},"product_cat":[106],"product_tag":[],"class_list":{"0":"post-14725","1":"product","2":"type-product","3":"status-publish","4":"has-post-thumbnail","6":"product_cat-parfumerie","8":"first","9":"instock","10":"shipping-taxable","11":"purchasable","12":"product-type-simple","13":"add-to-wishlist-after_add_to_cart"},"aioseo_notices":[],"_links":{"self":[{"href":"https:\/\/pararepublique.com\/index.php\/wp-json\/wp\/v2\/product\/14725","targetHints":{"allow":["GET"]}}],"collection":[{"href":"https:\/\/pararepublique.com\/index.php\/wp-json\/wp\/v2\/product"}],"about":[{"href":"https:\/\/pararepublique.com\/index.php\/wp-json\/wp\/v2\/types\/product"}],"replies":[{"embeddable":true,"href":"https:\/\/pararepublique.com\/index.php\/wp-json\/wp\/v2\/comments?post=14725"}],"version-history":[{"count":1,"href":"https:\/\/pararepublique.com\/index.php\/wp-json\/wp\/v2\/product\/14725\/revisions"}],"predecessor-version":[{"id":14727,"href":"https:\/\/pararepublique.com\/index.php\/wp-json\/wp\/v2\/product\/14725\/revisions\/14727"}],"wp:featuredmedia":[{"embeddable":true,"href":"https:\/\/pararepublique.com\/index.php\/wp-json\/wp\/v2\/media\/14726"}],"wp:attachment":[{"href":"https:\/\/pararepublique.com\/index.php\/wp-json\/wp\/v2\/media?parent=14725"}],"wp:term":[{"taxonomy":"product_cat","embeddable":true,"href":"https:\/\/pararepublique.com\/index.php\/wp-json\/wp\/v2\/product_cat?post=14725"},{"taxonomy":"product_tag","embeddable":true,"href":"https:\/\/pararepublique.com\/index.php\/wp-json\/wp\/v2\/product_tag?post=14725"}],"curies":[{"name":"wp","href":"https:\/\/api.w.org\/{rel}","templated":true}]}}