{"id":14728,"date":"2024-12-18T13:06:34","date_gmt":"2024-12-18T13:06:34","guid":{"rendered":"https:\/\/pararepublique.com\/?post_type=product&#038;p=14728"},"modified":"2024-12-18T13:06:34","modified_gmt":"2024-12-18T13:06:34","slug":"parfum-lancome-hypnose-homme-edt-75ml","status":"publish","type":"product","link":"https:\/\/pararepublique.com\/index.php\/product\/parfum-lancome-hypnose-homme-edt-75ml\/","title":{"rendered":"PARFUM LANCOME HYPNOSE HOMME EDT\/75ML"},"content":{"rendered":"<div class=\"OtfKGl QfrfFD cell\">\n<section class=\"Va_ZoC\" data-hook=\"description-wrapper\">\n<div class=\"LvOu6J\">\n<div class=\"vaI0UH\" data-hook=\"content-wrapper\">\n<p>Donnez libre cours \u00e0 votre fascinant pouvoir de s\u00e9duction avec Hypn\u00f4se Homme, le parfum masculin de Lanc\u00f4me.<\/p>\n<p>Hypn\u00f4se Homme est le parfum masculin par excellence. Il se fait d&rsquo;abord remarquer par un mariage aromatique de cardamome et de menthe auquel succ\u00e8dent de s\u00e9duisantes notes de Patchouli d&rsquo;Indon\u00e9sie et de Musc qui vous gardent sous le charme.<\/p>\n<p>Son magnifique flacon aux lignes franches et aux volumes opulents \u00e9voque une masculinit\u00e9 puissante et myst\u00e9rieuse.<\/p>\n<\/div>\n<\/div>\n<\/section>\n<\/div>\n","protected":false},"excerpt":{"rendered":"<p>Donnez libre cours \u00e0 votre fascinant pouvoir de s\u00e9duction avec Hypn\u00f4se Homme, le parfum masculin de Lanc\u00f4me.<\/p>\n<p><strong>Notes de t\u00eate<\/strong> : Cardamome, Menthe fra\u00eeche, verte et \u00e9pic\u00e9e<br \/>\n<strong>Notes de c\u0153ur<\/strong> : Bouquet aromatique floral-vert<br \/>\n<strong>Notes de fond<\/strong> : Patchouli d&rsquo;Indon\u00e9sie, Accord Musc-Ambre gris sensuel<\/p>\n","protected":false},"featured_media":14729,"comment_status":"open","ping_status":"closed","template":"","meta":{"inline_featured_image":false,"_monsterinsights_skip_tracking":false,"_monsterinsights_sitenote_active":false,"_monsterinsights_sitenote_note":"","_monsterinsights_sitenote_category":0,"_joinchat":[]},"product_cat":[106],"product_tag":[],"class_list":{"0":"post-14728","1":"product","2":"type-product","3":"status-publish","4":"has-post-thumbnail","6":"product_cat-parfumerie","8":"first","9":"instock","10":"shipping-taxable","11":"purchasable","12":"product-type-simple","13":"add-to-wishlist-after_add_to_cart"},"aioseo_notices":[],"_links":{"self":[{"href":"https:\/\/pararepublique.com\/index.php\/wp-json\/wp\/v2\/product\/14728","targetHints":{"allow":["GET"]}}],"collection":[{"href":"https:\/\/pararepublique.com\/index.php\/wp-json\/wp\/v2\/product"}],"about":[{"href":"https:\/\/pararepublique.com\/index.php\/wp-json\/wp\/v2\/types\/product"}],"replies":[{"embeddable":true,"href":"https:\/\/pararepublique.com\/index.php\/wp-json\/wp\/v2\/comments?post=14728"}],"version-history":[{"count":1,"href":"https:\/\/pararepublique.com\/index.php\/wp-json\/wp\/v2\/product\/14728\/revisions"}],"predecessor-version":[{"id":14730,"href":"https:\/\/pararepublique.com\/index.php\/wp-json\/wp\/v2\/product\/14728\/revisions\/14730"}],"wp:featuredmedia":[{"embeddable":true,"href":"https:\/\/pararepublique.com\/index.php\/wp-json\/wp\/v2\/media\/14729"}],"wp:attachment":[{"href":"https:\/\/pararepublique.com\/index.php\/wp-json\/wp\/v2\/media?parent=14728"}],"wp:term":[{"taxonomy":"product_cat","embeddable":true,"href":"https:\/\/pararepublique.com\/index.php\/wp-json\/wp\/v2\/product_cat?post=14728"},{"taxonomy":"product_tag","embeddable":true,"href":"https:\/\/pararepublique.com\/index.php\/wp-json\/wp\/v2\/product_tag?post=14728"}],"curies":[{"name":"wp","href":"https:\/\/api.w.org\/{rel}","templated":true}]}}