{"id":14731,"date":"2024-12-18T13:22:03","date_gmt":"2024-12-18T13:22:03","guid":{"rendered":"https:\/\/pararepublique.com\/?post_type=product&#038;p=14731"},"modified":"2024-12-18T13:22:03","modified_gmt":"2024-12-18T13:22:03","slug":"parfum-lanvin-eclat-darpege-edt-50ml","status":"publish","type":"product","link":"https:\/\/pararepublique.com\/index.php\/product\/parfum-lanvin-eclat-darpege-edt-50ml\/","title":{"rendered":"PARFUM LANVIN ECLAT D\u2019ARPEGE EDT\/50ML"},"content":{"rendered":"<p>Laissez-vous surprendre par le parfum de marque\u00a0<strong>Parfum Femme Lanvin EDP Eclat D\u2019Arpege 100 ml<\/strong> et faites ressortir votre f\u00e9minit\u00e9 en portant ce <strong>parfum femme <\/strong><strong>100 % authentique<\/strong>. Sa composition unique exalte un parfum \u00e0 votre image. D\u00e9couvrez sans plus tarder nos produits <strong>Lanvin 100 % authentiques<\/strong> !<\/p>\n<ul>\n<li>Genre: Femme<\/li>\n<li>Capacit\u00e9: 100 ml<\/li>\n<li>Type: EDP (Eau de Parfum)<\/li>\n<li>Nom du parfum: Eclat D\u2019Arpege<\/li>\n<\/ul>\n<p><strong>\u00c0 PROPOS DE ECLAT<\/strong><\/p>\n<p>Description de la cat\u00e9gorie de produits d\u2019environ 80 mots pour Diaytar S\u00e9n\u00e9gal, leader de l\u2019ecommerce au S\u00e9n\u00e9gal:<\/p>\n<p>D\u00e9couvrez notre vaste gamme de produits sur Diaytar S\u00e9n\u00e9gal, le leader de l\u2019ecommerce au S\u00e9n\u00e9gal. Nous proposons une s\u00e9lection vari\u00e9e d\u2019articles de haute qualit\u00e9 pour r\u00e9pondre \u00e0 tous vos besoins. Que vous recherchiez des v\u00eatements tendance, des produits \u00e9lectroniques de pointe ou des articles pour la maison, nous avons tout ce qu\u2019il vous faut. Explorez notre cat\u00e9gorie de produits et laissez-vous s\u00e9duire par nos offres exceptionnelles. Avec Diaytar S\u00e9n\u00e9gal, vous pouvez profiter d\u2019une exp\u00e9rience d\u2019achat en ligne pratique et fiable, avec une livraison rapide et un service client\u00e8le de qualit\u00e9. Ne cherchez plus, trouvez tout ce dont vous avez besoin sur Diaytar S\u00e9n\u00e9gal !<\/p>\n","protected":false},"excerpt":{"rendered":"<p>Laissez-vous surprendre par le parfum de marque\u00a0<strong>Parfum Femme Lanvin EDP Eclat D\u2019Arpege 100 ml<\/strong> et faites ressortir votre f\u00e9minit\u00e9 en portant ce <strong>parfum femme <\/strong><strong>100 % authentique<\/strong>. Sa composition unique exalte un parfum \u00e0 votre image. D\u00e9couvrez sans plus tarder nos produits <strong>Lanvin 100 % authentiques<\/strong> !<\/p>\n","protected":false},"featured_media":14732,"comment_status":"open","ping_status":"closed","template":"","meta":{"inline_featured_image":false,"_monsterinsights_skip_tracking":false,"_monsterinsights_sitenote_active":false,"_monsterinsights_sitenote_note":"","_monsterinsights_sitenote_category":0,"_joinchat":[]},"product_cat":[106],"product_tag":[],"class_list":{"0":"post-14731","1":"product","2":"type-product","3":"status-publish","4":"has-post-thumbnail","6":"product_cat-parfumerie","8":"first","9":"instock","10":"shipping-taxable","11":"product-type-simple","12":"add-to-wishlist-after_add_to_cart"},"aioseo_notices":[],"_links":{"self":[{"href":"https:\/\/pararepublique.com\/index.php\/wp-json\/wp\/v2\/product\/14731","targetHints":{"allow":["GET"]}}],"collection":[{"href":"https:\/\/pararepublique.com\/index.php\/wp-json\/wp\/v2\/product"}],"about":[{"href":"https:\/\/pararepublique.com\/index.php\/wp-json\/wp\/v2\/types\/product"}],"replies":[{"embeddable":true,"href":"https:\/\/pararepublique.com\/index.php\/wp-json\/wp\/v2\/comments?post=14731"}],"version-history":[{"count":2,"href":"https:\/\/pararepublique.com\/index.php\/wp-json\/wp\/v2\/product\/14731\/revisions"}],"predecessor-version":[{"id":14734,"href":"https:\/\/pararepublique.com\/index.php\/wp-json\/wp\/v2\/product\/14731\/revisions\/14734"}],"wp:featuredmedia":[{"embeddable":true,"href":"https:\/\/pararepublique.com\/index.php\/wp-json\/wp\/v2\/media\/14732"}],"wp:attachment":[{"href":"https:\/\/pararepublique.com\/index.php\/wp-json\/wp\/v2\/media?parent=14731"}],"wp:term":[{"taxonomy":"product_cat","embeddable":true,"href":"https:\/\/pararepublique.com\/index.php\/wp-json\/wp\/v2\/product_cat?post=14731"},{"taxonomy":"product_tag","embeddable":true,"href":"https:\/\/pararepublique.com\/index.php\/wp-json\/wp\/v2\/product_tag?post=14731"}],"curies":[{"name":"wp","href":"https:\/\/api.w.org\/{rel}","templated":true}]}}