{"id":14735,"date":"2024-12-18T13:27:35","date_gmt":"2024-12-18T13:27:35","guid":{"rendered":"https:\/\/pararepublique.com\/?post_type=product&#038;p=14735"},"modified":"2024-12-18T13:27:35","modified_gmt":"2024-12-18T13:27:35","slug":"parfum-lolita-minuit","status":"publish","type":"product","link":"https:\/\/pararepublique.com\/index.php\/product\/parfum-lolita-minuit\/","title":{"rendered":"PARFUM LOLITA MINUIT"},"content":{"rendered":"<div class=\"product_info_tabs_content hide-fade\">\n<div id=\"descriptionTabContent\" class=\"product_info_tabs_description active mt-4\" data-tab=\"tab1\">FLACON :<br \/>\nUn v\u00e9ritable objet de collection, \u00e9dit\u00e9 en s\u00e9rie limit\u00e9e. Le flacon pomme se teinte de myst\u00e8re. Sous un \u00e9blouissant d\u00e9cor de feuilles de lierre \u00e9maill\u00e9es d\u2019or et de noir, l\u2019objet du d\u00e9sir se colore d\u2019une laque brillante \u00ab over noire \u00bb, chic, intense et extravertie. Un g\u00e9n\u00e9reux vaporisateur 100 ml, qui promet des nuits enti\u00e8res d\u2019intense volupt\u00e9. L\u2019arme de s\u00e9duction fatale !<\/p>\n<p>HISTOIRE : Minuit Noir<br \/>\nMinuit c\u2019est une heure magique, l\u2019heure o\u00f9 tout semble possible, pour se sentir plus belle encore\u2026 L\u2019Edition Limit\u00e9e \u00ab Minuit Noir \u00bb c\u2019est un rendez-vous avec le merveilleux et la sensualit\u00e9. Chaque ann\u00e9e \u00e0 No\u00ebl, Lolita Lempicka imagine une nouvelle \u00ab Collection de Minuit \u00bb et nous transporte au c\u0153ur d\u2019une histoire in\u00e9dite de f\u00e9minit\u00e9.<br \/>\nL\u2019\u00e9dition 2010 s\u2019inspire du myst\u00e8re de la Nuit, celui qui pousse jusqu\u2019\u00e0 l\u2019extr\u00eame son pouvoir de s\u00e9duction. Cette Nuit qui fascine pour l\u2019ivresse qu\u2019elle procure, les d\u00e9sirs qu\u2019elle fait na\u00eetre et les exc\u00e8s qu\u2019elle encourage. Sa teinte Noire anime les plus profondes et les plus secr\u00e8tes des \u00e9motions\u2026. \u00ab Minuit Noir \u00bb explore cette face \u00e9nigmatique et intense de la s\u00e9duction !<\/p><\/div>\n<\/div>\n<div id=\"bt-view-more-btn\" class=\"d-flex justify-content-center bt-view-more-btn\"><\/div>\n","protected":false},"excerpt":{"rendered":"<p>LES COLLECTIONS DE MINUIT : Minuit Noir<br \/>\nLe rendez-vous de fin d\u2019ann\u00e9e avec l\u2019absolue f\u00e9erie se poursuit. En 2010, cette collection exceptionnelle s\u2019affirme comme plus intense, plus myst\u00e9rieuse, plus extr\u00eame, plus r\u00e9glisse \u2026 plus Lolita. Les Parfums Lolita Lempicka donnent au Noir un parfum d\u2019extr\u00eame. Ils cr\u00e9ent \u00ab Minuit Noir \u00bb, une nouvelle fragrance t\u00e9n\u00e9breuse et passionn\u00e9e.<\/p>\n","protected":false},"featured_media":14736,"comment_status":"open","ping_status":"closed","template":"","meta":{"inline_featured_image":false,"_monsterinsights_skip_tracking":false,"_monsterinsights_sitenote_active":false,"_monsterinsights_sitenote_note":"","_monsterinsights_sitenote_category":0,"_joinchat":[]},"product_cat":[74],"product_tag":[],"class_list":{"0":"post-14735","1":"product","2":"type-product","3":"status-publish","4":"has-post-thumbnail","6":"product_cat-personal-care","8":"first","9":"instock","10":"shipping-taxable","11":"purchasable","12":"product-type-simple","13":"add-to-wishlist-after_add_to_cart"},"aioseo_notices":[],"_links":{"self":[{"href":"https:\/\/pararepublique.com\/index.php\/wp-json\/wp\/v2\/product\/14735","targetHints":{"allow":["GET"]}}],"collection":[{"href":"https:\/\/pararepublique.com\/index.php\/wp-json\/wp\/v2\/product"}],"about":[{"href":"https:\/\/pararepublique.com\/index.php\/wp-json\/wp\/v2\/types\/product"}],"replies":[{"embeddable":true,"href":"https:\/\/pararepublique.com\/index.php\/wp-json\/wp\/v2\/comments?post=14735"}],"version-history":[{"count":2,"href":"https:\/\/pararepublique.com\/index.php\/wp-json\/wp\/v2\/product\/14735\/revisions"}],"predecessor-version":[{"id":14738,"href":"https:\/\/pararepublique.com\/index.php\/wp-json\/wp\/v2\/product\/14735\/revisions\/14738"}],"wp:featuredmedia":[{"embeddable":true,"href":"https:\/\/pararepublique.com\/index.php\/wp-json\/wp\/v2\/media\/14736"}],"wp:attachment":[{"href":"https:\/\/pararepublique.com\/index.php\/wp-json\/wp\/v2\/media?parent=14735"}],"wp:term":[{"taxonomy":"product_cat","embeddable":true,"href":"https:\/\/pararepublique.com\/index.php\/wp-json\/wp\/v2\/product_cat?post=14735"},{"taxonomy":"product_tag","embeddable":true,"href":"https:\/\/pararepublique.com\/index.php\/wp-json\/wp\/v2\/product_tag?post=14735"}],"curies":[{"name":"wp","href":"https:\/\/api.w.org\/{rel}","templated":true}]}}