{"id":14739,"date":"2024-12-18T13:43:08","date_gmt":"2024-12-18T13:43:08","guid":{"rendered":"https:\/\/pararepublique.com\/?post_type=product&#038;p=14739"},"modified":"2024-12-18T13:43:08","modified_gmt":"2024-12-18T13:43:08","slug":"parfum-lolita-minuit-dor","status":"publish","type":"product","link":"https:\/\/pararepublique.com\/index.php\/product\/parfum-lolita-minuit-dor\/","title":{"rendered":"PARFUM LOLITA MINUIT D\u2019OR"},"content":{"rendered":"","protected":false},"excerpt":{"rendered":"<p>Lolita lempicka nous invite dans un voyage nocture parsem\u00e9 d&rsquo;\u00e9toiles. Le jus voluptueux m\u00eale iris, vanille absolue, fleur de r\u00e9glisse et myrrhe pour un sillage unique et enveloppant. La fameuse pomme se pare d&rsquo;or pour une soir\u00e9e magique et pr\u00e9cieuse<\/p>\n","protected":false},"featured_media":14740,"comment_status":"open","ping_status":"closed","template":"","meta":{"inline_featured_image":false,"_monsterinsights_skip_tracking":false,"_monsterinsights_sitenote_active":false,"_monsterinsights_sitenote_note":"","_monsterinsights_sitenote_category":0,"_joinchat":[]},"product_cat":[106],"product_tag":[],"class_list":{"0":"post-14739","1":"product","2":"type-product","3":"status-publish","4":"has-post-thumbnail","6":"product_cat-parfumerie","8":"first","9":"instock","10":"shipping-taxable","11":"purchasable","12":"product-type-simple","13":"add-to-wishlist-after_add_to_cart"},"aioseo_notices":[],"_links":{"self":[{"href":"https:\/\/pararepublique.com\/index.php\/wp-json\/wp\/v2\/product\/14739","targetHints":{"allow":["GET"]}}],"collection":[{"href":"https:\/\/pararepublique.com\/index.php\/wp-json\/wp\/v2\/product"}],"about":[{"href":"https:\/\/pararepublique.com\/index.php\/wp-json\/wp\/v2\/types\/product"}],"replies":[{"embeddable":true,"href":"https:\/\/pararepublique.com\/index.php\/wp-json\/wp\/v2\/comments?post=14739"}],"version-history":[{"count":1,"href":"https:\/\/pararepublique.com\/index.php\/wp-json\/wp\/v2\/product\/14739\/revisions"}],"predecessor-version":[{"id":14741,"href":"https:\/\/pararepublique.com\/index.php\/wp-json\/wp\/v2\/product\/14739\/revisions\/14741"}],"wp:featuredmedia":[{"embeddable":true,"href":"https:\/\/pararepublique.com\/index.php\/wp-json\/wp\/v2\/media\/14740"}],"wp:attachment":[{"href":"https:\/\/pararepublique.com\/index.php\/wp-json\/wp\/v2\/media?parent=14739"}],"wp:term":[{"taxonomy":"product_cat","embeddable":true,"href":"https:\/\/pararepublique.com\/index.php\/wp-json\/wp\/v2\/product_cat?post=14739"},{"taxonomy":"product_tag","embeddable":true,"href":"https:\/\/pararepublique.com\/index.php\/wp-json\/wp\/v2\/product_tag?post=14739"}],"curies":[{"name":"wp","href":"https:\/\/api.w.org\/{rel}","templated":true}]}}