{"id":14742,"date":"2024-12-18T13:46:40","date_gmt":"2024-12-18T13:46:40","guid":{"rendered":"https:\/\/pararepublique.com\/?post_type=product&#038;p=14742"},"modified":"2024-12-18T13:46:40","modified_gmt":"2024-12-18T13:46:40","slug":"parfum-loverdose-eau-de-de-toilette","status":"publish","type":"product","link":"https:\/\/pararepublique.com\/index.php\/product\/parfum-loverdose-eau-de-de-toilette\/","title":{"rendered":"PARFUM LOVERDOSE EAU DE DE TOILETTE"},"content":{"rendered":"<div class=\"woocommerce-product-details__short-description\">\n<p>Juste apr\u00e8s avoir vaporis\u00e9 une touche de parfum sur votre peau, vous distinguerez l\u2019odeur sucr\u00e9e et acidul\u00e9e du citron et de la mandarine, deux agrumes dont la fra\u00eecheur \u00e9veille les sens. Le jasmin et le gard\u00e9nia viendront ensuite, dispersant un d\u00e9licat bouquet floral dans votre sillage. Ils sont associ\u00e9s avec d\u00e9licatesse \u00e0 la liqueur de r\u00e9glisse et \u00e0 l\u2019anis \u00e9toil\u00e9, symbole de passion et d\u2019\u00e9rotisme. Ces associations uniques et non conformistes vous envelopperont durant des heures, d\u00e9voilant votre c\u00f4t\u00e9 vibrant et hypnotisant. Des extraits de bois de santal et de c\u00e8dre, mari\u00e9s \u00e0 la gourmandise de la vanille, viendront quant \u00e0 eux refl\u00e9ter votre sensualit\u00e9, r\u00e9veillant les senteurs bois\u00e9es de ce parfum DIESEL pour femme. Vous le porterez jour et nuit, il deviendra votre meilleur alli\u00e9 s\u00e9duction.<\/p>\n<p>&nbsp;<\/p>\n<\/div>\n","protected":false},"excerpt":{"rendered":"<p>Note de t\u00eate : Mandarine<br \/>\nNote de fond : Liqueur de R\u00e9glisse<br \/>\nNote de coeur : Vanille<\/p>\n","protected":false},"featured_media":14743,"comment_status":"open","ping_status":"closed","template":"","meta":{"inline_featured_image":false,"_monsterinsights_skip_tracking":false,"_monsterinsights_sitenote_active":false,"_monsterinsights_sitenote_note":"","_monsterinsights_sitenote_category":0,"_joinchat":[]},"product_cat":[106],"product_tag":[],"class_list":{"0":"post-14742","1":"product","2":"type-product","3":"status-publish","4":"has-post-thumbnail","6":"product_cat-parfumerie","8":"first","9":"instock","10":"shipping-taxable","11":"purchasable","12":"product-type-simple","13":"add-to-wishlist-after_add_to_cart"},"aioseo_notices":[],"_links":{"self":[{"href":"https:\/\/pararepublique.com\/index.php\/wp-json\/wp\/v2\/product\/14742","targetHints":{"allow":["GET"]}}],"collection":[{"href":"https:\/\/pararepublique.com\/index.php\/wp-json\/wp\/v2\/product"}],"about":[{"href":"https:\/\/pararepublique.com\/index.php\/wp-json\/wp\/v2\/types\/product"}],"replies":[{"embeddable":true,"href":"https:\/\/pararepublique.com\/index.php\/wp-json\/wp\/v2\/comments?post=14742"}],"version-history":[{"count":1,"href":"https:\/\/pararepublique.com\/index.php\/wp-json\/wp\/v2\/product\/14742\/revisions"}],"predecessor-version":[{"id":14744,"href":"https:\/\/pararepublique.com\/index.php\/wp-json\/wp\/v2\/product\/14742\/revisions\/14744"}],"wp:featuredmedia":[{"embeddable":true,"href":"https:\/\/pararepublique.com\/index.php\/wp-json\/wp\/v2\/media\/14743"}],"wp:attachment":[{"href":"https:\/\/pararepublique.com\/index.php\/wp-json\/wp\/v2\/media?parent=14742"}],"wp:term":[{"taxonomy":"product_cat","embeddable":true,"href":"https:\/\/pararepublique.com\/index.php\/wp-json\/wp\/v2\/product_cat?post=14742"},{"taxonomy":"product_tag","embeddable":true,"href":"https:\/\/pararepublique.com\/index.php\/wp-json\/wp\/v2\/product_tag?post=14742"}],"curies":[{"name":"wp","href":"https:\/\/api.w.org\/{rel}","templated":true}]}}