{"id":14745,"date":"2024-12-18T13:50:57","date_gmt":"2024-12-18T13:50:57","guid":{"rendered":"https:\/\/pararepublique.com\/?post_type=product&#038;p=14745"},"modified":"2024-12-18T13:50:57","modified_gmt":"2024-12-18T13:50:57","slug":"parfum-ma-vie-boss-femme","status":"publish","type":"product","link":"https:\/\/pararepublique.com\/index.php\/product\/parfum-ma-vie-boss-femme\/","title":{"rendered":"PARFUM MA VIE BOSS FEMME"},"content":{"rendered":"<div class=\"pdp-stage__accordion-description\">Eau de Parfum BOSS Ma Vie pour femme, en flacon de 75\u00a0ml. BOSS Ma Vie pour femme s\u2019inspire de l\u2019esprit ind\u00e9pendant d\u2019une femme qui savoure une pause pour profiter des moments simples de la vie\u00a0: c\u2019est dans ces instants qu\u2019elle est la plus captivante, rayonnante de f\u00e9minit\u00e9 et d\u2019assurance. Cr\u00e9\u00e9 autour de la fleur de cactus, le parfum BOSS Ma Vie pour femme r\u00e9invente et modernise des notes vertes florales en ajoutant une touche rose d\u00e9licate. Des ingr\u00e9dients exceptionnels ont \u00e9t\u00e9 d\u00e9licatement associ\u00e9s, alliant la fra\u00eecheur verte de la fleur de cactus \u00e0 des notes florales roses raffin\u00e9es venant renforcer la luminosit\u00e9 vive de la composition. Une touche de bois de c\u00e8dre apporte tout en douceur une note de fond au parfum sans lui faire perdre sa puret\u00e9 fascinante. Une composition qui incarne la force et la f\u00e9minit\u00e9. Ajoutez ce flacon de taille g\u00e9n\u00e9reuse \u00e0 votre collection de parfums. Ingr\u00e9dients: Alcohol Denat, Water, Fragrance, Methyl Cyclodextrin, Ethylhexyl Methoxycinnamate, Diethylamino Hydroxybenzoyl, Hexyl Benzoate, Disodium Edta, BHT, Limonene, Hydroxycitronellal, Linalool, Hydroxyisohexyl 3-Cyclohexene, Carboxaldehyde, Citronellol, Geraniol, Coumarin, Citral, Benzyl Alcohol.<\/div>\n<p>Eau de Parfum<br \/>\nVolume: 75\u00a0ml<\/p>\n","protected":false},"excerpt":{"rendered":"<p>Eau de Parfum BOSS Ma Vie pour femme, en flacon de 75\u00a0ml. BOSS Ma Vie pour femme s\u2019inspire de l\u2019esprit ind\u00e9pendant d\u2019une femme qui savoure une pause pour profiter des moments simples de la vie<\/p>\n","protected":false},"featured_media":14746,"comment_status":"open","ping_status":"closed","template":"","meta":{"inline_featured_image":false,"_monsterinsights_skip_tracking":false,"_monsterinsights_sitenote_active":false,"_monsterinsights_sitenote_note":"","_monsterinsights_sitenote_category":0,"_joinchat":[]},"product_cat":[106],"product_tag":[],"class_list":{"0":"post-14745","1":"product","2":"type-product","3":"status-publish","4":"has-post-thumbnail","6":"product_cat-parfumerie","8":"first","9":"instock","10":"shipping-taxable","11":"purchasable","12":"product-type-simple","13":"add-to-wishlist-after_add_to_cart"},"aioseo_notices":[],"_links":{"self":[{"href":"https:\/\/pararepublique.com\/index.php\/wp-json\/wp\/v2\/product\/14745","targetHints":{"allow":["GET"]}}],"collection":[{"href":"https:\/\/pararepublique.com\/index.php\/wp-json\/wp\/v2\/product"}],"about":[{"href":"https:\/\/pararepublique.com\/index.php\/wp-json\/wp\/v2\/types\/product"}],"replies":[{"embeddable":true,"href":"https:\/\/pararepublique.com\/index.php\/wp-json\/wp\/v2\/comments?post=14745"}],"version-history":[{"count":2,"href":"https:\/\/pararepublique.com\/index.php\/wp-json\/wp\/v2\/product\/14745\/revisions"}],"predecessor-version":[{"id":14748,"href":"https:\/\/pararepublique.com\/index.php\/wp-json\/wp\/v2\/product\/14745\/revisions\/14748"}],"wp:featuredmedia":[{"embeddable":true,"href":"https:\/\/pararepublique.com\/index.php\/wp-json\/wp\/v2\/media\/14746"}],"wp:attachment":[{"href":"https:\/\/pararepublique.com\/index.php\/wp-json\/wp\/v2\/media?parent=14745"}],"wp:term":[{"taxonomy":"product_cat","embeddable":true,"href":"https:\/\/pararepublique.com\/index.php\/wp-json\/wp\/v2\/product_cat?post=14745"},{"taxonomy":"product_tag","embeddable":true,"href":"https:\/\/pararepublique.com\/index.php\/wp-json\/wp\/v2\/product_tag?post=14745"}],"curies":[{"name":"wp","href":"https:\/\/api.w.org\/{rel}","templated":true}]}}