{"id":14749,"date":"2024-12-18T14:18:46","date_gmt":"2024-12-18T14:18:46","guid":{"rendered":"https:\/\/pararepublique.com\/?post_type=product&#038;p=14749"},"modified":"2024-12-18T14:18:46","modified_gmt":"2024-12-18T14:18:46","slug":"parfum-magnifique-lancome-edt-75ml","status":"publish","type":"product","link":"https:\/\/pararepublique.com\/index.php\/product\/parfum-magnifique-lancome-edt-75ml\/","title":{"rendered":"PARFUM MAGNIFIQUE LANCOME EDT\/75ML"},"content":{"rendered":"<p><strong>Magnifique<\/strong> de Lanc\u00f4me a \u00e9t\u00e9 cr\u00e9\u00e9 par Olivier Cresp et Jacques Cavallier-Belletrud et lanc\u00e9 en 2008. C&rsquo;est un parfum floral \u00e9pic\u00e9 avec des accords principaux floraux, \u00e9pic\u00e9s, bois\u00e9s, orientaux et sucr\u00e9s.<\/p>\n","protected":false},"excerpt":{"rendered":"<p>50 ml Eau de Parfum (1,7 fl. oz.)<br \/>\nSpray naturel en verre<br \/>\nFabriqu\u00e9 en France<br \/>\nFlacon plein dans sa bo\u00eete d&rsquo;origine, jamais utilis\u00e9 (la bo\u00eete pr\u00e9sente de l\u00e9g\u00e8res marques d&rsquo;usure). Il s&rsquo;agit d&rsquo;une bouteille vintage rare datant des ann\u00e9es 2000. Cette fragrance semble avoir \u00e9t\u00e9 discontinu\u00e9e.<\/p>\n<p>&nbsp;<\/p>\n","protected":false},"featured_media":14750,"comment_status":"open","ping_status":"closed","template":"","meta":{"inline_featured_image":false,"_monsterinsights_skip_tracking":false,"_monsterinsights_sitenote_active":false,"_monsterinsights_sitenote_note":"","_monsterinsights_sitenote_category":0,"_joinchat":[]},"product_cat":[106],"product_tag":[],"class_list":{"0":"post-14749","1":"product","2":"type-product","3":"status-publish","4":"has-post-thumbnail","6":"product_cat-parfumerie","8":"first","9":"instock","10":"shipping-taxable","11":"purchasable","12":"product-type-simple","13":"add-to-wishlist-after_add_to_cart"},"aioseo_notices":[],"_links":{"self":[{"href":"https:\/\/pararepublique.com\/index.php\/wp-json\/wp\/v2\/product\/14749","targetHints":{"allow":["GET"]}}],"collection":[{"href":"https:\/\/pararepublique.com\/index.php\/wp-json\/wp\/v2\/product"}],"about":[{"href":"https:\/\/pararepublique.com\/index.php\/wp-json\/wp\/v2\/types\/product"}],"replies":[{"embeddable":true,"href":"https:\/\/pararepublique.com\/index.php\/wp-json\/wp\/v2\/comments?post=14749"}],"version-history":[{"count":2,"href":"https:\/\/pararepublique.com\/index.php\/wp-json\/wp\/v2\/product\/14749\/revisions"}],"predecessor-version":[{"id":14752,"href":"https:\/\/pararepublique.com\/index.php\/wp-json\/wp\/v2\/product\/14749\/revisions\/14752"}],"wp:featuredmedia":[{"embeddable":true,"href":"https:\/\/pararepublique.com\/index.php\/wp-json\/wp\/v2\/media\/14750"}],"wp:attachment":[{"href":"https:\/\/pararepublique.com\/index.php\/wp-json\/wp\/v2\/media?parent=14749"}],"wp:term":[{"taxonomy":"product_cat","embeddable":true,"href":"https:\/\/pararepublique.com\/index.php\/wp-json\/wp\/v2\/product_cat?post=14749"},{"taxonomy":"product_tag","embeddable":true,"href":"https:\/\/pararepublique.com\/index.php\/wp-json\/wp\/v2\/product_tag?post=14749"}],"curies":[{"name":"wp","href":"https:\/\/api.w.org\/{rel}","templated":true}]}}