{"id":14757,"date":"2024-12-18T14:26:29","date_gmt":"2024-12-18T14:26:29","guid":{"rendered":"https:\/\/pararepublique.com\/?post_type=product&#038;p=14757"},"modified":"2024-12-18T14:26:30","modified_gmt":"2024-12-18T14:26:30","slug":"parfum-manifesto-eclat","status":"publish","type":"product","link":"https:\/\/pararepublique.com\/index.php\/product\/parfum-manifesto-eclat\/","title":{"rendered":"PARFUM MANIFESTO ECLAT"},"content":{"rendered":"<div class=\"WAZqE7 QfrfFD cell\">\n<section class=\"Va_ZoC\" data-hook=\"description-wrapper\">\n<div class=\"LvOu6J\">\n<div class=\"vaI0UH\" data-hook=\"content-wrapper\">\n<p>Lorsque le parfum Manifesto vit le jour, en 2012, il fut pr\u00e9sent\u00e9 comme \u00e9tant un manifeste de la f\u00e9minit\u00e9. Il incarnait alors l&rsquo;image d&rsquo;une femme passionn\u00e9e et se manifestait par une profonde intensit\u00e9. En effet, Manifesto est une essence de contrastes et d&rsquo;audace, alliant la s\u00e9duction, la libert\u00e9, l&rsquo;ind\u00e9pendance et l&rsquo;authenticit\u00e9. Son style unique et son temp\u00e9rament passionn\u00e9 en firent l&rsquo;un des grands succ\u00e8s de la maison Yves Saint-Laurent. \u00c0 ce titre, celui-ci fut r\u00e9interpr\u00e9t\u00e9 les ann\u00e9es suivantes. En 2013, Yves Saint-Laurent d\u00e9cida de cr\u00e9er Manifesto L\u2019Elixir, un jus encore plus myst\u00e9rieux et profond que son pr\u00e9d\u00e9cesseur. Puis, en 2014, il d\u00e9cida de carr\u00e9ment changer de bord. C&rsquo;est ainsi que Manifesto L\u2019Eclat fit son apparition. Celui-ci offre une nouvelle dimension \u00e0 cette collection parfum\u00e9e. Manifesto L\u2019Eclat est un jus lumineux, frais et p\u00e9tillant. Il est un nouvel hymne \u00e0 la f\u00e9minit\u00e9 audacieuse d\u2019Yves Saint-Laurent, sans doute plus adapt\u00e9 \u00e0 la saison estivale et pens\u00e9 telle une femme rayonnante et joviale.<\/p>\n<\/div>\n<\/div>\n<\/section>\n<\/div>\n","protected":false},"excerpt":{"rendered":"<p>La soudaine envie de fra\u00eecheur d&rsquo;Yves Saint-Laurent<\/p>\n","protected":false},"featured_media":14758,"comment_status":"open","ping_status":"closed","template":"","meta":{"inline_featured_image":false,"_monsterinsights_skip_tracking":false,"_monsterinsights_sitenote_active":false,"_monsterinsights_sitenote_note":"","_monsterinsights_sitenote_category":0,"_joinchat":[]},"product_cat":[106],"product_tag":[],"class_list":{"0":"post-14757","1":"product","2":"type-product","3":"status-publish","4":"has-post-thumbnail","6":"product_cat-parfumerie","8":"first","9":"instock","10":"shipping-taxable","11":"purchasable","12":"product-type-simple","13":"add-to-wishlist-after_add_to_cart"},"aioseo_notices":[],"_links":{"self":[{"href":"https:\/\/pararepublique.com\/index.php\/wp-json\/wp\/v2\/product\/14757","targetHints":{"allow":["GET"]}}],"collection":[{"href":"https:\/\/pararepublique.com\/index.php\/wp-json\/wp\/v2\/product"}],"about":[{"href":"https:\/\/pararepublique.com\/index.php\/wp-json\/wp\/v2\/types\/product"}],"replies":[{"embeddable":true,"href":"https:\/\/pararepublique.com\/index.php\/wp-json\/wp\/v2\/comments?post=14757"}],"version-history":[{"count":1,"href":"https:\/\/pararepublique.com\/index.php\/wp-json\/wp\/v2\/product\/14757\/revisions"}],"predecessor-version":[{"id":14759,"href":"https:\/\/pararepublique.com\/index.php\/wp-json\/wp\/v2\/product\/14757\/revisions\/14759"}],"wp:featuredmedia":[{"embeddable":true,"href":"https:\/\/pararepublique.com\/index.php\/wp-json\/wp\/v2\/media\/14758"}],"wp:attachment":[{"href":"https:\/\/pararepublique.com\/index.php\/wp-json\/wp\/v2\/media?parent=14757"}],"wp:term":[{"taxonomy":"product_cat","embeddable":true,"href":"https:\/\/pararepublique.com\/index.php\/wp-json\/wp\/v2\/product_cat?post=14757"},{"taxonomy":"product_tag","embeddable":true,"href":"https:\/\/pararepublique.com\/index.php\/wp-json\/wp\/v2\/product_tag?post=14757"}],"curies":[{"name":"wp","href":"https:\/\/api.w.org\/{rel}","templated":true}]}}