{"id":14763,"date":"2024-12-18T14:43:33","date_gmt":"2024-12-18T14:43:33","guid":{"rendered":"https:\/\/pararepublique.com\/?post_type=product&#038;p=14763"},"modified":"2024-12-18T14:43:34","modified_gmt":"2024-12-18T14:43:34","slug":"parfum-michael-kors-eau-de-parfum","status":"publish","type":"product","link":"https:\/\/pararepublique.com\/index.php\/product\/parfum-michael-kors-eau-de-parfum\/","title":{"rendered":"PARFUM MICHAEL KORS EAU DE PARFUM"},"content":{"rendered":"<div id=\"nav-details\" class=\"tab-pane fade show active product-details-tab-pane--js\" role=\"tabpanel\" aria-labelledby=\"nav-details-tab\">\n<div class=\"product-details-tabs__item\">\n<p>Michael\u00a0Kors Gorgeous est un parfum floral bois\u00e9 audacieux qui \u00e9voque la beaut\u00e9 \u00e0 l&rsquo;infini. Interpr\u00e9tation moderne d&rsquo;un bouquet classique de fleurs blanches, Michael\u00a0Kors Gorgeous s&rsquo;incarne en une composition florale captivante drap\u00e9e d&rsquo;un accord de tabac chaud et ancr\u00e9e dans une note finale bois\u00e9e. Capturez la sensation d&rsquo;une escapade luxueuse avec ce parfum de r\u00eave qui embellit tout.<\/p>\n<\/div>\n<div class=\"product-details-tabs__item\">\n<p>&nbsp;<\/p>\n<\/div>\n<\/div>\n","protected":false},"excerpt":{"rendered":"<p>Eau de parfum vaporisateur 100 ml \u00a0Flacon en verre<\/p>\n","protected":false},"featured_media":14764,"comment_status":"open","ping_status":"closed","template":"","meta":{"inline_featured_image":false,"_monsterinsights_skip_tracking":false,"_monsterinsights_sitenote_active":false,"_monsterinsights_sitenote_note":"","_monsterinsights_sitenote_category":0,"_joinchat":[]},"product_cat":[106],"product_tag":[],"class_list":{"0":"post-14763","1":"product","2":"type-product","3":"status-publish","4":"has-post-thumbnail","6":"product_cat-parfumerie","8":"first","9":"instock","10":"shipping-taxable","11":"purchasable","12":"product-type-simple","13":"add-to-wishlist-after_add_to_cart"},"aioseo_notices":[],"_links":{"self":[{"href":"https:\/\/pararepublique.com\/index.php\/wp-json\/wp\/v2\/product\/14763","targetHints":{"allow":["GET"]}}],"collection":[{"href":"https:\/\/pararepublique.com\/index.php\/wp-json\/wp\/v2\/product"}],"about":[{"href":"https:\/\/pararepublique.com\/index.php\/wp-json\/wp\/v2\/types\/product"}],"replies":[{"embeddable":true,"href":"https:\/\/pararepublique.com\/index.php\/wp-json\/wp\/v2\/comments?post=14763"}],"version-history":[{"count":1,"href":"https:\/\/pararepublique.com\/index.php\/wp-json\/wp\/v2\/product\/14763\/revisions"}],"predecessor-version":[{"id":14765,"href":"https:\/\/pararepublique.com\/index.php\/wp-json\/wp\/v2\/product\/14763\/revisions\/14765"}],"wp:featuredmedia":[{"embeddable":true,"href":"https:\/\/pararepublique.com\/index.php\/wp-json\/wp\/v2\/media\/14764"}],"wp:attachment":[{"href":"https:\/\/pararepublique.com\/index.php\/wp-json\/wp\/v2\/media?parent=14763"}],"wp:term":[{"taxonomy":"product_cat","embeddable":true,"href":"https:\/\/pararepublique.com\/index.php\/wp-json\/wp\/v2\/product_cat?post=14763"},{"taxonomy":"product_tag","embeddable":true,"href":"https:\/\/pararepublique.com\/index.php\/wp-json\/wp\/v2\/product_tag?post=14763"}],"curies":[{"name":"wp","href":"https:\/\/api.w.org\/{rel}","templated":true}]}}