{"id":14766,"date":"2024-12-18T15:30:49","date_gmt":"2024-12-18T15:30:49","guid":{"rendered":"https:\/\/pararepublique.com\/?post_type=product&#038;p=14766"},"modified":"2024-12-18T15:30:49","modified_gmt":"2024-12-18T15:30:49","slug":"parfum-miracle-lancome-edp-100ml","status":"publish","type":"product","link":"https:\/\/pararepublique.com\/index.php\/product\/parfum-miracle-lancome-edp-100ml\/","title":{"rendered":"PARFUM MIRACLE LANCOME EDP 100ML"},"content":{"rendered":"<p>Miracle est un parfum d\u2019\u00e9nergie, de r\u00e9v\u00e9lation. Une ode \u00e0 la facult\u00e9 de s\u2019\u00e9merveiller, de faire de chaque seconde de sa vie un miracle\u2026 et de toujours recommencer. Avec Miracle, Lanc\u00f4me s\u2019adresse \u00e0 la femme contemporaine, ma\u00eetresse de son destin, aussi belle que spirituelle, une silhouette \u00e0 la fois terrienne et a\u00e9rienne, un regard \u00e9nigmatique de beaut\u00e9. Un oriental moderne, avec un d\u00e9part fruit\u00e9 marqu\u00e9 par le litchi \u00e9corc\u00e9, et un coeur fleuri (magnolia et iris) \u00e9maill\u00e9 d\u2019effets gingembre et poivre, sur un fond riche de notes musqu\u00e9es et ambr\u00e9es.<\/p>\n","protected":false},"excerpt":{"rendered":"<p>Pyramide olfactive<br \/>\nNote de coeur : Poivre bourbon, Gingembre, Magnolia<\/p>\n<p>Note de fond : Rose damascena, Absolu jasmin, Musc, Ambre<\/p>\n<p>Note de t\u00eate : Freesia, Pivoine, Litchi, Baie rose<\/p>\n","protected":false},"featured_media":14767,"comment_status":"open","ping_status":"closed","template":"","meta":{"inline_featured_image":false,"_monsterinsights_skip_tracking":false,"_monsterinsights_sitenote_active":false,"_monsterinsights_sitenote_note":"","_monsterinsights_sitenote_category":0,"_joinchat":[]},"product_cat":[106],"product_tag":[],"class_list":{"0":"post-14766","1":"product","2":"type-product","3":"status-publish","4":"has-post-thumbnail","6":"product_cat-parfumerie","8":"first","9":"instock","10":"shipping-taxable","11":"purchasable","12":"product-type-simple","13":"add-to-wishlist-after_add_to_cart"},"aioseo_notices":[],"_links":{"self":[{"href":"https:\/\/pararepublique.com\/index.php\/wp-json\/wp\/v2\/product\/14766","targetHints":{"allow":["GET"]}}],"collection":[{"href":"https:\/\/pararepublique.com\/index.php\/wp-json\/wp\/v2\/product"}],"about":[{"href":"https:\/\/pararepublique.com\/index.php\/wp-json\/wp\/v2\/types\/product"}],"replies":[{"embeddable":true,"href":"https:\/\/pararepublique.com\/index.php\/wp-json\/wp\/v2\/comments?post=14766"}],"version-history":[{"count":1,"href":"https:\/\/pararepublique.com\/index.php\/wp-json\/wp\/v2\/product\/14766\/revisions"}],"predecessor-version":[{"id":14768,"href":"https:\/\/pararepublique.com\/index.php\/wp-json\/wp\/v2\/product\/14766\/revisions\/14768"}],"wp:featuredmedia":[{"embeddable":true,"href":"https:\/\/pararepublique.com\/index.php\/wp-json\/wp\/v2\/media\/14767"}],"wp:attachment":[{"href":"https:\/\/pararepublique.com\/index.php\/wp-json\/wp\/v2\/media?parent=14766"}],"wp:term":[{"taxonomy":"product_cat","embeddable":true,"href":"https:\/\/pararepublique.com\/index.php\/wp-json\/wp\/v2\/product_cat?post=14766"},{"taxonomy":"product_tag","embeddable":true,"href":"https:\/\/pararepublique.com\/index.php\/wp-json\/wp\/v2\/product_tag?post=14766"}],"curies":[{"name":"wp","href":"https:\/\/api.w.org\/{rel}","templated":true}]}}