{"id":14772,"date":"2024-12-18T15:47:01","date_gmt":"2024-12-18T15:47:01","guid":{"rendered":"https:\/\/pararepublique.com\/?post_type=product&#038;p=14772"},"modified":"2024-12-18T15:47:02","modified_gmt":"2024-12-18T15:47:02","slug":"parfum-miss-dior-absolutely","status":"publish","type":"product","link":"https:\/\/pararepublique.com\/index.php\/product\/parfum-miss-dior-absolutely\/","title":{"rendered":"PARFUM MISS DIOR ABSOLUTELY"},"content":{"rendered":"<p>Vif et color\u00e9, Miss Dior Absolutely Blooming est un parfum floral d\u00e9raisonnable auquel on ne cesse de revenir. De d\u00e9licieuses notes de fruits rouges acidul\u00e9s sont brod\u00e9es sur un accord de pivoines fra\u00eeches. Exalt\u00e9e par un sublime duo de rose de Grasse et de rose damascena, cette \u00e9closion infinie de fleurs fra\u00eeches est confort\u00e9e par un fond de notes de muscs blancs. Une harmonie olfactive positive et souriante pour une Miss Dior espi\u00e8gle et irr\u00e9sistible.<\/p>\n","protected":false},"excerpt":{"rendered":"<p>Miss Dior Absolutely Blooming est un parfum irr\u00e9sistible qui respire la f\u00e9minit\u00e9 et la sophistication.<\/p>\n","protected":false},"featured_media":14774,"comment_status":"open","ping_status":"closed","template":"","meta":{"inline_featured_image":false,"_monsterinsights_skip_tracking":false,"_monsterinsights_sitenote_active":false,"_monsterinsights_sitenote_note":"","_monsterinsights_sitenote_category":0,"_joinchat":[]},"product_cat":[106],"product_tag":[],"class_list":{"0":"post-14772","1":"product","2":"type-product","3":"status-publish","4":"has-post-thumbnail","6":"product_cat-parfumerie","8":"first","9":"instock","10":"shipping-taxable","11":"purchasable","12":"product-type-simple","13":"add-to-wishlist-after_add_to_cart"},"aioseo_notices":[],"_links":{"self":[{"href":"https:\/\/pararepublique.com\/index.php\/wp-json\/wp\/v2\/product\/14772","targetHints":{"allow":["GET"]}}],"collection":[{"href":"https:\/\/pararepublique.com\/index.php\/wp-json\/wp\/v2\/product"}],"about":[{"href":"https:\/\/pararepublique.com\/index.php\/wp-json\/wp\/v2\/types\/product"}],"replies":[{"embeddable":true,"href":"https:\/\/pararepublique.com\/index.php\/wp-json\/wp\/v2\/comments?post=14772"}],"version-history":[{"count":1,"href":"https:\/\/pararepublique.com\/index.php\/wp-json\/wp\/v2\/product\/14772\/revisions"}],"predecessor-version":[{"id":14775,"href":"https:\/\/pararepublique.com\/index.php\/wp-json\/wp\/v2\/product\/14772\/revisions\/14775"}],"wp:featuredmedia":[{"embeddable":true,"href":"https:\/\/pararepublique.com\/index.php\/wp-json\/wp\/v2\/media\/14774"}],"wp:attachment":[{"href":"https:\/\/pararepublique.com\/index.php\/wp-json\/wp\/v2\/media?parent=14772"}],"wp:term":[{"taxonomy":"product_cat","embeddable":true,"href":"https:\/\/pararepublique.com\/index.php\/wp-json\/wp\/v2\/product_cat?post=14772"},{"taxonomy":"product_tag","embeddable":true,"href":"https:\/\/pararepublique.com\/index.php\/wp-json\/wp\/v2\/product_tag?post=14772"}],"curies":[{"name":"wp","href":"https:\/\/api.w.org\/{rel}","templated":true}]}}