{"id":14783,"date":"2024-12-18T16:11:04","date_gmt":"2024-12-18T16:11:04","guid":{"rendered":"https:\/\/pararepublique.com\/?post_type=product&#038;p=14783"},"modified":"2024-12-18T16:11:05","modified_gmt":"2024-12-18T16:11:05","slug":"parfum-mon-blanc-femme-75ml","status":"publish","type":"product","link":"https:\/\/pararepublique.com\/index.php\/product\/parfum-mon-blanc-femme-75ml\/","title":{"rendered":"PARFUM MON BLANC FEMME 75ML"},"content":{"rendered":"<p>Laissez-vous surprendre par le parfum de marque\u00a0<strong>Parfum Femme Montblanc EDT Femme Individuelle (75 ml)<\/strong> et faites ressortir votre f\u00e9minit\u00e9 en portant ce <strong>parfum femme <\/strong><strong>100 % authentique<\/strong>. Sa composition unique exalte un parfum \u00e0 votre image. D\u00e9couvrez sans plus tarder nos produits <strong>Montblanc 100 % authentiques<\/strong> !<\/p>\n<ul>\n<li>Genre: Femme<\/li>\n<li>Type: EDT (Eau de Toilette)<\/li>\n<li>Capacit\u00e9: 75 ml<\/li>\n<li>Nom du parfum: Femme Individuelle<\/li>\n<\/ul>\n","protected":false},"excerpt":{"rendered":"<p>Parfum Femme Montblanc EDT Femme Individuelle 75 ml. D\u00e9sormais disponible \u00e0 Dakar \u2013 S\u00e9n\u00e9gal \u00e0 un prix extraordinaire qui d\u00e9fie toute attente. \u00c9levez votre style de vie, red\u00e9finissez vos normes et plongez dans un monde de qualit\u00e9 sup\u00e9rieure<\/p>\n","protected":false},"featured_media":14784,"comment_status":"open","ping_status":"closed","template":"","meta":{"inline_featured_image":false,"_monsterinsights_skip_tracking":false,"_monsterinsights_sitenote_active":false,"_monsterinsights_sitenote_note":"","_monsterinsights_sitenote_category":0,"_joinchat":[]},"product_cat":[106],"product_tag":[],"class_list":{"0":"post-14783","1":"product","2":"type-product","3":"status-publish","4":"has-post-thumbnail","6":"product_cat-parfumerie","8":"first","9":"instock","10":"shipping-taxable","11":"purchasable","12":"product-type-simple","13":"add-to-wishlist-after_add_to_cart"},"aioseo_notices":[],"_links":{"self":[{"href":"https:\/\/pararepublique.com\/index.php\/wp-json\/wp\/v2\/product\/14783","targetHints":{"allow":["GET"]}}],"collection":[{"href":"https:\/\/pararepublique.com\/index.php\/wp-json\/wp\/v2\/product"}],"about":[{"href":"https:\/\/pararepublique.com\/index.php\/wp-json\/wp\/v2\/types\/product"}],"replies":[{"embeddable":true,"href":"https:\/\/pararepublique.com\/index.php\/wp-json\/wp\/v2\/comments?post=14783"}],"version-history":[{"count":1,"href":"https:\/\/pararepublique.com\/index.php\/wp-json\/wp\/v2\/product\/14783\/revisions"}],"predecessor-version":[{"id":14785,"href":"https:\/\/pararepublique.com\/index.php\/wp-json\/wp\/v2\/product\/14783\/revisions\/14785"}],"wp:featuredmedia":[{"embeddable":true,"href":"https:\/\/pararepublique.com\/index.php\/wp-json\/wp\/v2\/media\/14784"}],"wp:attachment":[{"href":"https:\/\/pararepublique.com\/index.php\/wp-json\/wp\/v2\/media?parent=14783"}],"wp:term":[{"taxonomy":"product_cat","embeddable":true,"href":"https:\/\/pararepublique.com\/index.php\/wp-json\/wp\/v2\/product_cat?post=14783"},{"taxonomy":"product_tag","embeddable":true,"href":"https:\/\/pararepublique.com\/index.php\/wp-json\/wp\/v2\/product_tag?post=14783"}],"curies":[{"name":"wp","href":"https:\/\/api.w.org\/{rel}","templated":true}]}}